{"id":48475,"date":"2024-12-17T11:37:45","date_gmt":"2024-12-17T11:37:45","guid":{"rendered":"https:\/\/murter.riot.hr\/?page_id=48475"},"modified":"2025-01-13T18:53:12","modified_gmt":"2025-01-13T18:53:12","slug":"zahlungsmethoden","status":"publish","type":"page","link":"https:\/\/murter-online.com\/de\/zahlungsmethoden\/","title":{"rendered":"Zahlungsmethoden"},"content":{"rendered":"\t\t<div data-elementor-type=\"wp-page\" data-elementor-id=\"48475\" class=\"elementor elementor-48475 elementor-10211\" data-elementor-settings=\"{&quot;element_pack_global_tooltip_width&quot;:{&quot;unit&quot;:&quot;px&quot;,&quot;size&quot;:&quot;&quot;,&quot;sizes&quot;:[]},&quot;element_pack_global_tooltip_width_tablet&quot;:{&quot;unit&quot;:&quot;px&quot;,&quot;size&quot;:&quot;&quot;,&quot;sizes&quot;:[]},&quot;element_pack_global_tooltip_width_mobile&quot;:{&quot;unit&quot;:&quot;px&quot;,&quot;size&quot;:&quot;&quot;,&quot;sizes&quot;:[]},&quot;element_pack_global_tooltip_padding&quot;:{&quot;unit&quot;:&quot;px&quot;,&quot;top&quot;:&quot;&quot;,&quot;right&quot;:&quot;&quot;,&quot;bottom&quot;:&quot;&quot;,&quot;left&quot;:&quot;&quot;,&quot;isLinked&quot;:true},&quot;element_pack_global_tooltip_padding_tablet&quot;:{&quot;unit&quot;:&quot;px&quot;,&quot;top&quot;:&quot;&quot;,&quot;right&quot;:&quot;&quot;,&quot;bottom&quot;:&quot;&quot;,&quot;left&quot;:&quot;&quot;,&quot;isLinked&quot;:true},&quot;element_pack_global_tooltip_padding_mobile&quot;:{&quot;unit&quot;:&quot;px&quot;,&quot;top&quot;:&quot;&quot;,&quot;right&quot;:&quot;&quot;,&quot;bottom&quot;:&quot;&quot;,&quot;left&quot;:&quot;&quot;,&quot;isLinked&quot;:true},&quot;element_pack_global_tooltip_border_radius&quot;:{&quot;unit&quot;:&quot;px&quot;,&quot;top&quot;:&quot;&quot;,&quot;right&quot;:&quot;&quot;,&quot;bottom&quot;:&quot;&quot;,&quot;left&quot;:&quot;&quot;,&quot;isLinked&quot;:true},&quot;element_pack_global_tooltip_border_radius_tablet&quot;:{&quot;unit&quot;:&quot;px&quot;,&quot;top&quot;:&quot;&quot;,&quot;right&quot;:&quot;&quot;,&quot;bottom&quot;:&quot;&quot;,&quot;left&quot;:&quot;&quot;,&quot;isLinked&quot;:true},&quot;element_pack_global_tooltip_border_radius_mobile&quot;:{&quot;unit&quot;:&quot;px&quot;,&quot;top&quot;:&quot;&quot;,&quot;right&quot;:&quot;&quot;,&quot;bottom&quot;:&quot;&quot;,&quot;left&quot;:&quot;&quot;,&quot;isLinked&quot;:true}}\">\n\t\t\t\t<div class=\"elementor-element elementor-element-1bd9a4d e-flex e-con-boxed e-con e-parent\" data-id=\"1bd9a4d\" data-element_type=\"container\" data-e-type=\"container\" data-settings=\"{&quot;background_background&quot;:&quot;classic&quot;}\">\n\t\t\t\t\t<div class=\"e-con-inner\">\n\t\t\t\t<div class=\"elementor-element elementor-element-5700d58 elementor-widget elementor-widget-heading\" data-id=\"5700d58\" data-element_type=\"widget\" data-e-type=\"widget\" data-widget_type=\"heading.default\">\n\t\t\t\t<div class=\"elementor-widget-container\">\n\t\t\t\t\t<h1 class=\"elementor-heading-title elementor-size-default\">Zahlungsmethoden<\/h1>\t\t\t\t<\/div>\n\t\t\t\t<\/div>\n\t\t\t\t\t<\/div>\n\t\t\t\t<\/div>\n\t\t<div class=\"elementor-element elementor-element-0a29bf5 e-flex e-con-boxed e-con e-parent\" data-id=\"0a29bf5\" data-element_type=\"container\" data-e-type=\"container\">\n\t\t\t\t\t<div class=\"e-con-inner\">\n\t\t\t\t<div class=\"elementor-element elementor-element-31e0e39 elementor-widget elementor-widget-text-editor\" data-id=\"31e0e39\" data-element_type=\"widget\" data-e-type=\"widget\" data-widget_type=\"text-editor.default\">\n\t\t\t\t<div class=\"elementor-widget-container\">\n\t\t\t\t\t\t\t\t\t<h2 class=\"mb-4\">Zahlungsmethoden<\/h2><div><p><br \/>In einer Spalte &#8222;Zahlungsmethoden&#8220; finden Sie Informationen dazu, wie Sie eine Anzahlung f\u00fcr eine ausgew\u00e4hlte Unterkunft leisten und wie Sie eine geeignete Zahlungsmethode finden.<\/p><p><br \/>1. Barzahlung beim Tourismusb\u00fcro Murter-online.com<br \/>\u00a0 \u00a0 Beg\u00fcnstigter: Craft for Services &#8211; Tourismusb\u00fcro Murter-online.com, Fausta Vran\u010di\u0107a 5, 22243 Murter, Kroatien<\/p><p><br \/>2. Per Postanweisung<br \/>\u00a0 \u00a0 Zahlungsempf\u00e4nger: Vor- und Nachname sowie die Adresse der Person, die eine Reservierung vornimmt<br \/>\u00a0 \u00a0 Betrag: Der Betrag der Vorauszahlung gem\u00e4\u00df der Pro-forma-Rechnung<br \/>\u00a0 \u00a0 Zahlungszweck: Buchung einer Unterkunft<br \/>\u00a0 \u00a0 Beg\u00fcnstigter: Craft for Services &#8211; Tourismusb\u00fcro Murter-online.com, Fausta Vran\u010di\u0107a 5, 22243 Murter, Kroatien<\/p><p><br \/>3. Zahlung auf das Girokonto der Agentur (Zahlung nur innerhalb der Republik Kroatien)<br \/>\u00a0 \u00a0 Zahlungsempf\u00e4nger: Vor- und Nachname sowie die Adresse der Person, die eine Reservierung vornimmt<br \/>\u00a0 \u00a0 Betrag: Der Betrag der Vorauszahlung gem\u00e4\u00df der Pro-forma-Rechnung<br \/>\u00a0 \u00a0 Zahlungszweck: Buchung einer Unterkunft<br \/>\u00a0 \u00a0 Beg\u00fcnstigter: Craft for Services &#8211; Tourismusb\u00fcro Murter-online.com, Fausta Vran\u010di\u0107a 5, 22243 Murter, Kroatien<br \/>\u00a0 \u00a0<\/p><p>\u00a0 \u00a0 IBAN: HR6523400091160618318<br \/>\u00a0 \u00a0 SWIFT-CODE: PBZGHR2X<br \/>\u00a0 \u00a0 PRIVREDNA BANKA ZAGREB d.d.<br \/>\u00a0 \u00a0 KROATIEN<\/p><p><br \/>4. Zahlung auf das Devisenkonto der Agentur (Zahlung au\u00dferhalb der Republik Kroatien)<br \/>\u00a0 \u00a0 Zahlungsempf\u00e4nger: Vor- und Nachname sowie die Adresse der Person, die eine Reservierung vornimmt<br \/>\u00a0 \u00a0 Betrag: Der Betrag der Vorauszahlung gem\u00e4\u00df der Pro-forma-Rechnung<br \/>\u00a0 \u00a0 Zahlungszweck: Buchung einer Unterkunft<br \/>\u00a0 \u00a0 Beg\u00fcnstigter: Craft for Services &#8211; Tourismusb\u00fcro Murter-online.com, Fausta Vran\u010di\u0107a 5, 22243 Murter, Kroatien<\/p><p>\u00a0 \u00a0 IBAN: HR6523400091160618318<br \/>\u00a0 \u00a0 SWIFT-CODE: PBZGHR2X<br \/>\u00a0 \u00a0 PRIVREDNA BANKA ZAGREB d.d.<br \/>\u00a0 \u00a0 KROATIEN<\/p><\/div>\t\t\t\t\t\t\t\t<\/div>\n\t\t\t\t<\/div>\n\t\t\t\t\t<\/div>\n\t\t\t\t<\/div>\n\t\t\t\t<\/div>\n\t\t","protected":false},"excerpt":{"rendered":"<p>Zahlungsmethoden Zahlungsmethoden In einer Spalte &#8222;Zahlungsmethoden&#8220; finden Sie Informationen dazu, wie Sie eine Anzahlung f\u00fcr eine ausgew\u00e4hlte Unterkunft leisten und wie Sie eine geeignete Zahlungsmethode finden. 1. Barzahlung beim Tourismusb\u00fcro Murter-online.com\u00a0 \u00a0 Beg\u00fcnstigter: Craft for Services &#8211; Tourismusb\u00fcro Murter-online.com, Fausta Vran\u010di\u0107a 5, 22243 Murter, Kroatien 2. Per Postanweisung\u00a0 \u00a0 Zahlungsempf\u00e4nger: Vor- und Nachname sowie die [&hellip;]<\/p>\n","protected":false},"author":2,"featured_media":0,"parent":0,"menu_order":0,"comment_status":"closed","ping_status":"closed","template":"","meta":{"_acf_changed":false,"footnotes":""},"class_list":["post-48475","page","type-page","status-publish","hentry"],"acf":[],"_links":{"self":[{"href":"https:\/\/murter-online.com\/de\/wp-json\/wp\/v2\/pages\/48475","targetHints":{"allow":["GET"]}}],"collection":[{"href":"https:\/\/murter-online.com\/de\/wp-json\/wp\/v2\/pages"}],"about":[{"href":"https:\/\/murter-online.com\/de\/wp-json\/wp\/v2\/types\/page"}],"author":[{"embeddable":true,"href":"https:\/\/murter-online.com\/de\/wp-json\/wp\/v2\/users\/2"}],"replies":[{"embeddable":true,"href":"https:\/\/murter-online.com\/de\/wp-json\/wp\/v2\/comments?post=48475"}],"version-history":[{"count":4,"href":"https:\/\/murter-online.com\/de\/wp-json\/wp\/v2\/pages\/48475\/revisions"}],"predecessor-version":[{"id":48479,"href":"https:\/\/murter-online.com\/de\/wp-json\/wp\/v2\/pages\/48475\/revisions\/48479"}],"wp:attachment":[{"href":"https:\/\/murter-online.com\/de\/wp-json\/wp\/v2\/media?parent=48475"}],"curies":[{"name":"wp","href":"https:\/\/api.w.org\/{rel}","templated":true}]}}