{"id":48515,"date":"2024-12-17T11:41:14","date_gmt":"2024-12-17T11:41:14","guid":{"rendered":"https:\/\/murter.riot.hr\/?page_id=48515"},"modified":"2025-01-13T19:06:14","modified_gmt":"2025-01-13T19:06:14","slug":"gdpr","status":"publish","type":"page","link":"https:\/\/murter-online.com\/de\/gdpr\/","title":{"rendered":"GDPR"},"content":{"rendered":"\t\t<div data-elementor-type=\"wp-page\" data-elementor-id=\"48515\" class=\"elementor elementor-48515 elementor-10217\" data-elementor-settings=\"{&quot;element_pack_global_tooltip_width&quot;:{&quot;unit&quot;:&quot;px&quot;,&quot;size&quot;:&quot;&quot;,&quot;sizes&quot;:[]},&quot;element_pack_global_tooltip_width_tablet&quot;:{&quot;unit&quot;:&quot;px&quot;,&quot;size&quot;:&quot;&quot;,&quot;sizes&quot;:[]},&quot;element_pack_global_tooltip_width_mobile&quot;:{&quot;unit&quot;:&quot;px&quot;,&quot;size&quot;:&quot;&quot;,&quot;sizes&quot;:[]},&quot;element_pack_global_tooltip_padding&quot;:{&quot;unit&quot;:&quot;px&quot;,&quot;top&quot;:&quot;&quot;,&quot;right&quot;:&quot;&quot;,&quot;bottom&quot;:&quot;&quot;,&quot;left&quot;:&quot;&quot;,&quot;isLinked&quot;:true},&quot;element_pack_global_tooltip_padding_tablet&quot;:{&quot;unit&quot;:&quot;px&quot;,&quot;top&quot;:&quot;&quot;,&quot;right&quot;:&quot;&quot;,&quot;bottom&quot;:&quot;&quot;,&quot;left&quot;:&quot;&quot;,&quot;isLinked&quot;:true},&quot;element_pack_global_tooltip_padding_mobile&quot;:{&quot;unit&quot;:&quot;px&quot;,&quot;top&quot;:&quot;&quot;,&quot;right&quot;:&quot;&quot;,&quot;bottom&quot;:&quot;&quot;,&quot;left&quot;:&quot;&quot;,&quot;isLinked&quot;:true},&quot;element_pack_global_tooltip_border_radius&quot;:{&quot;unit&quot;:&quot;px&quot;,&quot;top&quot;:&quot;&quot;,&quot;right&quot;:&quot;&quot;,&quot;bottom&quot;:&quot;&quot;,&quot;left&quot;:&quot;&quot;,&quot;isLinked&quot;:true},&quot;element_pack_global_tooltip_border_radius_tablet&quot;:{&quot;unit&quot;:&quot;px&quot;,&quot;top&quot;:&quot;&quot;,&quot;right&quot;:&quot;&quot;,&quot;bottom&quot;:&quot;&quot;,&quot;left&quot;:&quot;&quot;,&quot;isLinked&quot;:true},&quot;element_pack_global_tooltip_border_radius_mobile&quot;:{&quot;unit&quot;:&quot;px&quot;,&quot;top&quot;:&quot;&quot;,&quot;right&quot;:&quot;&quot;,&quot;bottom&quot;:&quot;&quot;,&quot;left&quot;:&quot;&quot;,&quot;isLinked&quot;:true}}\">\n\t\t\t\t<div class=\"elementor-element elementor-element-371472b e-flex e-con-boxed e-con e-parent\" data-id=\"371472b\" data-element_type=\"container\" data-e-type=\"container\" data-settings=\"{&quot;background_background&quot;:&quot;classic&quot;}\">\n\t\t\t\t\t<div class=\"e-con-inner\">\n\t\t\t\t<div class=\"elementor-element elementor-element-7394ba3 elementor-widget elementor-widget-heading\" data-id=\"7394ba3\" data-element_type=\"widget\" data-e-type=\"widget\" data-widget_type=\"heading.default\">\n\t\t\t\t<div class=\"elementor-widget-container\">\n\t\t\t\t\t<h1 class=\"elementor-heading-title elementor-size-default\">GDPR<\/h1>\t\t\t\t<\/div>\n\t\t\t\t<\/div>\n\t\t\t\t\t<\/div>\n\t\t\t\t<\/div>\n\t\t<div class=\"elementor-element elementor-element-a91d349 e-flex e-con-boxed e-con e-parent\" data-id=\"a91d349\" data-element_type=\"container\" data-e-type=\"container\">\n\t\t\t\t\t<div class=\"e-con-inner\">\n\t\t\t\t<div class=\"elementor-element elementor-element-8b78a76 elementor-widget elementor-widget-text-editor\" data-id=\"8b78a76\" data-element_type=\"widget\" data-e-type=\"widget\" data-widget_type=\"text-editor.default\">\n\t\t\t\t<div class=\"elementor-widget-container\">\n\t\t\t\t\t\t\t\t\t<h2 class=\"mb-4\">GDPR<\/h2><div><p><br \/>Hiermit wird beschrieben wie TOURIST AGENCY MURTER-ONLINE.COM, Fuasta Vran\u010di\u0107a 5, 22243 Murter, Steuernummer: 76333440164 (hierauffolgend: TOURIST AGENCY MURTER-ONLINE.COM) personenbezogene Daten verarbeitet.<\/p><p><br \/>Die Datenschutzerkl\u00e4rung tritt in Anwendung in Bezug auf alle personenbezogene Daten der Nutze, die wir erheben und verarbeiten. Die auf unserer Website erhobenen Kontaktdaten werden weder ver\u00f6ffentlicht noch f\u00fcr andere Zwecke verwendet, au\u00dfer dem Zweck, ihre Anfrage per E-Mail zu beantworten.<\/p><p><br \/>Sie stellen Ihre personenbezogenen Daten zu dem oben genannten Zweck zur Verf\u00fcgung, was Sie mit Ihrer klaren und eindeutigen Einwilligung best\u00e4tigen. Die angef\u00fchrten Daten sind erforderlich, um die Zwecke zu erf\u00fcllen, zu denen sie erhoben werden, und sie werden zu keinem anderen Zweck verwendet ohne zuvor Ihre explizite Einwilligung eingeholt zu haben. Wenn Sie uns hieraus folgend die ersuchten personenbezogenen Daten nicht \u00fcbermitteln wollen, kann TOURIST AGENCY MURTER-ONLINE.COM Ihre Anfrage nicht bearbeiten\/beantworten.<\/p><p><br \/>Wir m\u00f6chten Sie darauf hinweisen, dass Sie jederzeit die Einwilligung zur Verarbeitung Ihrer personenbezogener Daten ohne Folgen widerrufen k\u00f6nnen und dass wir Ihre Anfrage schnellstm\u00f6glich beantworten werden. Nach dem Widerruf Ihrer Einwilligung werden Ihre personenbezogenen Daten weiter nicht verarbeitet und sie werden im Einklang mit dem internen Akt von TOURIST AGENCY MURTER-ONLINE.COM gel\u00f6scht oder auf sichere Weise vernichtet.<\/p><p><br \/>Ihre personenbezogenen Daten werden an Dritte nicht \u00fcbermittelt. Sollen Sie Ihre personenbezogenen Daten f\u00fcr Nutzungszwecke an Dritte \u00fcbergeben, wird TOURIST AGENCY MURTER-ONLINE.COM Sie vorher informieren, gem\u00e4\u00df den geltenden Vorschriften zum Schutz personenbezogener Daten.<\/p><p><br \/>Ihre personenbezogenen Daten werden an Drittl\u00e4nder oder internationale Organisationen nicht \u00fcbermittelt.<\/p><p><br \/>TOURIST AGENCY MURTER-ONLINE.COM wird Ihre personenbezogenen Daten dem beschriebenen Zweck folgend verarbeiten, f\u00fcr die Zeitdauer, die f\u00fcr ihre Verarbeitung zur Erf\u00fcllung des Erhebungszwecks erforderlich ist. Die maximale Zeitdauer wird durch einen internen Akt, der die Verarbeitung und Speicherung dieser Daten regelt, bestimmt.<\/p><p><br \/>F\u00fcr alle Fragen und Informationen bzgl. Wahrung Ihrer Rechte auf den Schutz personenbezogener Daten, wenden Sie sich per E-Mail an die Adresse info@murter-online.com<\/p><p><br \/>Cookies<br \/>Von Zeit zu Zeit speichern wir kleine Textdateien, bekannt als Cookies, auf Ihrem Endger\u00e4t, um sicherzustellen, dass diese Website optimal funktioniert.<\/p><p><br \/>Was sind Cookies?<br \/>Ein Cookie ist eine kleine Textdatei, die auf Ihrem Computer oder Handy bei Ihrem Aufruf einer gewissen Website gespeichert wird. Mithilfe des Cookies memoriert die Website Ihre Aktivit\u00e4ten und gew\u00fcnschte Einstellungen (wie z.B. Ihren Username, Sprache, Schriftgr\u00f6\u00dfe und andere Einstellungen, die sich auf die Darstellung der Website beziehen) \u00fcber einen l\u00e4ngeren Zeitraum, so dass man diese bei einem erneutem Besuch der Website oder beim Navigieren zwischen verschiedenen Seiten nicht noch einmal eintragen muss.\u00a0<\/p><p><br \/>Wie werden Cookies benutzt?<br \/>Auf einigen unseren Seiten nutzen wir Cookies, die nicht unbedingt zur Darstellung der Website n\u00f6tig sind, aber sie tragen zu einer besseren Browser Experience bei. Diese Cookies k\u00f6nnen Sie l\u00f6schen oder blockieren, aber wenn Sie das tun, werden Sie auf einige Funktionen auf der Website nicht zugreifen k\u00f6nnen oder nur mit Einschr\u00e4nkung. Mithilfe der Cookies werden folgende Daten gespeichert:<\/p><p><br \/>die Sprache de Browsers,<\/p><p>bei Webshops Produkte im Warenkorb oder auf der Wunschliste,<\/p><p>ob Sie unserer Nutzung der Cookies auf dieser Website zugesagt oder nicht zugesagt haben<\/p><p>Personenbezogene Daten<br \/>Die Informationen verbunden mit den Cookies dienen nicht zu Ihrer Identifizierung und die Daten \u00fcber Ihr Surf-Verhalten werden von uns streng \u00fcberwacht. Wir nutzen Cookies f\u00fcr keine anderen Zwecke als f\u00fcr die, die wir hier erl\u00e4utert haben.<\/p><p><br \/>Cookies dritter Dienstleister<br \/>Zu statistischen Zwecken nutzen wir gelegentlich auch andere Dienstleister f\u00fcr die Beobachtung der Websitenutzung, so z.B. den Dienst \u201cGoogle Analytics\u201d. Dadurch speichert Google seine Cookies, die sog. Cookies dritter Dienstleister, auf Ihr Ger\u00e4t. Dasselbe geschieht mit der Nutzung des Dienstes\u201cGoogle Maps\u201d.<\/p><p>Wie sind Cookies zu kontrollieren?<br \/>Die Cookies k\u00f6nnen Sie nach Ihrem Wunsch kontrollieren\/oder l\u00f6schen. Sie k\u00f6nnen alle schon auf Ihrem Computer gespeicherten Cookies l\u00f6schen, w\u00e4hrend die meisten Browsereinstellungen das Speichern von Cookies nucht gew\u00e4hrleisten. Wenn Sie die Cookies blockieren, m\u00fcssen Sie wahrscheinlich bei jedem Websitebesuch einige Einstellungen manuell bewirken, wobei bestimmte Services und Funktionen nicht funktionsf\u00e4hig sein k\u00f6nnten. Wenn Sie auf Ihrem Computer keine Cookies zulassen m\u00f6chten, dann k\u00f6nnen Sie dem Browser anordnen, Sie zu benachrichtigen, sobald dieser Cookies entdeckt oder Sie k\u00f6nnen alle Cookies automatisch ablehnen. Sie k\u00f6nnen auch alle schon erhaltenen Cookies l\u00f6schen. Wenn Sie die schon installierten Cookies einschr\u00e4nken oder blockieren wollen, k\u00f6nnen Sie das mittels der Einstellungen Ihres Browsers machen. Wie das machbar ist, erfahren Sie wenn auf der Website www.aboutcookies.org clicken. Dort finden Sie detaillierte Anweisungen, die sich auf unterschiedliche Browser beziehen.<\/p><\/div>\t\t\t\t\t\t\t\t<\/div>\n\t\t\t\t<\/div>\n\t\t\t\t\t<\/div>\n\t\t\t\t<\/div>\n\t\t\t\t<\/div>\n\t\t","protected":false},"excerpt":{"rendered":"<p>GDPR GDPR Hiermit wird beschrieben wie TOURIST AGENCY MURTER-ONLINE.COM, Fuasta Vran\u010di\u0107a 5, 22243 Murter, Steuernummer: 76333440164 (hierauffolgend: TOURIST AGENCY MURTER-ONLINE.COM) personenbezogene Daten verarbeitet. Die Datenschutzerkl\u00e4rung tritt in Anwendung in Bezug auf alle personenbezogene Daten der Nutze, die wir erheben und verarbeiten. Die auf unserer Website erhobenen Kontaktdaten werden weder ver\u00f6ffentlicht noch f\u00fcr andere Zwecke verwendet, [&hellip;]<\/p>\n","protected":false},"author":2,"featured_media":0,"parent":0,"menu_order":0,"comment_status":"closed","ping_status":"closed","template":"","meta":{"_acf_changed":false,"footnotes":""},"class_list":["post-48515","page","type-page","status-publish","hentry"],"acf":[],"_links":{"self":[{"href":"https:\/\/murter-online.com\/de\/wp-json\/wp\/v2\/pages\/48515","targetHints":{"allow":["GET"]}}],"collection":[{"href":"https:\/\/murter-online.com\/de\/wp-json\/wp\/v2\/pages"}],"about":[{"href":"https:\/\/murter-online.com\/de\/wp-json\/wp\/v2\/types\/page"}],"author":[{"embeddable":true,"href":"https:\/\/murter-online.com\/de\/wp-json\/wp\/v2\/users\/2"}],"replies":[{"embeddable":true,"href":"https:\/\/murter-online.com\/de\/wp-json\/wp\/v2\/comments?post=48515"}],"version-history":[{"count":4,"href":"https:\/\/murter-online.com\/de\/wp-json\/wp\/v2\/pages\/48515\/revisions"}],"predecessor-version":[{"id":48519,"href":"https:\/\/murter-online.com\/de\/wp-json\/wp\/v2\/pages\/48515\/revisions\/48519"}],"wp:attachment":[{"href":"https:\/\/murter-online.com\/de\/wp-json\/wp\/v2\/media?parent=48515"}],"curies":[{"name":"wp","href":"https:\/\/api.w.org\/{rel}","templated":true}]}}