{"id":48544,"date":"2024-12-17T11:43:47","date_gmt":"2024-12-17T11:43:47","guid":{"rendered":"https:\/\/murter.riot.hr\/?page_id=48544"},"modified":"2025-01-13T19:16:17","modified_gmt":"2025-01-13T19:16:17","slug":"hinweis-zu-beschwerden","status":"publish","type":"page","link":"https:\/\/murter-online.com\/de\/hinweis-zu-beschwerden\/","title":{"rendered":"Hinweis zu Beschwerden"},"content":{"rendered":"\t\t<div data-elementor-type=\"wp-page\" data-elementor-id=\"48544\" class=\"elementor elementor-48544 elementor-10225\" data-elementor-settings=\"{&quot;element_pack_global_tooltip_width&quot;:{&quot;unit&quot;:&quot;px&quot;,&quot;size&quot;:&quot;&quot;,&quot;sizes&quot;:[]},&quot;element_pack_global_tooltip_width_tablet&quot;:{&quot;unit&quot;:&quot;px&quot;,&quot;size&quot;:&quot;&quot;,&quot;sizes&quot;:[]},&quot;element_pack_global_tooltip_width_mobile&quot;:{&quot;unit&quot;:&quot;px&quot;,&quot;size&quot;:&quot;&quot;,&quot;sizes&quot;:[]},&quot;element_pack_global_tooltip_padding&quot;:{&quot;unit&quot;:&quot;px&quot;,&quot;top&quot;:&quot;&quot;,&quot;right&quot;:&quot;&quot;,&quot;bottom&quot;:&quot;&quot;,&quot;left&quot;:&quot;&quot;,&quot;isLinked&quot;:true},&quot;element_pack_global_tooltip_padding_tablet&quot;:{&quot;unit&quot;:&quot;px&quot;,&quot;top&quot;:&quot;&quot;,&quot;right&quot;:&quot;&quot;,&quot;bottom&quot;:&quot;&quot;,&quot;left&quot;:&quot;&quot;,&quot;isLinked&quot;:true},&quot;element_pack_global_tooltip_padding_mobile&quot;:{&quot;unit&quot;:&quot;px&quot;,&quot;top&quot;:&quot;&quot;,&quot;right&quot;:&quot;&quot;,&quot;bottom&quot;:&quot;&quot;,&quot;left&quot;:&quot;&quot;,&quot;isLinked&quot;:true},&quot;element_pack_global_tooltip_border_radius&quot;:{&quot;unit&quot;:&quot;px&quot;,&quot;top&quot;:&quot;&quot;,&quot;right&quot;:&quot;&quot;,&quot;bottom&quot;:&quot;&quot;,&quot;left&quot;:&quot;&quot;,&quot;isLinked&quot;:true},&quot;element_pack_global_tooltip_border_radius_tablet&quot;:{&quot;unit&quot;:&quot;px&quot;,&quot;top&quot;:&quot;&quot;,&quot;right&quot;:&quot;&quot;,&quot;bottom&quot;:&quot;&quot;,&quot;left&quot;:&quot;&quot;,&quot;isLinked&quot;:true},&quot;element_pack_global_tooltip_border_radius_mobile&quot;:{&quot;unit&quot;:&quot;px&quot;,&quot;top&quot;:&quot;&quot;,&quot;right&quot;:&quot;&quot;,&quot;bottom&quot;:&quot;&quot;,&quot;left&quot;:&quot;&quot;,&quot;isLinked&quot;:true}}\">\n\t\t\t\t<div class=\"elementor-element elementor-element-aaa240a e-flex e-con-boxed e-con e-parent\" data-id=\"aaa240a\" data-element_type=\"container\" data-e-type=\"container\" data-settings=\"{&quot;background_background&quot;:&quot;classic&quot;}\">\n\t\t\t\t\t<div class=\"e-con-inner\">\n\t\t\t\t<div class=\"elementor-element elementor-element-ba9c60b elementor-widget elementor-widget-heading\" data-id=\"ba9c60b\" data-element_type=\"widget\" data-e-type=\"widget\" data-widget_type=\"heading.default\">\n\t\t\t\t<div class=\"elementor-widget-container\">\n\t\t\t\t\t<h1 class=\"elementor-heading-title elementor-size-default\">Hinweis zu Beschwerden<\/h1>\t\t\t\t<\/div>\n\t\t\t\t<\/div>\n\t\t\t\t\t<\/div>\n\t\t\t\t<\/div>\n\t\t<div class=\"elementor-element elementor-element-519e26e e-flex e-con-boxed e-con e-parent\" data-id=\"519e26e\" data-element_type=\"container\" data-e-type=\"container\">\n\t\t\t\t\t<div class=\"e-con-inner\">\n\t\t\t\t<div class=\"elementor-element elementor-element-f97dee6 elementor-widget elementor-widget-text-editor\" data-id=\"f97dee6\" data-element_type=\"widget\" data-e-type=\"widget\" data-widget_type=\"text-editor.default\">\n\t\t\t\t<div class=\"elementor-widget-container\">\n\t\t\t\t\t\t\t\t\t<h2 class=\"mb-4\">Hinweis zu Beschwerden<\/h2>\n<div>\n<p>Gem\u00e4\u00df der Richtlinie von Artikel 6 Absatz 1 Nummer 3 des Gesetzes \u00fcber die Erbringung von Tourismusdienstleistungen, NN (nationale Zeitungen) Nr. 130\/17 kann die schriftliche Beschwerde des Benutzers eingereicht werden:<\/p>\n<p>&#8211; schriftlich in den Gesch\u00e4ftsr\u00e4umen;<br \/>&#8211; per E-Mail; info@murter-online.com<br \/>&#8211; per Post an die Adresse:<\/p>\n<p>TOURISTISCHE AGENTUR MURTER-ONLINE.COM<br \/>Abteilungsleiterin: Ivona Ko\u017euli\u0107<br \/>Fausta Vran\u010di\u0107a 5, 22243 Murter, Kroatien<\/p>\n<p>Der Eingang der Beschwerde wird unverz\u00fcglich nach Eingang der schriftlichen Beschwerde des Dienstnutzers schriftlich best\u00e4tigt, und die Antwort wird innerhalb von 15 Tagen ab dem Tag des Eingangs der Beschwerde schriftlich gegeben<\/p>\n<\/div>\t\t\t\t\t\t\t\t<\/div>\n\t\t\t\t<\/div>\n\t\t\t\t\t<\/div>\n\t\t\t\t<\/div>\n\t\t\t\t<\/div>\n\t\t","protected":false},"excerpt":{"rendered":"<p>Hinweis zu Beschwerden Hinweis zu Beschwerden Gem\u00e4\u00df der Richtlinie von Artikel 6 Absatz 1 Nummer 3 des Gesetzes \u00fcber die Erbringung von Tourismusdienstleistungen, NN (nationale Zeitungen) Nr. 130\/17 kann die schriftliche Beschwerde des Benutzers eingereicht werden: &#8211; schriftlich in den Gesch\u00e4ftsr\u00e4umen;&#8211; per E-Mail; info@murter-online.com&#8211; per Post an die Adresse: TOURISTISCHE AGENTUR MURTER-ONLINE.COMAbteilungsleiterin: Ivona Ko\u017euli\u0107Fausta Vran\u010di\u0107a [&hellip;]<\/p>\n","protected":false},"author":2,"featured_media":0,"parent":0,"menu_order":0,"comment_status":"closed","ping_status":"closed","template":"","meta":{"_acf_changed":false,"footnotes":""},"class_list":["post-48544","page","type-page","status-publish","hentry"],"acf":[],"_links":{"self":[{"href":"https:\/\/murter-online.com\/de\/wp-json\/wp\/v2\/pages\/48544","targetHints":{"allow":["GET"]}}],"collection":[{"href":"https:\/\/murter-online.com\/de\/wp-json\/wp\/v2\/pages"}],"about":[{"href":"https:\/\/murter-online.com\/de\/wp-json\/wp\/v2\/types\/page"}],"author":[{"embeddable":true,"href":"https:\/\/murter-online.com\/de\/wp-json\/wp\/v2\/users\/2"}],"replies":[{"embeddable":true,"href":"https:\/\/murter-online.com\/de\/wp-json\/wp\/v2\/comments?post=48544"}],"version-history":[{"count":4,"href":"https:\/\/murter-online.com\/de\/wp-json\/wp\/v2\/pages\/48544\/revisions"}],"predecessor-version":[{"id":48548,"href":"https:\/\/murter-online.com\/de\/wp-json\/wp\/v2\/pages\/48544\/revisions\/48548"}],"wp:attachment":[{"href":"https:\/\/murter-online.com\/de\/wp-json\/wp\/v2\/media?parent=48544"}],"curies":[{"name":"wp","href":"https:\/\/api.w.org\/{rel}","templated":true}]}}