{"id":48738,"date":"2025-01-02T08:28:21","date_gmt":"2025-01-02T07:28:21","guid":{"rendered":"https:\/\/murter.riot.hr\/?page_id=48738"},"modified":"2025-04-24T20:58:24","modified_gmt":"2025-04-24T19:58:24","slug":"ausfluege-auf-kornaten","status":"publish","type":"page","link":"https:\/\/murter-online.com\/de\/zusaetzliches-angebot\/ausfluege-auf-kornaten\/","title":{"rendered":"Bootstour Kornaten Murter"},"content":{"rendered":"\t\t<div data-elementor-type=\"wp-page\" data-elementor-id=\"48738\" class=\"elementor elementor-48738 elementor-10997\" data-elementor-settings=\"{&quot;element_pack_global_tooltip_width&quot;:{&quot;unit&quot;:&quot;px&quot;,&quot;size&quot;:&quot;&quot;,&quot;sizes&quot;:[]},&quot;element_pack_global_tooltip_width_tablet&quot;:{&quot;unit&quot;:&quot;px&quot;,&quot;size&quot;:&quot;&quot;,&quot;sizes&quot;:[]},&quot;element_pack_global_tooltip_width_mobile&quot;:{&quot;unit&quot;:&quot;px&quot;,&quot;size&quot;:&quot;&quot;,&quot;sizes&quot;:[]},&quot;element_pack_global_tooltip_padding&quot;:{&quot;unit&quot;:&quot;px&quot;,&quot;top&quot;:&quot;&quot;,&quot;right&quot;:&quot;&quot;,&quot;bottom&quot;:&quot;&quot;,&quot;left&quot;:&quot;&quot;,&quot;isLinked&quot;:true},&quot;element_pack_global_tooltip_padding_tablet&quot;:{&quot;unit&quot;:&quot;px&quot;,&quot;top&quot;:&quot;&quot;,&quot;right&quot;:&quot;&quot;,&quot;bottom&quot;:&quot;&quot;,&quot;left&quot;:&quot;&quot;,&quot;isLinked&quot;:true},&quot;element_pack_global_tooltip_padding_mobile&quot;:{&quot;unit&quot;:&quot;px&quot;,&quot;top&quot;:&quot;&quot;,&quot;right&quot;:&quot;&quot;,&quot;bottom&quot;:&quot;&quot;,&quot;left&quot;:&quot;&quot;,&quot;isLinked&quot;:true},&quot;element_pack_global_tooltip_border_radius&quot;:{&quot;unit&quot;:&quot;px&quot;,&quot;top&quot;:&quot;&quot;,&quot;right&quot;:&quot;&quot;,&quot;bottom&quot;:&quot;&quot;,&quot;left&quot;:&quot;&quot;,&quot;isLinked&quot;:true},&quot;element_pack_global_tooltip_border_radius_tablet&quot;:{&quot;unit&quot;:&quot;px&quot;,&quot;top&quot;:&quot;&quot;,&quot;right&quot;:&quot;&quot;,&quot;bottom&quot;:&quot;&quot;,&quot;left&quot;:&quot;&quot;,&quot;isLinked&quot;:true},&quot;element_pack_global_tooltip_border_radius_mobile&quot;:{&quot;unit&quot;:&quot;px&quot;,&quot;top&quot;:&quot;&quot;,&quot;right&quot;:&quot;&quot;,&quot;bottom&quot;:&quot;&quot;,&quot;left&quot;:&quot;&quot;,&quot;isLinked&quot;:true}}\">\n\t\t\t\t<div class=\"elementor-element elementor-element-31bd0b5e e-flex e-con-boxed e-con e-parent\" data-id=\"31bd0b5e\" data-element_type=\"container\" data-e-type=\"container\" data-settings=\"{&quot;background_background&quot;:&quot;classic&quot;}\">\n\t\t\t\t\t<div class=\"e-con-inner\">\n\t\t\t\t<div class=\"elementor-element elementor-element-59394616 elementor-widget elementor-widget-heading\" data-id=\"59394616\" data-element_type=\"widget\" data-e-type=\"widget\" data-widget_type=\"heading.default\">\n\t\t\t\t<div class=\"elementor-widget-container\">\n\t\t\t\t\t<h1 class=\"elementor-heading-title elementor-size-default\">Bootstour Kornaten Murter\n\n<\/h1>\t\t\t\t<\/div>\n\t\t\t\t<\/div>\n\t\t\t\t<div class=\"elementor-element elementor-element-59ed2b35 elementor-widget__width-initial elementor-widget elementor-widget-heading\" data-id=\"59ed2b35\" data-element_type=\"widget\" data-e-type=\"widget\" data-widget_type=\"heading.default\">\n\t\t\t\t<div class=\"elementor-widget-container\">\n\t\t\t\t\t<p class=\"elementor-heading-title elementor-size-default\">Ausfl\u00fcge zu den Kornaten zum besten Preis ab Murter, Lieferung eines Ausflugstickets an die Adresse Ihrer Wohnung! Alle Ausflugsschiffe an einem Ort! Buchen Sie im Voraus!\n<\/p>\t\t\t\t<\/div>\n\t\t\t\t<\/div>\n\t\t<div class=\"elementor-element elementor-element-78f56f56 e-con-full e-flex e-con e-child\" data-id=\"78f56f56\" data-element_type=\"container\" data-e-type=\"container\">\n\t\t<div class=\"elementor-element elementor-element-787c6e9e e-con-full e-flex e-con e-child\" data-id=\"787c6e9e\" data-element_type=\"container\" data-e-type=\"container\">\n\t\t\t\t<div class=\"elementor-element elementor-element-1f53a3de elementor-widget elementor-widget-button\" data-id=\"1f53a3de\" data-element_type=\"widget\" data-e-type=\"widget\" data-widget_type=\"button.default\">\n\t\t\t\t<div class=\"elementor-widget-container\">\n\t\t\t\t\t\t\t\t\t<div class=\"elementor-button-wrapper\">\n\t\t\t\t\t<a class=\"elementor-button elementor-button-link elementor-size-sm\" href=\"tel:+385%2098%20940%204605\">\n\t\t\t\t\t\t<span class=\"elementor-button-content-wrapper\">\n\t\t\t\t\t\t<span class=\"elementor-button-icon\">\n\t\t\t\t<svg aria-hidden=\"true\" class=\"e-font-icon-svg e-fas-phone-alt\" viewBox=\"0 0 512 512\" xmlns=\"http:\/\/www.w3.org\/2000\/svg\"><path d=\"M497.39 361.8l-112-48a24 24 0 0 0-28 6.9l-49.6 60.6A370.66 370.66 0 0 1 130.6 204.11l60.6-49.6a23.94 23.94 0 0 0 6.9-28l-48-112A24.16 24.16 0 0 0 122.6.61l-104 24A24 24 0 0 0 0 48c0 256.5 207.9 464 464 464a24 24 0 0 0 23.4-18.6l24-104a24.29 24.29 0 0 0-14.01-27.6z\"><\/path><\/svg>\t\t\t<\/span>\n\t\t\t\t\t\t\t\t\t<span class=\"elementor-button-text\">+385 98 940 4605<\/span>\n\t\t\t\t\t<\/span>\n\t\t\t\t\t<\/a>\n\t\t\t\t<\/div>\n\t\t\t\t\t\t\t\t<\/div>\n\t\t\t\t<\/div>\n\t\t\t\t<div class=\"elementor-element elementor-element-42fb1dd5 elementor-widget elementor-widget-button\" data-id=\"42fb1dd5\" data-element_type=\"widget\" data-e-type=\"widget\" data-widget_type=\"button.default\">\n\t\t\t\t<div class=\"elementor-widget-container\">\n\t\t\t\t\t\t\t\t\t<div class=\"elementor-button-wrapper\">\n\t\t\t\t\t<a class=\"elementor-button elementor-button-link elementor-size-sm\" href=\"mailto:info@murter-online.com\u2028\">\n\t\t\t\t\t\t<span class=\"elementor-button-content-wrapper\">\n\t\t\t\t\t\t<span class=\"elementor-button-icon\">\n\t\t\t\t<svg aria-hidden=\"true\" class=\"e-font-icon-svg e-fas-envelope\" viewBox=\"0 0 512 512\" xmlns=\"http:\/\/www.w3.org\/2000\/svg\"><path d=\"M502.3 190.8c3.9-3.1 9.7-.2 9.7 4.7V400c0 26.5-21.5 48-48 48H48c-26.5 0-48-21.5-48-48V195.6c0-5 5.7-7.8 9.7-4.7 22.4 17.4 52.1 39.5 154.1 113.6 21.1 15.4 56.7 47.8 92.2 47.6 35.7.3 72-32.8 92.3-47.6 102-74.1 131.6-96.3 154-113.7zM256 320c23.2.4 56.6-29.2 73.4-41.4 132.7-96.3 142.8-104.7 173.4-128.7 5.8-4.5 9.2-11.5 9.2-18.9v-19c0-26.5-21.5-48-48-48H48C21.5 64 0 85.5 0 112v19c0 7.4 3.4 14.3 9.2 18.9 30.6 23.9 40.7 32.4 173.4 128.7 16.8 12.2 50.2 41.8 73.4 41.4z\"><\/path><\/svg>\t\t\t<\/span>\n\t\t\t\t\t\t\t\t\t<span class=\"elementor-button-text\">\u00a0info@murter-online.com\u2028<\/span>\n\t\t\t\t\t<\/span>\n\t\t\t\t\t<\/a>\n\t\t\t\t<\/div>\n\t\t\t\t\t\t\t\t<\/div>\n\t\t\t\t<\/div>\n\t\t\t\t<\/div>\n\t\t<div class=\"elementor-element elementor-element-40bc6e9 e-con-full e-flex e-con e-child\" data-id=\"40bc6e9\" data-element_type=\"container\" data-e-type=\"container\">\n\t\t\t\t<div class=\"elementor-element elementor-element-a31ee0a elementor-widget elementor-widget-image\" data-id=\"a31ee0a\" data-element_type=\"widget\" data-e-type=\"widget\" data-widget_type=\"image.default\">\n\t\t\t\t<div class=\"elementor-widget-container\">\n\t\t\t\t\t\t\t\t\t\t\t\t\t\t\t\t<a href=\"https:\/\/msng.link\/vi\/3850989404605\" rel=\"nofollow noopener\" target=\"_blank\">\n\t\t\t\t\t\t\t<img decoding=\"async\" width=\"66\" height=\"32\" src=\"https:\/\/murter-online.com\/wp-content\/uploads\/2025\/01\/image-10-1.png\" class=\"attachment-large size-large wp-image-51256\" alt=\"\" \/>\t\t\t\t\t\t\t\t<\/a>\n\t\t\t\t\t\t\t\t\t\t\t\t\t\t\t<\/div>\n\t\t\t\t<\/div>\n\t\t\t\t<div class=\"elementor-element elementor-element-6aa98d1 elementor-widget elementor-widget-image\" data-id=\"6aa98d1\" data-element_type=\"widget\" data-e-type=\"widget\" data-widget_type=\"image.default\">\n\t\t\t\t<div class=\"elementor-widget-container\">\n\t\t\t\t\t\t\t\t\t\t\t\t\t\t\t\t<a href=\"https:\/\/msng.link\/wa\/3850989404605\" rel=\"nofollow noopener\" target=\"_blank\">\n\t\t\t\t\t\t\t<img decoding=\"async\" width=\"32\" height=\"32\" src=\"https:\/\/murter-online.com\/wp-content\/uploads\/2025\/01\/image-11.png\" class=\"attachment-large size-large wp-image-51266\" alt=\"\" \/>\t\t\t\t\t\t\t\t<\/a>\n\t\t\t\t\t\t\t\t\t\t\t\t\t\t\t<\/div>\n\t\t\t\t<\/div>\n\t\t\t\t<div class=\"elementor-element elementor-element-4074851 elementor-widget elementor-widget-image\" data-id=\"4074851\" data-element_type=\"widget\" data-e-type=\"widget\" data-widget_type=\"image.default\">\n\t\t\t\t<div class=\"elementor-widget-container\">\n\t\t\t\t\t\t\t\t\t\t\t\t\t\t\t<img decoding=\"async\" width=\"307\" height=\"52\" src=\"https:\/\/murter-online.com\/wp-content\/uploads\/2025\/01\/logo3-1.png\" class=\"attachment-large size-large wp-image-51281\" alt=\"\" srcset=\"https:\/\/murter-online.com\/wp-content\/uploads\/2025\/01\/logo3-1.png 307w, https:\/\/murter-online.com\/wp-content\/uploads\/2025\/01\/logo3-1-300x52.png 300w\" sizes=\"(max-width: 307px) 100vw, 307px\" \/>\t\t\t\t\t\t\t\t\t\t\t\t\t\t\t<\/div>\n\t\t\t\t<\/div>\n\t\t\t\t<\/div>\n\t\t\t\t<\/div>\n\t\t\t\t\t<\/div>\n\t\t\t\t<\/div>\n\t\t<div class=\"elementor-element elementor-element-4bd1b811 e-flex e-con-boxed e-con e-parent\" data-id=\"4bd1b811\" data-element_type=\"container\" data-e-type=\"container\" data-settings=\"{&quot;background_background&quot;:&quot;classic&quot;}\">\n\t\t\t\t\t<div class=\"e-con-inner\">\n\t\t\t\t<div class=\"elementor-element elementor-element-e8d3d9a elementor-widget elementor-widget-text-editor\" data-id=\"e8d3d9a\" data-element_type=\"widget\" data-e-type=\"widget\" data-widget_type=\"text-editor.default\">\n\t\t\t\t<div class=\"elementor-widget-container\">\n\t\t\t\t\t\t\t\t\t<h2 class=\"mb-4\">Bootstour Kornaten Murter<\/h2><div><p><strong>Ausflug zum Kornati-Nationalpark von Murter.<\/strong><\/p><p>Das Torcida-Boot ist ein h\u00f6lzernes Segelboot, das f\u00fcr Ausfl\u00fcge mit 40 bis 55 Personen konzipiert ist.<\/p><p><strong>ABFAHRT:<\/strong>\u00a009:00 Uhr Murter, der Haupthafen<\/p><p><strong>R\u00dcCKKEHR:<\/strong>\u00a018:00 Uhr<\/p><p>Tag: Jeden Tag\/jede Jahreszeit<\/p><p>\u00a0\u00a0\u00a0\u00a0\u00a0\u00a0\u00a0\u00a0 Auf Anfrage\/Nebensaison<\/p><p><strong>BESCHREIBUNG DER REISE<\/strong>:<\/p><p>Abfahrt von der Hramine-Bucht, dem Haupthafen von Murter, durch die Inselchen in der N\u00e4he von Murter, Abstieg zum Kornati-Nationalpark am Eingang von Opat, Besichtigung der Insel von au\u00dferhalb der Kornati-Insel (Klippen), eine Pause im Bucht Modri \u200b\u200b\u200b\u200bbok auf der Insel Kornati (mit Badem\u00f6glichkeit).<\/p><p>Fahrt durch das Inselinnere, Pause auf der Insel Levrnaka mit Schwimmen, Besichtigungen und Spaziergang zum Aussichtspunkt, Fahrt entlang der Insel Kornat und Verlassen des Nationalparks \u00fcber den Proversa-Pass, Fahrt entlang der Inseln der Kornat-Gruppe Inseln und eine Pause zum Schwimmen vom Boot entlang einer der Inseln.<\/p><p>R\u00fcckkehr nach Murter bis 18:00 Uhr.<\/p><p><strong>AKTIVIT\u00c4TEN:<\/strong>\u00a03 Pausen, Besichtigungen, Wanderung zum Aussichtspunkt, Mittagessen, Schwimmen.<\/p><p><strong>IM PREIS INBEGRIFFEN<\/strong>: Bootstransport, Eintrittskarte zum Kornati-Nationalpark, Transport, F\u00fchrer, Mittagessen.<\/p><p><strong>PREIS DES AUSFLUGS:<\/strong><\/p><p>Erwachsene = 60 Euro<\/p><p>Kinder (5-12 Jahre) = 30 Euro.<\/p><p><strong>ZUR RESERVIERUNG:<\/strong><\/p><p><a href=\"https:\/\/murter-online.com\/\" target=\"_blank\" rel=\"noopener\" data-saferedirecturl=\"https:\/\/www.google.com\/url?q=https:\/\/MURTER-ONLINE.COM&amp;source=gmail&amp;ust=1601543432158000&amp;usg=AFQjCNGCbkPPhasvtBTbBixPpHMb-xYmnQ\">MURTER-ONLINE.COM<\/a><br \/>vl.<span class=\"il\">Ivona<\/span>\u00a0Ko\u017euli\u0107<br \/>M:\u00a0<a href=\"tel:00385 98 940 4605\">00385 98 940 4605<\/a>\u00a0<a href=\"https:\/\/msng.link\/vi\/3850989404605\" rel=\"nofollow noopener\" target=\"_blank\"><img decoding=\"async\" src=\"https:\/\/www.agency.lastminute-hr.com\/docs\/edit\/ckfinder\/userfiles\/images\/viber(2).png\" alt=\"\" \/><\/a>\u00a0<a href=\"https:\/\/msng.link\/wa\/3850989404605\" rel=\"nofollow noopener\" target=\"_blank\"><img decoding=\"async\" src=\"https:\/\/www.agency.lastminute-hr.com\/docs\/edit\/ckfinder\/userfiles\/images\/whatsapp(2).png\" alt=\"\" \/><\/a><\/p><p>E-mail:info@murter-online.com<\/p><\/div><div>\u00a0<\/div>\t\t\t\t\t\t\t\t<\/div>\n\t\t\t\t<\/div>\n\t\t\t\t\t<\/div>\n\t\t\t\t<\/div>\n\t\t\t\t<\/div>\n\t\t","protected":false},"excerpt":{"rendered":"<p>Bootstour Kornaten Murter Ausfl\u00fcge zu den Kornaten zum besten Preis ab Murter, Lieferung eines Ausflugstickets an die Adresse Ihrer Wohnung! Alle Ausflugsschiffe an einem Ort! Buchen Sie im Voraus! +385 98 940 4605 info@murter-online.com Bootstour Kornaten Murter Ausflug zum Kornati-Nationalpark von Murter. Das Torcida-Boot ist ein h\u00f6lzernes Segelboot, das f\u00fcr Ausfl\u00fcge mit 40 bis 55 [&hellip;]<\/p>\n","protected":false},"author":2,"featured_media":0,"parent":48706,"menu_order":0,"comment_status":"closed","ping_status":"closed","template":"","meta":{"_acf_changed":false,"footnotes":""},"class_list":["post-48738","page","type-page","status-publish","hentry"],"acf":[],"_links":{"self":[{"href":"https:\/\/murter-online.com\/de\/wp-json\/wp\/v2\/pages\/48738","targetHints":{"allow":["GET"]}}],"collection":[{"href":"https:\/\/murter-online.com\/de\/wp-json\/wp\/v2\/pages"}],"about":[{"href":"https:\/\/murter-online.com\/de\/wp-json\/wp\/v2\/types\/page"}],"author":[{"embeddable":true,"href":"https:\/\/murter-online.com\/de\/wp-json\/wp\/v2\/users\/2"}],"replies":[{"embeddable":true,"href":"https:\/\/murter-online.com\/de\/wp-json\/wp\/v2\/comments?post=48738"}],"version-history":[{"count":12,"href":"https:\/\/murter-online.com\/de\/wp-json\/wp\/v2\/pages\/48738\/revisions"}],"predecessor-version":[{"id":56584,"href":"https:\/\/murter-online.com\/de\/wp-json\/wp\/v2\/pages\/48738\/revisions\/56584"}],"up":[{"embeddable":true,"href":"https:\/\/murter-online.com\/de\/wp-json\/wp\/v2\/pages\/48706"}],"wp:attachment":[{"href":"https:\/\/murter-online.com\/de\/wp-json\/wp\/v2\/media?parent=48738"}],"curies":[{"name":"wp","href":"https:\/\/api.w.org\/{rel}","templated":true}]}}