{"id":50499,"date":"2024-12-17T11:48:19","date_gmt":"2024-12-17T11:48:19","guid":{"rendered":"https:\/\/murter.riot.hr\/?page_id=50499"},"modified":"2025-01-16T09:13:19","modified_gmt":"2025-01-16T09:13:19","slug":"cookie-policy","status":"publish","type":"page","link":"https:\/\/murter-online.com\/de\/cookie-policy\/","title":{"rendered":"Cookie policy"},"content":{"rendered":"\t\t<div data-elementor-type=\"wp-page\" data-elementor-id=\"50499\" class=\"elementor elementor-50499 elementor-10230\" data-elementor-settings=\"{&quot;element_pack_global_tooltip_width&quot;:{&quot;unit&quot;:&quot;px&quot;,&quot;size&quot;:&quot;&quot;,&quot;sizes&quot;:[]},&quot;element_pack_global_tooltip_width_tablet&quot;:{&quot;unit&quot;:&quot;px&quot;,&quot;size&quot;:&quot;&quot;,&quot;sizes&quot;:[]},&quot;element_pack_global_tooltip_width_mobile&quot;:{&quot;unit&quot;:&quot;px&quot;,&quot;size&quot;:&quot;&quot;,&quot;sizes&quot;:[]},&quot;element_pack_global_tooltip_padding&quot;:{&quot;unit&quot;:&quot;px&quot;,&quot;top&quot;:&quot;&quot;,&quot;right&quot;:&quot;&quot;,&quot;bottom&quot;:&quot;&quot;,&quot;left&quot;:&quot;&quot;,&quot;isLinked&quot;:true},&quot;element_pack_global_tooltip_padding_tablet&quot;:{&quot;unit&quot;:&quot;px&quot;,&quot;top&quot;:&quot;&quot;,&quot;right&quot;:&quot;&quot;,&quot;bottom&quot;:&quot;&quot;,&quot;left&quot;:&quot;&quot;,&quot;isLinked&quot;:true},&quot;element_pack_global_tooltip_padding_mobile&quot;:{&quot;unit&quot;:&quot;px&quot;,&quot;top&quot;:&quot;&quot;,&quot;right&quot;:&quot;&quot;,&quot;bottom&quot;:&quot;&quot;,&quot;left&quot;:&quot;&quot;,&quot;isLinked&quot;:true},&quot;element_pack_global_tooltip_border_radius&quot;:{&quot;unit&quot;:&quot;px&quot;,&quot;top&quot;:&quot;&quot;,&quot;right&quot;:&quot;&quot;,&quot;bottom&quot;:&quot;&quot;,&quot;left&quot;:&quot;&quot;,&quot;isLinked&quot;:true},&quot;element_pack_global_tooltip_border_radius_tablet&quot;:{&quot;unit&quot;:&quot;px&quot;,&quot;top&quot;:&quot;&quot;,&quot;right&quot;:&quot;&quot;,&quot;bottom&quot;:&quot;&quot;,&quot;left&quot;:&quot;&quot;,&quot;isLinked&quot;:true},&quot;element_pack_global_tooltip_border_radius_mobile&quot;:{&quot;unit&quot;:&quot;px&quot;,&quot;top&quot;:&quot;&quot;,&quot;right&quot;:&quot;&quot;,&quot;bottom&quot;:&quot;&quot;,&quot;left&quot;:&quot;&quot;,&quot;isLinked&quot;:true}}\">\n\t\t\t\t<div class=\"elementor-element elementor-element-fb8db69 e-flex e-con-boxed e-con e-parent\" data-id=\"fb8db69\" data-element_type=\"container\" data-e-type=\"container\" data-settings=\"{&quot;background_background&quot;:&quot;classic&quot;}\">\n\t\t\t\t\t<div class=\"e-con-inner\">\n\t\t\t\t<div class=\"elementor-element elementor-element-b1ac581 elementor-widget elementor-widget-heading\" data-id=\"b1ac581\" data-element_type=\"widget\" data-e-type=\"widget\" data-widget_type=\"heading.default\">\n\t\t\t\t<div class=\"elementor-widget-container\">\n\t\t\t\t\t<h1 class=\"elementor-heading-title elementor-size-default\">Datenschutzerkl\u00e4rung<\/h1>\t\t\t\t<\/div>\n\t\t\t\t<\/div>\n\t\t\t\t\t<\/div>\n\t\t\t\t<\/div>\n\t\t<div class=\"elementor-element elementor-element-7fdac07 e-flex e-con-boxed e-con e-parent\" data-id=\"7fdac07\" data-element_type=\"container\" data-e-type=\"container\">\n\t\t\t\t\t<div class=\"e-con-inner\">\n\t\t\t\t<div class=\"elementor-element elementor-element-8f5f7c0 elementor-widget elementor-widget-text-editor\" data-id=\"8f5f7c0\" data-element_type=\"widget\" data-e-type=\"widget\" data-widget_type=\"text-editor.default\">\n\t\t\t\t<div class=\"elementor-widget-container\">\n\t\t\t\t\t\t\t\t\t<p>Um sicherzustellen, dass diese Website ordnungsgem\u00e4\u00df funktioniert, speichern wir manchmal kleine Datendateien, sogenannte Cookies, auf Ihren Ger\u00e4ten.<\/p><p><strong>Wie verwenden wir Cookies?<\/strong><br \/>Auf einigen unserer Seiten verwenden wir Cookies, die f\u00fcr die Funktion der Website nicht unbedingt erforderlich sind, Ihnen jedoch ein komfortableres Surfen erm\u00f6glichen. Sie k\u00f6nnen diese Cookies l\u00f6schen oder blockieren, aber wenn Sie dies tun, funktionieren einige Funktionen der Website m\u00f6glicherweise nicht wie vorgesehen. Cookies werden verwendet, um die folgenden Informationen zu speichern:<br \/>\u2022 Ihre bevorzugten Anzeigeeinstellungen, wie Browsersprache, Farbkontrast, Schriftgr\u00f6\u00dfe, verwendetes Ger\u00e4t, bevorzugte Anzeigeeinstellungen f\u00fcr Suchergebnisse und Benachrichtigungen;<\/p><p>\u2022 ob Sie unserer Verwendung von Cookies auf dieser Website zugestimmt haben oder nicht;<\/p><p><strong>Personenbezogene Informationen<\/strong><\/p><p>Informationen im Zusammenhang mit Cookies werden nicht verwendet, um Sie zu identifizieren, und Informationen \u00fcber Ihre Surfgewohnheiten unterliegen ausschlie\u00dflich unserer Kontrolle. Wir verwenden Cookies nicht f\u00fcr andere als die hier beschriebenen Zwecke.<\/p><p><strong>Cookies von Drittanbietern<\/strong><\/p><p>Manchmal verwenden wir auch externe Dienste f\u00fcr statistische Zwecke, um die Nutzung der Website zu verfolgen, wie beispielsweise Google Analytics. In diesem Fall sendet Google eigene Cookies an Ihren Computer \u2013 sogenannte Cookies von Drittanbietern. Dasselbe passiert, wenn wir Karten auf Google Maps verwenden. Sie k\u00f6nnen Cookies von Drittanbietern beim ersten Besuch der Website ablehnen, damit keine Skripte von Drittanbietern geladen werden.<\/p><p><strong>Wie werden Cookies kontrolliert?<\/strong><\/p><p>Sie k\u00f6nnen Cookies nach Belieben kontrollieren und\/oder l\u00f6schen. Sie k\u00f6nnen alle Cookies l\u00f6schen, die bereits auf Ihrem Ger\u00e4t gespeichert sind, und die Einstellungen der meisten Browser erm\u00f6glichen es Ihnen, die Speicherung von Cookies zu blockieren. Wenn Sie Cookies blockieren, m\u00fcssen Sie m\u00f6glicherweise bei jedem Besuch der Website einige Ihrer gew\u00fcnschten Einstellungen manuell anpassen, und bestimmte Dienste und Funktionen sind m\u00f6glicherweise nicht verf\u00fcgbar. Wenn Sie keine Cookies auf Ihrem Computer erhalten m\u00f6chten, k\u00f6nnen Sie Ihren Browser so einstellen, dass er Sie benachrichtigt, wenn er sie erkennt, oder Sie k\u00f6nnen sie alle automatisch ablehnen. Sie k\u00f6nnen auch alle Cookies l\u00f6schen, die Sie bereits erhalten haben. Wenn Sie Cookies, die bereits auf Ihnen installiert sind, einschr\u00e4nken oder blockieren m\u00f6chten, k\u00f6nnen Sie dies \u00fcber Ihre Browsereinstellungen tun.<\/p><p>Weitere Informationen finden Sie unter www.aboutcookies.org, wo Sie detaillierte Anweisungen f\u00fcr verschiedene Browser finden.<\/p>\t\t\t\t\t\t\t\t<\/div>\n\t\t\t\t<\/div>\n\t\t\t\t\t<\/div>\n\t\t\t\t<\/div>\n\t\t\t\t<\/div>\n\t\t","protected":false},"excerpt":{"rendered":"<p>Datenschutzerkl\u00e4rung Um sicherzustellen, dass diese Website ordnungsgem\u00e4\u00df funktioniert, speichern wir manchmal kleine Datendateien, sogenannte Cookies, auf Ihren Ger\u00e4ten. Wie verwenden wir Cookies?Auf einigen unserer Seiten verwenden wir Cookies, die f\u00fcr die Funktion der Website nicht unbedingt erforderlich sind, Ihnen jedoch ein komfortableres Surfen erm\u00f6glichen. Sie k\u00f6nnen diese Cookies l\u00f6schen oder blockieren, aber wenn Sie dies [&hellip;]<\/p>\n","protected":false},"author":1,"featured_media":0,"parent":0,"menu_order":0,"comment_status":"closed","ping_status":"closed","template":"","meta":{"_acf_changed":false,"footnotes":""},"class_list":["post-50499","page","type-page","status-publish","hentry"],"acf":[],"_links":{"self":[{"href":"https:\/\/murter-online.com\/de\/wp-json\/wp\/v2\/pages\/50499","targetHints":{"allow":["GET"]}}],"collection":[{"href":"https:\/\/murter-online.com\/de\/wp-json\/wp\/v2\/pages"}],"about":[{"href":"https:\/\/murter-online.com\/de\/wp-json\/wp\/v2\/types\/page"}],"author":[{"embeddable":true,"href":"https:\/\/murter-online.com\/de\/wp-json\/wp\/v2\/users\/1"}],"replies":[{"embeddable":true,"href":"https:\/\/murter-online.com\/de\/wp-json\/wp\/v2\/comments?post=50499"}],"version-history":[{"count":4,"href":"https:\/\/murter-online.com\/de\/wp-json\/wp\/v2\/pages\/50499\/revisions"}],"predecessor-version":[{"id":50503,"href":"https:\/\/murter-online.com\/de\/wp-json\/wp\/v2\/pages\/50499\/revisions\/50503"}],"wp:attachment":[{"href":"https:\/\/murter-online.com\/de\/wp-json\/wp\/v2\/media?parent=50499"}],"curies":[{"name":"wp","href":"https:\/\/api.w.org\/{rel}","templated":true}]}}