{"id":48731,"date":"2025-01-09T16:33:42","date_gmt":"2025-01-09T16:33:42","guid":{"rendered":"https:\/\/murter.riot.hr\/?post_type=product&#038;p=48731"},"modified":"2025-04-19T08:11:12","modified_gmt":"2025-04-19T07:11:12","slug":"apartment-zutska-street-view-41-id-114","status":"publish","type":"product","link":"https:\/\/murter-online.com\/de\/produkt\/apartment-zutska-street-view-41-id-114\/","title":{"rendered":"Ferienwohnung Murter Meerblick \u017dutska Strand Luke A4 ID 114"},"content":{"rendered":"","protected":false},"excerpt":{"rendered":"<p>Ferienwohnung Murter Iva A(4) mit ein sch\u00f6nen Meerblick befindet sich in ausgezeichnete Lage, nur 250 m vom Meer entfernt. Die Ferienwohnung hat eine Fl\u00e4che von 50 m2. Diese Ferienwohnung verf\u00fcgt \u00fcber zwei Schlafzimmern wo 4 Erwachsene schlafen k\u00f6nnen. Es gibt einen kostenlosen Parkplatz. Es gibt eine Badezimmer mit Dusche . Die Ferienwohnung Zur Verf\u00fcgung steht auch ein Grillplatz. ist ausgestattet mit Fernseher, Klimaanlage, Backofen. Balkon\/Terrasse ist 8 m2 gro\u00df. , hat ein Wohnzimmer. Liegt im ersten Stock. Haustiere &#8211; nach Absprache.<\/p>\n","protected":false},"featured_media":39995,"template":"","meta":{"_acf_changed":false},"product_brand":[],"product_cat":[144,130,142],"product_tag":[],"class_list":{"0":"post-48731","1":"product","2":"type-product","3":"status-publish","4":"has-post-thumbnail","6":"product_cat-familien-ferienwohnung","7":"product_cat-ferienwohnungen","8":"product_cat-ferienwohnungen-mit-meerblick","10":"first","11":"instock","12":"sold-individually","13":"shipping-taxable","14":"purchasable","15":"product-type-phive_booking"},"acf":[],"_links":{"self":[{"href":"https:\/\/murter-online.com\/de\/wp-json\/wp\/v2\/product\/48731","targetHints":{"allow":["GET"]}}],"collection":[{"href":"https:\/\/murter-online.com\/de\/wp-json\/wp\/v2\/product"}],"about":[{"href":"https:\/\/murter-online.com\/de\/wp-json\/wp\/v2\/types\/product"}],"wp:featuredmedia":[{"embeddable":true,"href":"https:\/\/murter-online.com\/de\/wp-json\/wp\/v2\/media\/39995"}],"wp:attachment":[{"href":"https:\/\/murter-online.com\/de\/wp-json\/wp\/v2\/media?parent=48731"}],"wp:term":[{"taxonomy":"product_brand","embeddable":true,"href":"https:\/\/murter-online.com\/de\/wp-json\/wp\/v2\/product_brand?post=48731"},{"taxonomy":"product_cat","embeddable":true,"href":"https:\/\/murter-online.com\/de\/wp-json\/wp\/v2\/product_cat?post=48731"},{"taxonomy":"product_tag","embeddable":true,"href":"https:\/\/murter-online.com\/de\/wp-json\/wp\/v2\/product_tag?post=48731"}],"curies":[{"name":"wp","href":"https:\/\/api.w.org\/{rel}","templated":true}]}}