{"id":50640,"date":"2025-01-06T19:08:15","date_gmt":"2025-01-06T19:08:15","guid":{"rendered":"https:\/\/murter.riot.hr\/?post_type=product&#038;p=50640"},"modified":"2025-03-28T20:22:16","modified_gmt":"2025-03-28T19:22:16","slug":"steinhaus-kornati-a41-vrulje-bucht-id-317","status":"publish","type":"product","link":"https:\/\/murter-online.com\/de\/produkt\/steinhaus-kornati-a41-vrulje-bucht-id-317\/","title":{"rendered":"Fisherhaus Steinhaus Kornati Vrulje Bucht A4+1 ID 317"},"content":{"rendered":"","protected":false},"excerpt":{"rendered":"<p>Das Haus liegt im Nationalpark Kornati &#8211; Bucht Vrulje. Es eignet sich f\u00fcr kleinere Familien mit max. 4-5 Mitglieder, da es nicht isoliert liegt, sondern an einem kleinen Ort ohne Verkehr, wo sich Kinder frei bewegen k\u00f6nnen. Das Haus besteht aus einem Erdgeschoss mit einer K\u00fcche, einer Toilette mit Bad und einem Wohnzimmer mit einem Sessel \u2013 einem Zustellbett, das zum Schlafen genutzt werden kann. Das Schlafzimmer befindet sich im Obergeschoss und ist in zwei Teile geteilt. Das Zimmer verf\u00fcgt \u00fcber 4 Betten, in denen 4 Erwachsene schlafen k\u00f6nnen. Die K\u00fcche ist komplett ausgestattet. Strom kommt von Sonnenkollektoren. Leitungswasser ist nicht trinkbar, es kann zum Duschen verwendet werden. Wenn Sie in diesem Haus \u00fcbernachten, k\u00f6nnen Sie das Leben in dieser besonderen Gegend erleben, den ganzen Tag schwimmen, am fr\u00fchen Morgen angeln und zu einem nahegelegenen Aussichtspunkt klettern. Als Teil der Unterkunft stehen ein SUP-Paddle-Board und ein Zweisitzer-SIT-ON-Top-Kajak zur Verf\u00fcgung. In der Bucht von Vrulje gibt es einen Minimarkt, in dem Sie das N\u00f6tigste kaufen k\u00f6nnen. Nach der Ankunft kommen die G\u00e4ste in der Stadt Murter an, von wo aus sie zum Nationalpark aufbrechen. Kornaten. Das Parken von Autos ist auf dem \u00f6ffentlichen Parkplatz geb\u00fchrenpflichtig. Der \u00f6ffentliche Parkplatz befindet sich in der N\u00e4he der Abfahrtsstelle der Boote und es gibt auch ein Gesch\u00e4ft, in dem Sie Lebensmittel und Trinkwasser kaufen k\u00f6nnen. Wenn die G\u00e4ste ein eigenes Boot haben, k\u00f6nnen sie auf eigene Faust direkt nach Kornati fahren, vor dem Haus gibt es einen Bootsanlegeplatz. Wenn G\u00e4ste ohne Boot nach Murter kommen, gibt es zwei Transportm\u00f6glichkeiten. Wenn Sie einen Transfer mit einem privaten Boot f\u00fcr Passagiere und Gep\u00e4ck in Anspruch nehmen, kostet die einfache Fahrt 200 Euro. Es besteht auch die M\u00f6glichkeit, G\u00e4ste mit einem Boot zu transportieren, das Lebensmittel f\u00fcr Restaurants beschafft. Dann kostet der Transfer in eine Richtung 20 Euro\/Person + 20 Euro\/Gep\u00e4ck pro Person.<\/p>\n","protected":false},"featured_media":34378,"template":"","meta":{"_acf_changed":false},"product_brand":[],"product_cat":[130,142,149],"product_tag":[],"class_list":{"0":"post-50640","1":"product","2":"type-product","3":"status-publish","4":"has-post-thumbnail","6":"product_cat-ferienwohnungen","7":"product_cat-ferienwohnungen-mit-meerblick","8":"product_cat-fischerhaus-robinson","10":"first","11":"instock","12":"sold-individually","13":"shipping-taxable","14":"purchasable","15":"product-type-phive_booking"},"acf":[],"_links":{"self":[{"href":"https:\/\/murter-online.com\/de\/wp-json\/wp\/v2\/product\/50640","targetHints":{"allow":["GET"]}}],"collection":[{"href":"https:\/\/murter-online.com\/de\/wp-json\/wp\/v2\/product"}],"about":[{"href":"https:\/\/murter-online.com\/de\/wp-json\/wp\/v2\/types\/product"}],"wp:featuredmedia":[{"embeddable":true,"href":"https:\/\/murter-online.com\/de\/wp-json\/wp\/v2\/media\/34378"}],"wp:attachment":[{"href":"https:\/\/murter-online.com\/de\/wp-json\/wp\/v2\/media?parent=50640"}],"wp:term":[{"taxonomy":"product_brand","embeddable":true,"href":"https:\/\/murter-online.com\/de\/wp-json\/wp\/v2\/product_brand?post=50640"},{"taxonomy":"product_cat","embeddable":true,"href":"https:\/\/murter-online.com\/de\/wp-json\/wp\/v2\/product_cat?post=50640"},{"taxonomy":"product_tag","embeddable":true,"href":"https:\/\/murter-online.com\/de\/wp-json\/wp\/v2\/product_tag?post=50640"}],"curies":[{"name":"wp","href":"https:\/\/api.w.org\/{rel}","templated":true}]}}