{"id":51802,"date":"2024-12-17T14:14:52","date_gmt":"2024-12-17T14:14:52","guid":{"rendered":"https:\/\/murter.riot.hr\/?post_type=product&#038;p=51802"},"modified":"2025-04-25T20:33:18","modified_gmt":"2025-04-25T19:33:18","slug":"ferienwohnung-green-garden-murter-a2-id-101","status":"publish","type":"product","link":"https:\/\/murter-online.com\/de\/produkt\/ferienwohnung-green-garden-murter-a2-id-101\/","title":{"rendered":"Ferienwohnung f\u00fcr 2 personen Green Garden Murter A2 ID 101"},"content":{"rendered":"","protected":false},"excerpt":{"rendered":"<p>Das Apartment Happy Place II A2 ID 101 befindet sich in einer gro\u00dfartigen Lage, nur 5 Gehminuten vom Zentrum entfernt. Es ist ca. 300 m vom n\u00e4chsten Strand entfernt. Die Wohnung besteht aus einem Schlafzimmer mit einem Doppelbett und einem Zustellbett f\u00fcr eine andere Person. Der Preis beinhaltet Reinigung, Handt\u00fccher und Bettw\u00e4sche.<\/p>\n","protected":false},"featured_media":19106,"template":"","meta":{"_acf_changed":false},"product_brand":[],"product_cat":[144,130],"product_tag":[],"class_list":{"0":"post-51802","1":"product","2":"type-product","3":"status-publish","4":"has-post-thumbnail","6":"product_cat-familien-ferienwohnung","7":"product_cat-ferienwohnungen","9":"first","10":"instock","11":"sold-individually","12":"shipping-taxable","13":"purchasable","14":"product-type-phive_booking"},"acf":[],"_links":{"self":[{"href":"https:\/\/murter-online.com\/de\/wp-json\/wp\/v2\/product\/51802","targetHints":{"allow":["GET"]}}],"collection":[{"href":"https:\/\/murter-online.com\/de\/wp-json\/wp\/v2\/product"}],"about":[{"href":"https:\/\/murter-online.com\/de\/wp-json\/wp\/v2\/types\/product"}],"wp:featuredmedia":[{"embeddable":true,"href":"https:\/\/murter-online.com\/de\/wp-json\/wp\/v2\/media\/19106"}],"wp:attachment":[{"href":"https:\/\/murter-online.com\/de\/wp-json\/wp\/v2\/media?parent=51802"}],"wp:term":[{"taxonomy":"product_brand","embeddable":true,"href":"https:\/\/murter-online.com\/de\/wp-json\/wp\/v2\/product_brand?post=51802"},{"taxonomy":"product_cat","embeddable":true,"href":"https:\/\/murter-online.com\/de\/wp-json\/wp\/v2\/product_cat?post=51802"},{"taxonomy":"product_tag","embeddable":true,"href":"https:\/\/murter-online.com\/de\/wp-json\/wp\/v2\/product_tag?post=51802"}],"curies":[{"name":"wp","href":"https:\/\/api.w.org\/{rel}","templated":true}]}}