{"id":51807,"date":"2024-12-17T15:02:03","date_gmt":"2024-12-17T15:02:03","guid":{"rendered":"https:\/\/murter.riot.hr\/?post_type=product&#038;p=51807"},"modified":"2025-04-12T07:16:47","modified_gmt":"2025-04-12T06:16:47","slug":"apartment-unterkunft-in-murter-5-a2-2-id-234","status":"publish","type":"product","link":"https:\/\/murter-online.com\/de\/produkt\/apartment-unterkunft-in-murter-5-a2-2-id-234\/","title":{"rendered":"Ferienwohnung f\u00fcr 4 personen in Murter 4 A2 + 2 ID 234"},"content":{"rendered":"","protected":false},"excerpt":{"rendered":"<p>Wohnung f\u00fcr vier Personen befindet sich im Dachgeschoss des Hauses und besteht aus einem Schlafzimmer (ein Doppelbett), Wohnzimmer mit Schlafcouch (zwei Einzelbetten 200&#215;90), K\u00fcche, Bad und Terrasse mit Meerblick. Die Wohnung ist mit TV und Klimaanlage, Wi-Fi, Mikrowelle und K\u00fchlschrank mit Gefrierfach ausgestattet. Vor der Wohnung haben wir einen Au\u00dfengrill, den die G\u00e4ste jederzeit nutzen k\u00f6nnen. Parkpl\u00e4tze sind vorhanden und befinden sich im Hof. Das Apartment befindet sich in der N\u00e4he des \u00f6rtlichen Lukasstrandes und des Sandstrandes Podvr\u0161ke.<\/p>\n","protected":false},"featured_media":19170,"template":"","meta":{"_acf_changed":false},"product_brand":[],"product_cat":[142],"product_tag":[],"class_list":{"0":"post-51807","1":"product","2":"type-product","3":"status-publish","4":"has-post-thumbnail","6":"product_cat-ferienwohnungen-mit-meerblick","8":"first","9":"instock","10":"sold-individually","11":"shipping-taxable","12":"purchasable","13":"product-type-phive_booking"},"acf":[],"_links":{"self":[{"href":"https:\/\/murter-online.com\/de\/wp-json\/wp\/v2\/product\/51807","targetHints":{"allow":["GET"]}}],"collection":[{"href":"https:\/\/murter-online.com\/de\/wp-json\/wp\/v2\/product"}],"about":[{"href":"https:\/\/murter-online.com\/de\/wp-json\/wp\/v2\/types\/product"}],"wp:featuredmedia":[{"embeddable":true,"href":"https:\/\/murter-online.com\/de\/wp-json\/wp\/v2\/media\/19170"}],"wp:attachment":[{"href":"https:\/\/murter-online.com\/de\/wp-json\/wp\/v2\/media?parent=51807"}],"wp:term":[{"taxonomy":"product_brand","embeddable":true,"href":"https:\/\/murter-online.com\/de\/wp-json\/wp\/v2\/product_brand?post=51807"},{"taxonomy":"product_cat","embeddable":true,"href":"https:\/\/murter-online.com\/de\/wp-json\/wp\/v2\/product_cat?post=51807"},{"taxonomy":"product_tag","embeddable":true,"href":"https:\/\/murter-online.com\/de\/wp-json\/wp\/v2\/product_tag?post=51807"}],"curies":[{"name":"wp","href":"https:\/\/api.w.org\/{rel}","templated":true}]}}