{"id":51818,"date":"2024-12-19T07:51:48","date_gmt":"2024-12-19T07:51:48","guid":{"rendered":"https:\/\/murter.riot.hr\/?post_type=product&#038;p=51818"},"modified":"2025-04-12T07:28:09","modified_gmt":"2025-04-12T06:28:09","slug":"haus-adelaide-ferienwohnungen-podraduc-murter-a22-id-14","status":"publish","type":"product","link":"https:\/\/murter-online.com\/de\/produkt\/haus-adelaide-ferienwohnungen-podraduc-murter-a22-id-14\/","title":{"rendered":"Ferienwohnung Murter direkt am Meer Adelaide Podradu\u010d Murter A2+2 ID 14"},"content":{"rendered":"","protected":false},"excerpt":{"rendered":"<p>Die Wohnung mit wundersch\u00f6nem Meerblick befindet sich in ausgezeichneter Lage, nur 30m. weit vom Meer entfernt. Die Wohnung ist mit Fernseher, Klimaanlage und Satellitenempf\u00e4nger ausgestattet. Die Wohnung verf\u00fcgt \u00fcber ein Badezimmer mit Dusche. Es gibt ein Wohnzimmer, in dem man schlafen kann. Die Wohnfl\u00e4che betr\u00e4gt 40 m2. und der Balkon \/ die Terrasse ist 8 m2 gro\u00df. In der Wohnung k\u00f6nnen 3 Personen auf den Hauptbetten und 1 Person auf einem Schlafsofa im Wohnzimmer schlafen. Die Wohnung befindet sich im ersten Stock. Haustiere &#8211; nicht erlaubt. Die Wohnung verf\u00fcgt \u00fcber einen eigenen kostenlosen Parkplatz. Es gibt einen offenen Grill. Die Wohnung ist 2000 m. weit vom Zentrum entfernt und ca. 50m. weit weg vom Meer oder ersten Strand in Murter.<\/p>\n","protected":false},"featured_media":19234,"template":"","meta":{"_acf_changed":false},"product_brand":[],"product_cat":[144,130,142],"product_tag":[],"class_list":{"0":"post-51818","1":"product","2":"type-product","3":"status-publish","4":"has-post-thumbnail","6":"product_cat-familien-ferienwohnung","7":"product_cat-ferienwohnungen","8":"product_cat-ferienwohnungen-mit-meerblick","10":"first","11":"instock","12":"sold-individually","13":"shipping-taxable","14":"purchasable","15":"product-type-phive_booking"},"acf":[],"_links":{"self":[{"href":"https:\/\/murter-online.com\/de\/wp-json\/wp\/v2\/product\/51818","targetHints":{"allow":["GET"]}}],"collection":[{"href":"https:\/\/murter-online.com\/de\/wp-json\/wp\/v2\/product"}],"about":[{"href":"https:\/\/murter-online.com\/de\/wp-json\/wp\/v2\/types\/product"}],"wp:featuredmedia":[{"embeddable":true,"href":"https:\/\/murter-online.com\/de\/wp-json\/wp\/v2\/media\/19234"}],"wp:attachment":[{"href":"https:\/\/murter-online.com\/de\/wp-json\/wp\/v2\/media?parent=51818"}],"wp:term":[{"taxonomy":"product_brand","embeddable":true,"href":"https:\/\/murter-online.com\/de\/wp-json\/wp\/v2\/product_brand?post=51818"},{"taxonomy":"product_cat","embeddable":true,"href":"https:\/\/murter-online.com\/de\/wp-json\/wp\/v2\/product_cat?post=51818"},{"taxonomy":"product_tag","embeddable":true,"href":"https:\/\/murter-online.com\/de\/wp-json\/wp\/v2\/product_tag?post=51818"}],"curies":[{"name":"wp","href":"https:\/\/api.w.org\/{rel}","templated":true}]}}