{"id":51823,"date":"2024-12-19T13:15:49","date_gmt":"2024-12-19T12:15:49","guid":{"rendered":"https:\/\/murter.riot.hr\/?post_type=product&#038;p=51823"},"modified":"2025-03-28T06:44:23","modified_gmt":"2025-03-28T05:44:23","slug":"haus-andrea-ferienwohnungen-andrea-jezera-beach-house-2-a21-id22","status":"publish","type":"product","link":"https:\/\/murter-online.com\/de\/produkt\/haus-andrea-ferienwohnungen-andrea-jezera-beach-house-2-a21-id22\/","title":{"rendered":"Mobilheime am strand Murter Jezera  2 A2+1 ID22"},"content":{"rendered":"","protected":false},"excerpt":{"rendered":"<p>Die Wohnung befindet sich 70 m vom Strand entfernt, an einem ruhigen Ort -Die K\u00fcche ist komplett ausgestattet -Bettw\u00e4sche, Handt\u00fccher und Endreinigung sind im Preis inbegriffen &#8211; Der Kinderspielplatz befindet sich in der N\u00e4he der Wohnung.<\/p>\n","protected":false},"featured_media":19290,"template":"","meta":{"_acf_changed":false},"product_brand":[],"product_cat":[144,130,142,150],"product_tag":[],"class_list":{"0":"post-51823","1":"product","2":"type-product","3":"status-publish","4":"has-post-thumbnail","6":"product_cat-familien-ferienwohnung","7":"product_cat-ferienwohnungen","8":"product_cat-ferienwohnungen-mit-meerblick","9":"product_cat-mobilheim","11":"first","12":"instock","13":"sold-individually","14":"shipping-taxable","15":"purchasable","16":"product-type-phive_booking"},"acf":[],"_links":{"self":[{"href":"https:\/\/murter-online.com\/de\/wp-json\/wp\/v2\/product\/51823","targetHints":{"allow":["GET"]}}],"collection":[{"href":"https:\/\/murter-online.com\/de\/wp-json\/wp\/v2\/product"}],"about":[{"href":"https:\/\/murter-online.com\/de\/wp-json\/wp\/v2\/types\/product"}],"wp:featuredmedia":[{"embeddable":true,"href":"https:\/\/murter-online.com\/de\/wp-json\/wp\/v2\/media\/19290"}],"wp:attachment":[{"href":"https:\/\/murter-online.com\/de\/wp-json\/wp\/v2\/media?parent=51823"}],"wp:term":[{"taxonomy":"product_brand","embeddable":true,"href":"https:\/\/murter-online.com\/de\/wp-json\/wp\/v2\/product_brand?post=51823"},{"taxonomy":"product_cat","embeddable":true,"href":"https:\/\/murter-online.com\/de\/wp-json\/wp\/v2\/product_cat?post=51823"},{"taxonomy":"product_tag","embeddable":true,"href":"https:\/\/murter-online.com\/de\/wp-json\/wp\/v2\/product_tag?post=51823"}],"curies":[{"name":"wp","href":"https:\/\/api.w.org\/{rel}","templated":true}]}}