{"id":51829,"date":"2024-12-19T14:05:10","date_gmt":"2024-12-19T14:05:10","guid":{"rendered":"https:\/\/murter.riot.hr\/?post_type=product&#038;p=51829"},"modified":"2025-03-28T20:35:21","modified_gmt":"2025-03-28T19:35:21","slug":"haus-andrea-ferienwohnungen-andrea-jezera-beach-house-a21-id-21","status":"publish","type":"product","link":"https:\/\/murter-online.com\/de\/produkt\/haus-andrea-ferienwohnungen-andrea-jezera-beach-house-a21-id-21\/","title":{"rendered":"Mobilheime am strand Murter Jezera A2+1 ID 21"},"content":{"rendered":"","protected":false},"excerpt":{"rendered":"<p>Die Wohnung befindet sich 70 m vom Strand entfernt, an einem ruhigen Ort -Die K\u00fcche ist komplett ausgestattet -Bettw\u00e4sche, Handt\u00fccher und Endreinigung sind im Preis inbegriffen &#8211; Der Kinderspielplatz befindet sich in der N\u00e4he der Wohnung<\/p>\n","protected":false},"featured_media":19338,"template":"","meta":{"_acf_changed":false},"product_brand":[],"product_cat":[144,142,150],"product_tag":[],"class_list":{"0":"post-51829","1":"product","2":"type-product","3":"status-publish","4":"has-post-thumbnail","6":"product_cat-familien-ferienwohnung","7":"product_cat-ferienwohnungen-mit-meerblick","8":"product_cat-mobilheim","10":"first","11":"instock","12":"sold-individually","13":"shipping-taxable","14":"purchasable","15":"product-type-phive_booking"},"acf":[],"_links":{"self":[{"href":"https:\/\/murter-online.com\/de\/wp-json\/wp\/v2\/product\/51829","targetHints":{"allow":["GET"]}}],"collection":[{"href":"https:\/\/murter-online.com\/de\/wp-json\/wp\/v2\/product"}],"about":[{"href":"https:\/\/murter-online.com\/de\/wp-json\/wp\/v2\/types\/product"}],"wp:featuredmedia":[{"embeddable":true,"href":"https:\/\/murter-online.com\/de\/wp-json\/wp\/v2\/media\/19338"}],"wp:attachment":[{"href":"https:\/\/murter-online.com\/de\/wp-json\/wp\/v2\/media?parent=51829"}],"wp:term":[{"taxonomy":"product_brand","embeddable":true,"href":"https:\/\/murter-online.com\/de\/wp-json\/wp\/v2\/product_brand?post=51829"},{"taxonomy":"product_cat","embeddable":true,"href":"https:\/\/murter-online.com\/de\/wp-json\/wp\/v2\/product_cat?post=51829"},{"taxonomy":"product_tag","embeddable":true,"href":"https:\/\/murter-online.com\/de\/wp-json\/wp\/v2\/product_tag?post=51829"}],"curies":[{"name":"wp","href":"https:\/\/api.w.org\/{rel}","templated":true}]}}