{"id":51852,"date":"2024-12-20T10:03:21","date_gmt":"2024-12-20T10:03:21","guid":{"rendered":"https:\/\/murter.riot.hr\/?post_type=product&#038;p=51852"},"modified":"2025-04-12T07:50:41","modified_gmt":"2025-04-12T06:50:41","slug":"ferienwohnung-betina-zdrace-strandblick-a2-2-id-108","status":"publish","type":"product","link":"https:\/\/murter-online.com\/de\/produkt\/ferienwohnung-betina-zdrace-strandblick-a2-2-id-108\/","title":{"rendered":"\uf0d8 Ferienwohnung Murter Meerblick Zdra\u010de Betina SA2 + 2 ID 108"},"content":{"rendered":"","protected":false},"excerpt":{"rendered":"<p>Die Wohnung befindet sich in einer ausgezeichneten Lage, nur 70 Meter vom Meer entfernt. Die Wohnung hat eine Fl\u00e4che von 25 m2. Es hat ein Schlafzimmer f\u00fcr 2 Erwachsene. Es hat ein Wohnzimmer, das zum Schlafen genutzt werden kann &#8211; Es hat ein Zustellbett f\u00fcr 2 Personen. Es hat ein Badezimmer mit Dusche. Balkon \/ Terrasse ist 5 m2. Die Wohnung befindet sich im ersten Stock. Die Wohnung ist mit TV, Klimaanlage, Backofen und kostenfreiem WLAN ausgestattet. Das Parken ist vorhanden und im Preis inbegriffen. Es gibt einen Au\u00dfengrill, der benutzt werden kann. Die Wohnung ist ca. 250 m vom Zentrum entfernt. Haustiere sind nicht erlaubt.<\/p>\n","protected":false},"featured_media":19518,"template":"","meta":{"_acf_changed":false},"product_brand":[],"product_cat":[144,130,142],"product_tag":[],"class_list":{"0":"post-51852","1":"product","2":"type-product","3":"status-publish","4":"has-post-thumbnail","6":"product_cat-familien-ferienwohnung","7":"product_cat-ferienwohnungen","8":"product_cat-ferienwohnungen-mit-meerblick","10":"first","11":"instock","12":"sold-individually","13":"shipping-taxable","14":"purchasable","15":"product-type-phive_booking"},"acf":[],"_links":{"self":[{"href":"https:\/\/murter-online.com\/de\/wp-json\/wp\/v2\/product\/51852","targetHints":{"allow":["GET"]}}],"collection":[{"href":"https:\/\/murter-online.com\/de\/wp-json\/wp\/v2\/product"}],"about":[{"href":"https:\/\/murter-online.com\/de\/wp-json\/wp\/v2\/types\/product"}],"wp:featuredmedia":[{"embeddable":true,"href":"https:\/\/murter-online.com\/de\/wp-json\/wp\/v2\/media\/19518"}],"wp:attachment":[{"href":"https:\/\/murter-online.com\/de\/wp-json\/wp\/v2\/media?parent=51852"}],"wp:term":[{"taxonomy":"product_brand","embeddable":true,"href":"https:\/\/murter-online.com\/de\/wp-json\/wp\/v2\/product_brand?post=51852"},{"taxonomy":"product_cat","embeddable":true,"href":"https:\/\/murter-online.com\/de\/wp-json\/wp\/v2\/product_cat?post=51852"},{"taxonomy":"product_tag","embeddable":true,"href":"https:\/\/murter-online.com\/de\/wp-json\/wp\/v2\/product_tag?post=51852"}],"curies":[{"name":"wp","href":"https:\/\/api.w.org\/{rel}","templated":true}]}}