{"id":51856,"date":"2024-12-20T11:01:34","date_gmt":"2024-12-20T11:01:34","guid":{"rendered":"https:\/\/murter.riot.hr\/?post_type=product&#038;p=51856"},"modified":"2025-04-25T19:49:04","modified_gmt":"2025-04-25T18:49:04","slug":"ferienwohnung-center-spot-murter-a22-id-78","status":"publish","type":"product","link":"https:\/\/murter-online.com\/de\/produkt\/ferienwohnung-center-spot-murter-a22-id-78\/","title":{"rendered":"Ferienwohnung Murter Center Spot A2+2 ID 78"},"content":{"rendered":"","protected":false},"excerpt":{"rendered":"<p>Das Apartment Center Murter A2+2 ID 78 befindet sich nur wenige Meter vom Zentrum entfernt. Restaurants, Caf\u00e9s und Gesch\u00e4fte befinden sich in der N\u00e4he der Wohnung. Der n\u00e4chste Strand ist 5 Gehminuten entfernt. Dieses Apartment bietet kostenfreies WLAN, Sat-TV und eine Klimaanlage Der Preis beinhaltet Handt\u00fccher, Bettw\u00e4sche und Endreinigung.<\/p>\n","protected":false},"featured_media":19586,"template":"","meta":{"_acf_changed":false},"product_brand":[],"product_cat":[144,130],"product_tag":[],"class_list":{"0":"post-51856","1":"product","2":"type-product","3":"status-publish","4":"has-post-thumbnail","6":"product_cat-familien-ferienwohnung","7":"product_cat-ferienwohnungen","9":"first","10":"instock","11":"sold-individually","12":"shipping-taxable","13":"purchasable","14":"product-type-phive_booking"},"acf":[],"_links":{"self":[{"href":"https:\/\/murter-online.com\/de\/wp-json\/wp\/v2\/product\/51856","targetHints":{"allow":["GET"]}}],"collection":[{"href":"https:\/\/murter-online.com\/de\/wp-json\/wp\/v2\/product"}],"about":[{"href":"https:\/\/murter-online.com\/de\/wp-json\/wp\/v2\/types\/product"}],"wp:featuredmedia":[{"embeddable":true,"href":"https:\/\/murter-online.com\/de\/wp-json\/wp\/v2\/media\/19586"}],"wp:attachment":[{"href":"https:\/\/murter-online.com\/de\/wp-json\/wp\/v2\/media?parent=51856"}],"wp:term":[{"taxonomy":"product_brand","embeddable":true,"href":"https:\/\/murter-online.com\/de\/wp-json\/wp\/v2\/product_brand?post=51856"},{"taxonomy":"product_cat","embeddable":true,"href":"https:\/\/murter-online.com\/de\/wp-json\/wp\/v2\/product_cat?post=51856"},{"taxonomy":"product_tag","embeddable":true,"href":"https:\/\/murter-online.com\/de\/wp-json\/wp\/v2\/product_tag?post=51856"}],"curies":[{"name":"wp","href":"https:\/\/api.w.org\/{rel}","templated":true}]}}