{"id":51865,"date":"2024-12-20T13:48:20","date_gmt":"2024-12-20T13:48:20","guid":{"rendered":"https:\/\/murter.riot.hr\/?post_type=product&#038;p=51865"},"modified":"2025-04-12T11:54:40","modified_gmt":"2025-04-12T10:54:40","slug":"wohnung-cigrada-murter-3-a22-id-242","status":"publish","type":"product","link":"https:\/\/murter-online.com\/de\/produkt\/wohnung-cigrada-murter-3-a22-id-242\/","title":{"rendered":"Ferienwohnung Murter Meerblick strand \u010cigra\u0111a 3 A2+2 ID 242"},"content":{"rendered":"","protected":false},"excerpt":{"rendered":"<p>Ein-Zimmer-Wohnung mit Meerblick! Die Wohnung befindet sich in der N\u00e4he des Strandes \u010cigra\u0111a. Die Wohnung hat ein Schlafzimmer. Die Wohnung verf\u00fcgt \u00fcber ein Wohnzimmer, das zum Schlafen genutzt werden kann. Das Apartment bietet Platz f\u00fcr maximal 4 Erwachsene. Die K\u00fcche ist komplett ausgestattet. Die Wohnung verf\u00fcgt \u00fcber Klimaanlage und WiFi &#8211; Internet. Das Parken ist kostenlos und gesichert vor der Wohnung im Hof. Es gibt einen Au\u00dfengrill, der benutzt werden kann.<\/p>\n","protected":false},"featured_media":19746,"template":"","meta":{"_acf_changed":false},"product_brand":[],"product_cat":[144,130,142],"product_tag":[],"class_list":{"0":"post-51865","1":"product","2":"type-product","3":"status-publish","4":"has-post-thumbnail","6":"product_cat-familien-ferienwohnung","7":"product_cat-ferienwohnungen","8":"product_cat-ferienwohnungen-mit-meerblick","10":"first","11":"instock","12":"sold-individually","13":"shipping-taxable","14":"purchasable","15":"product-type-phive_booking"},"acf":[],"_links":{"self":[{"href":"https:\/\/murter-online.com\/de\/wp-json\/wp\/v2\/product\/51865","targetHints":{"allow":["GET"]}}],"collection":[{"href":"https:\/\/murter-online.com\/de\/wp-json\/wp\/v2\/product"}],"about":[{"href":"https:\/\/murter-online.com\/de\/wp-json\/wp\/v2\/types\/product"}],"wp:featuredmedia":[{"embeddable":true,"href":"https:\/\/murter-online.com\/de\/wp-json\/wp\/v2\/media\/19746"}],"wp:attachment":[{"href":"https:\/\/murter-online.com\/de\/wp-json\/wp\/v2\/media?parent=51865"}],"wp:term":[{"taxonomy":"product_brand","embeddable":true,"href":"https:\/\/murter-online.com\/de\/wp-json\/wp\/v2\/product_brand?post=51865"},{"taxonomy":"product_cat","embeddable":true,"href":"https:\/\/murter-online.com\/de\/wp-json\/wp\/v2\/product_cat?post=51865"},{"taxonomy":"product_tag","embeddable":true,"href":"https:\/\/murter-online.com\/de\/wp-json\/wp\/v2\/product_tag?post=51865"}],"curies":[{"name":"wp","href":"https:\/\/api.w.org\/{rel}","templated":true}]}}