{"id":51884,"date":"2024-12-27T10:55:36","date_gmt":"2024-12-27T10:55:36","guid":{"rendered":"https:\/\/murter.riot.hr\/?post_type=product&#038;p=51884"},"modified":"2025-04-12T12:56:24","modified_gmt":"2025-04-12T11:56:24","slug":"ferienwohnung-cigrada-murter-sea-view-2-a22-id-156","status":"publish","type":"product","link":"https:\/\/murter-online.com\/de\/produkt\/ferienwohnung-cigrada-murter-sea-view-2-a22-id-156\/","title":{"rendered":"Ferienwohnung Murter Meerblick Strand \u010cigra\u0111a 2 A2+2 ID 156"},"content":{"rendered":"","protected":false},"excerpt":{"rendered":"<p>Wohnung in toller Lage, nur 500 Meter vom Meer entfernt. Die Wohnung hat eine Fl\u00e4che von 40 m2. Es hat ein Schlafzimmer, in dem 2 Erwachsene schlafen k\u00f6nnen. Es hat ein Wohnzimmer, das zum Schlafen genutzt werden kann &#8211; Es hat ein Zustellbett f\u00fcr zwei Personen. Es hat ein Badezimmer mit Dusche. Balkon \/ Terrasse ist 10 m2. Die Wohnung befindet sich im ersten Stock. Die Wohnung ist mit TV, Klimaanlage, Satellitenempf\u00e4nger, Backofen und kostenlosem WLAN ausgestattet. Das Parken ist vorhanden und im Preis inbegriffen. Es gibt einen Au\u00dfengrill, der benutzt werden kann.Der in der Preisliste angegebene Preis gilt f\u00fcr zwei Personen pro Nacht. Jede weitere Person in der Wohnung berechnet 5 Euro \/ zus\u00e4tzliche Person \/ Tag. Haustiere auf Anfrage.<\/p>\n","protected":false},"featured_media":20110,"template":"","meta":{"_acf_changed":false},"product_brand":[],"product_cat":[144,130,142],"product_tag":[],"class_list":{"0":"post-51884","1":"product","2":"type-product","3":"status-publish","4":"has-post-thumbnail","6":"product_cat-familien-ferienwohnung","7":"product_cat-ferienwohnungen","8":"product_cat-ferienwohnungen-mit-meerblick","10":"first","11":"instock","12":"sold-individually","13":"shipping-taxable","14":"purchasable","15":"product-type-phive_booking"},"acf":[],"_links":{"self":[{"href":"https:\/\/murter-online.com\/de\/wp-json\/wp\/v2\/product\/51884","targetHints":{"allow":["GET"]}}],"collection":[{"href":"https:\/\/murter-online.com\/de\/wp-json\/wp\/v2\/product"}],"about":[{"href":"https:\/\/murter-online.com\/de\/wp-json\/wp\/v2\/types\/product"}],"wp:featuredmedia":[{"embeddable":true,"href":"https:\/\/murter-online.com\/de\/wp-json\/wp\/v2\/media\/20110"}],"wp:attachment":[{"href":"https:\/\/murter-online.com\/de\/wp-json\/wp\/v2\/media?parent=51884"}],"wp:term":[{"taxonomy":"product_brand","embeddable":true,"href":"https:\/\/murter-online.com\/de\/wp-json\/wp\/v2\/product_brand?post=51884"},{"taxonomy":"product_cat","embeddable":true,"href":"https:\/\/murter-online.com\/de\/wp-json\/wp\/v2\/product_cat?post=51884"},{"taxonomy":"product_tag","embeddable":true,"href":"https:\/\/murter-online.com\/de\/wp-json\/wp\/v2\/product_tag?post=51884"}],"curies":[{"name":"wp","href":"https:\/\/api.w.org\/{rel}","templated":true}]}}