{"id":51888,"date":"2024-12-27T13:08:05","date_gmt":"2024-12-27T13:08:05","guid":{"rendered":"https:\/\/murter.riot.hr\/?post_type=product&#038;p=51888"},"modified":"2025-05-01T07:19:42","modified_gmt":"2025-05-01T06:19:42","slug":"ferienwohnung-colentum-beach-a21-id-127","status":"publish","type":"product","link":"https:\/\/murter-online.com\/de\/produkt\/ferienwohnung-colentum-beach-a21-id-127\/","title":{"rendered":"Ferienwohnung Murter Strand Zdra\u010de A2+1 ID 127"},"content":{"rendered":"","protected":false},"excerpt":{"rendered":"<p>Die Wohnung ist komplett ausgestattet, 250 Meter vom ersten Strand entfernt. Die Wohnung hat eine Fl\u00e4che von 40 m2. Es hat ein Schlafzimmer f\u00fcr 2 Erwachsene. Es hat ein Wohnzimmer, das zum Schlafen genutzt werden kann &#8211; Es hat ein Zustellbett f\u00fcr zwei Personen. Es hat ein Badezimmer mit Dusche. Balkon \/ Terrasse ist 10 m2. Die Wohnung befindet sich im ersten Stock. Die Wohnung ist mit TV, Klimaanlage, Backofen, Wi-Fi ausgestattet. Das Parken ist kostenlos und kostenlos. Haustiere sind gegen Aufpreis erlaubt.<\/p>\n","protected":false},"featured_media":20202,"template":"","meta":{"_acf_changed":false},"product_brand":[],"product_cat":[144,130],"product_tag":[],"class_list":{"0":"post-51888","1":"product","2":"type-product","3":"status-publish","4":"has-post-thumbnail","6":"product_cat-familien-ferienwohnung","7":"product_cat-ferienwohnungen","9":"first","10":"instock","11":"sold-individually","12":"shipping-taxable","13":"purchasable","14":"product-type-phive_booking"},"acf":[],"_links":{"self":[{"href":"https:\/\/murter-online.com\/de\/wp-json\/wp\/v2\/product\/51888","targetHints":{"allow":["GET"]}}],"collection":[{"href":"https:\/\/murter-online.com\/de\/wp-json\/wp\/v2\/product"}],"about":[{"href":"https:\/\/murter-online.com\/de\/wp-json\/wp\/v2\/types\/product"}],"wp:featuredmedia":[{"embeddable":true,"href":"https:\/\/murter-online.com\/de\/wp-json\/wp\/v2\/media\/20202"}],"wp:attachment":[{"href":"https:\/\/murter-online.com\/de\/wp-json\/wp\/v2\/media?parent=51888"}],"wp:term":[{"taxonomy":"product_brand","embeddable":true,"href":"https:\/\/murter-online.com\/de\/wp-json\/wp\/v2\/product_brand?post=51888"},{"taxonomy":"product_cat","embeddable":true,"href":"https:\/\/murter-online.com\/de\/wp-json\/wp\/v2\/product_cat?post=51888"},{"taxonomy":"product_tag","embeddable":true,"href":"https:\/\/murter-online.com\/de\/wp-json\/wp\/v2\/product_tag?post=51888"}],"curies":[{"name":"wp","href":"https:\/\/api.w.org\/{rel}","templated":true}]}}