{"id":51905,"date":"2024-12-27T13:54:11","date_gmt":"2024-12-27T13:54:11","guid":{"rendered":"https:\/\/murter.riot.hr\/?post_type=product&#038;p=51905"},"modified":"2025-05-01T07:34:06","modified_gmt":"2025-05-01T06:34:06","slug":"ferienwohnung-dea-green-a21","status":"publish","type":"product","link":"https:\/\/murter-online.com\/de\/produkt\/ferienwohnung-dea-green-a21\/","title":{"rendered":"Ferienwohnung Strand Zdra\u010de Gr\u00fcn Murter A2+1"},"content":{"rendered":"","protected":false},"excerpt":{"rendered":"<p>Die in der Tabelle angegebenen Apartmentpreise nach Zeitr\u00e4umen gelten f\u00fcr 2 Personen, jede weitere Person im Apartment wird mit 5 Euro mehr\/weitere Person\/Tag berechnet. Die Wohnung befindet sich in ausgezeichneter Lage, in der N\u00e4he des Yachthafens Hramina in Murter, des arch\u00e4ologischen Strandes Colentum, des Stadtstrandes Zdra\u010de und des Zentrums von Murter in ruhiger und friedlicher Lage. Die Wohnung ist neu und komplett ausgestattet. Es verf\u00fcgt \u00fcber ein Schlafzimmer f\u00fcr zwei Personen und ein Wohnzimmer, in dem Sie schlafen k\u00f6nnen. Parkpl\u00e4tze stehen vor dem Geb\u00e4ude im Hof \u200b\u200bzur Verf\u00fcgung. Ein idealer Ort, um einen Familienurlaub zu verbringen!<\/p>\n","protected":false},"featured_media":20334,"template":"","meta":{"_acf_changed":false},"product_brand":[],"product_cat":[144,130],"product_tag":[],"class_list":{"0":"post-51905","1":"product","2":"type-product","3":"status-publish","4":"has-post-thumbnail","6":"product_cat-familien-ferienwohnung","7":"product_cat-ferienwohnungen","9":"first","10":"instock","11":"sold-individually","12":"shipping-taxable","13":"purchasable","14":"product-type-phive_booking"},"acf":[],"_links":{"self":[{"href":"https:\/\/murter-online.com\/de\/wp-json\/wp\/v2\/product\/51905","targetHints":{"allow":["GET"]}}],"collection":[{"href":"https:\/\/murter-online.com\/de\/wp-json\/wp\/v2\/product"}],"about":[{"href":"https:\/\/murter-online.com\/de\/wp-json\/wp\/v2\/types\/product"}],"wp:featuredmedia":[{"embeddable":true,"href":"https:\/\/murter-online.com\/de\/wp-json\/wp\/v2\/media\/20334"}],"wp:attachment":[{"href":"https:\/\/murter-online.com\/de\/wp-json\/wp\/v2\/media?parent=51905"}],"wp:term":[{"taxonomy":"product_brand","embeddable":true,"href":"https:\/\/murter-online.com\/de\/wp-json\/wp\/v2\/product_brand?post=51905"},{"taxonomy":"product_cat","embeddable":true,"href":"https:\/\/murter-online.com\/de\/wp-json\/wp\/v2\/product_cat?post=51905"},{"taxonomy":"product_tag","embeddable":true,"href":"https:\/\/murter-online.com\/de\/wp-json\/wp\/v2\/product_tag?post=51905"}],"curies":[{"name":"wp","href":"https:\/\/api.w.org\/{rel}","templated":true}]}}