{"id":51910,"date":"2024-12-27T14:32:44","date_gmt":"2024-12-27T14:32:44","guid":{"rendered":"https:\/\/murter.riot.hr\/?post_type=product&#038;p=51910"},"modified":"2025-04-25T20:03:11","modified_gmt":"2025-04-25T19:03:11","slug":"haus-gaby-ferienwohnungen-sol-y-mar-a21-id-13","status":"publish","type":"product","link":"https:\/\/murter-online.com\/de\/produkt\/haus-gaby-ferienwohnungen-sol-y-mar-a21-id-13\/","title":{"rendered":"Ferienwohnungen Murter Gaby Soly Mar A2+1 ID 13"},"content":{"rendered":"","protected":false},"excerpt":{"rendered":"<p>Ferienwohnung Slanica A2+1 mit ein sch\u00f6nen Meerblick befindet sich in ausgezeichnete Lage, nur 200m. vom Meer entfernt. Die Ferienwohnung hat eine Fl\u00e4che von 30 m2. Diese Ferienwohnung verf\u00fcgt \u00fcber ein Schlafzimmer wo 2 Erwachsene schlafen k\u00f6nnen. Es gibt ein Zustellbett f\u00fcr eine Person. Es gibt einen kostenlosen Parkplatz. Es gibt eine Badezimmer mit Dusche . Die Ferienwohnung Zur Verf\u00fcgung steht auch ein Grillplatz. ist ausgestattet mit Fernseher. Balkon\/Terrasse ist 20 m2 gro\u00df. , hat ein Wohnzimmer. Liegt im ersten Stock. Haustiere &#8211; nach Absprache. Die FeWo ist 400m. weit vom Zentrum und ca. 200m. weit vom Meer oder dem ersten Strand in Murter<\/p>\n","protected":false},"featured_media":20422,"template":"","meta":{"_acf_changed":false},"product_brand":[],"product_cat":[144,130],"product_tag":[],"class_list":{"0":"post-51910","1":"product","2":"type-product","3":"status-publish","4":"has-post-thumbnail","6":"product_cat-familien-ferienwohnung","7":"product_cat-ferienwohnungen","9":"first","10":"instock","11":"sold-individually","12":"shipping-taxable","13":"purchasable","14":"product-type-phive_booking"},"acf":[],"_links":{"self":[{"href":"https:\/\/murter-online.com\/de\/wp-json\/wp\/v2\/product\/51910","targetHints":{"allow":["GET"]}}],"collection":[{"href":"https:\/\/murter-online.com\/de\/wp-json\/wp\/v2\/product"}],"about":[{"href":"https:\/\/murter-online.com\/de\/wp-json\/wp\/v2\/types\/product"}],"wp:featuredmedia":[{"embeddable":true,"href":"https:\/\/murter-online.com\/de\/wp-json\/wp\/v2\/media\/20422"}],"wp:attachment":[{"href":"https:\/\/murter-online.com\/de\/wp-json\/wp\/v2\/media?parent=51910"}],"wp:term":[{"taxonomy":"product_brand","embeddable":true,"href":"https:\/\/murter-online.com\/de\/wp-json\/wp\/v2\/product_brand?post=51910"},{"taxonomy":"product_cat","embeddable":true,"href":"https:\/\/murter-online.com\/de\/wp-json\/wp\/v2\/product_cat?post=51910"},{"taxonomy":"product_tag","embeddable":true,"href":"https:\/\/murter-online.com\/de\/wp-json\/wp\/v2\/product_tag?post=51910"}],"curies":[{"name":"wp","href":"https:\/\/api.w.org\/{rel}","templated":true}]}}