{"id":51916,"date":"2024-12-27T15:19:47","date_gmt":"2024-12-27T15:19:47","guid":{"rendered":"https:\/\/murter.riot.hr\/?post_type=product&#038;p=51916"},"modified":"2025-04-12T13:18:35","modified_gmt":"2025-04-12T12:18:35","slug":"haus-branka-ferienwohnungen-galerie-a2-id-07","status":"publish","type":"product","link":"https:\/\/murter-online.com\/de\/produkt\/haus-branka-ferienwohnungen-galerie-a2-id-07\/","title":{"rendered":"Ferienwohnung f\u00fcr 4 personen Strand Slanica Murter A2 ID 07"},"content":{"rendered":"","protected":false},"excerpt":{"rendered":"<p>Balkon Meerblick, Gartenblick Stadtblick, Stadtblick Kostenloses WiFi! Gratis Parkpl\u00e4tze Wohnungsgr\u00f6\u00dfe: 40 m\u00b2 In Ihrem privaten Badezimmer: Toilette Badewanne oder Dusche Handt\u00fccher Klopapier Aussicht: Meerblick Gartenaussicht Stadtblick Blick auf den Innenhof Ausstattung der Wohnung: Obergeschosse nur \u00fcber Treppen erreichbar Bettw\u00e4sche Extra lange Betten (&gt; 6,5 Fu\u00df) Kleiderschrank oder Schrank Tee- \/ Kaffeemaschine Klimaanlage Hartholz- oder Parkettb\u00f6den Eigener Eingang Moskitonetz Heizung K\u00fcche Reinigungsmittel K\u00fchlschrank Kaffeemaschine Mikrowelle Geschirr Wasserkocher Geschirrsp\u00fclmaschine Ofen Herd Esstisch Sofa Sitzbereich Essbereich Fernseher Satellitenkan\u00e4le Flachbildfernseher Kabelkan\u00e4le Balkon Terrasse Gartenm\u00f6bel Essbereich im Freien Terrasse Grill Steckdose neben dem Bett Kleiderst\u00e4nder W\u00e4schest\u00e4nder f\u00fcr Kleidung Schlafsofa Parken: Kostenlose Privatparkpl\u00e4tze stehen vor Ort zur Verf\u00fcgung (Reservierung nicht erforderlich).<\/p>\n","protected":false},"featured_media":20478,"template":"","meta":{"_acf_changed":false},"product_brand":[],"product_cat":[144,130,142],"product_tag":[],"class_list":{"0":"post-51916","1":"product","2":"type-product","3":"status-publish","4":"has-post-thumbnail","6":"product_cat-familien-ferienwohnung","7":"product_cat-ferienwohnungen","8":"product_cat-ferienwohnungen-mit-meerblick","10":"first","11":"instock","12":"sold-individually","13":"shipping-taxable","14":"purchasable","15":"product-type-phive_booking"},"acf":[],"_links":{"self":[{"href":"https:\/\/murter-online.com\/de\/wp-json\/wp\/v2\/product\/51916","targetHints":{"allow":["GET"]}}],"collection":[{"href":"https:\/\/murter-online.com\/de\/wp-json\/wp\/v2\/product"}],"about":[{"href":"https:\/\/murter-online.com\/de\/wp-json\/wp\/v2\/types\/product"}],"wp:featuredmedia":[{"embeddable":true,"href":"https:\/\/murter-online.com\/de\/wp-json\/wp\/v2\/media\/20478"}],"wp:attachment":[{"href":"https:\/\/murter-online.com\/de\/wp-json\/wp\/v2\/media?parent=51916"}],"wp:term":[{"taxonomy":"product_brand","embeddable":true,"href":"https:\/\/murter-online.com\/de\/wp-json\/wp\/v2\/product_brand?post=51916"},{"taxonomy":"product_cat","embeddable":true,"href":"https:\/\/murter-online.com\/de\/wp-json\/wp\/v2\/product_cat?post=51916"},{"taxonomy":"product_tag","embeddable":true,"href":"https:\/\/murter-online.com\/de\/wp-json\/wp\/v2\/product_tag?post=51916"}],"curies":[{"name":"wp","href":"https:\/\/api.w.org\/{rel}","templated":true}]}}