{"id":51922,"date":"2025-01-06T18:00:13","date_gmt":"2025-01-06T18:00:13","guid":{"rendered":"https:\/\/murter.riot.hr\/?post_type=product&#038;p=51922"},"modified":"2025-01-24T15:14:50","modified_gmt":"2025-01-24T15:14:50","slug":"ferienwohnung-garden-festival-a22","status":"publish","type":"product","link":"https:\/\/murter-online.com\/de\/produkt\/ferienwohnung-garden-festival-a22\/","title":{"rendered":"Ferienwohnung Garden Festival A2+2"},"content":{"rendered":"","protected":false},"excerpt":{"rendered":"<p>Neue und voll ausgestattete Wohnung in hervorragender Lage, nur 350 m vom Gartenfest in Tisno entfernt. Die Wohnung verf\u00fcgt \u00fcber ein Schlafzimmer mit einem Doppelbett, in dem zwei Personen schlafen k\u00f6nnen. Die Wohnung verf\u00fcgt \u00fcber ein Wohnzimmer, das zum Schlafen genutzt werden kann, und ein Zustellbett, in dem zwei Personen schlafen k\u00f6nnen.<\/p>\n","protected":false},"featured_media":33562,"template":"","meta":{"_acf_changed":false},"product_brand":[],"product_cat":[144],"product_tag":[],"class_list":{"0":"post-51922","1":"product","2":"type-product","3":"status-publish","4":"has-post-thumbnail","6":"product_cat-familien-ferienwohnung","8":"first","9":"instock","10":"sold-individually","11":"shipping-taxable","12":"purchasable","13":"product-type-phive_booking"},"acf":[],"_links":{"self":[{"href":"https:\/\/murter-online.com\/de\/wp-json\/wp\/v2\/product\/51922","targetHints":{"allow":["GET"]}}],"collection":[{"href":"https:\/\/murter-online.com\/de\/wp-json\/wp\/v2\/product"}],"about":[{"href":"https:\/\/murter-online.com\/de\/wp-json\/wp\/v2\/types\/product"}],"wp:featuredmedia":[{"embeddable":true,"href":"https:\/\/murter-online.com\/de\/wp-json\/wp\/v2\/media\/33562"}],"wp:attachment":[{"href":"https:\/\/murter-online.com\/de\/wp-json\/wp\/v2\/media?parent=51922"}],"wp:term":[{"taxonomy":"product_brand","embeddable":true,"href":"https:\/\/murter-online.com\/de\/wp-json\/wp\/v2\/product_brand?post=51922"},{"taxonomy":"product_cat","embeddable":true,"href":"https:\/\/murter-online.com\/de\/wp-json\/wp\/v2\/product_cat?post=51922"},{"taxonomy":"product_tag","embeddable":true,"href":"https:\/\/murter-online.com\/de\/wp-json\/wp\/v2\/product_tag?post=51922"}],"curies":[{"name":"wp","href":"https:\/\/api.w.org\/{rel}","templated":true}]}}