{"id":51933,"date":"2024-12-28T13:06:10","date_gmt":"2024-12-28T13:06:10","guid":{"rendered":"https:\/\/murter.riot.hr\/?post_type=product&#038;p=51933"},"modified":"2025-05-01T08:00:10","modified_gmt":"2025-05-01T07:00:10","slug":"haus-branka-murter-ferienwohnungen-grete-a2-id-11","status":"publish","type":"product","link":"https:\/\/murter-online.com\/de\/produkt\/haus-branka-murter-ferienwohnungen-grete-a2-id-11\/","title":{"rendered":"Ein zimmer apartment Grete Murter A2 ID 11"},"content":{"rendered":"","protected":false},"excerpt":{"rendered":"<p>Meerblick Blick auf den Garten Blick auf den Innenhof Kostenloses WLAN! Gratis Parkpl\u00e4tze Wohnungsgr\u00f6\u00dfe: 35 m\u00b2 In Ihrem privaten Badezimmer: Toilette Badewanne oder Dusche Handt\u00fccher Klopapier Aussicht: Meerblick Gartenaussicht Blick auf den Innenhof Ausstattung der Wohnung: Obergeschosse nur \u00fcber Treppen erreichbar Bettw\u00e4sche Extra lange Betten (&gt; 6,5 Fu\u00df) Kleiderschrank oder Schrank Tee- \/ Kaffeemaschine Klimaanlage Hartholz- oder Parkettb\u00f6den Eigener Eingang Moskitonetz Heizung K\u00fcche Reinigungsmittel K\u00fchlschrank Kaffeemaschine Geschirr Wasserkocher Ofen Herd Esstisch Sitzbereich Essbereich Fernseher Satellitenkan\u00e4le Flachbildfernseher Kabelkan\u00e4le Balkon Terrasse Gartenm\u00f6bel Essbereich im Freien Terrasse Grill Steckdose neben dem Bett Kleiderst\u00e4nder Klappbett W\u00e4schest\u00e4nder f\u00fcr Kleidung Kostenlose Privatparkpl\u00e4tze stehen vor Ort zur Verf\u00fcgung (Reservierung nicht erforderlich).<\/p>\n","protected":false},"featured_media":20698,"template":"","meta":{"_acf_changed":false},"product_brand":[],"product_cat":[144,130],"product_tag":[],"class_list":{"0":"post-51933","1":"product","2":"type-product","3":"status-publish","4":"has-post-thumbnail","6":"product_cat-familien-ferienwohnung","7":"product_cat-ferienwohnungen","9":"first","10":"instock","11":"sold-individually","12":"shipping-taxable","13":"purchasable","14":"product-type-phive_booking"},"acf":[],"_links":{"self":[{"href":"https:\/\/murter-online.com\/de\/wp-json\/wp\/v2\/product\/51933","targetHints":{"allow":["GET"]}}],"collection":[{"href":"https:\/\/murter-online.com\/de\/wp-json\/wp\/v2\/product"}],"about":[{"href":"https:\/\/murter-online.com\/de\/wp-json\/wp\/v2\/types\/product"}],"wp:featuredmedia":[{"embeddable":true,"href":"https:\/\/murter-online.com\/de\/wp-json\/wp\/v2\/media\/20698"}],"wp:attachment":[{"href":"https:\/\/murter-online.com\/de\/wp-json\/wp\/v2\/media?parent=51933"}],"wp:term":[{"taxonomy":"product_brand","embeddable":true,"href":"https:\/\/murter-online.com\/de\/wp-json\/wp\/v2\/product_brand?post=51933"},{"taxonomy":"product_cat","embeddable":true,"href":"https:\/\/murter-online.com\/de\/wp-json\/wp\/v2\/product_cat?post=51933"},{"taxonomy":"product_tag","embeddable":true,"href":"https:\/\/murter-online.com\/de\/wp-json\/wp\/v2\/product_tag?post=51933"}],"curies":[{"name":"wp","href":"https:\/\/api.w.org\/{rel}","templated":true}]}}