{"id":51937,"date":"2024-12-29T19:01:52","date_gmt":"2024-12-29T19:01:52","guid":{"rendered":"https:\/\/murter.riot.hr\/?post_type=product&#038;p=51937"},"modified":"2025-01-24T19:05:31","modified_gmt":"2025-01-24T19:05:31","slug":"wohnung-im-zentrum-von-murter-a22-id-267","status":"publish","type":"product","link":"https:\/\/murter-online.com\/de\/produkt\/wohnung-im-zentrum-von-murter-a22-id-267\/","title":{"rendered":"Wohnung im Zentrum von Murter A2+2 ID 267"},"content":{"rendered":"","protected":false},"excerpt":{"rendered":"<p>Renovierte Wohnung in einem alten Steinhaus in Murter. Es liegt sehr nahe am Zentrum. Die Wohnung hat ein Schlafzimmer, wo 2 Erwachsene schlafen k\u00f6nnen. Im Wohnzimmer befindet sich eine Couch, die zum Schlafen genutzt werden kann. Das Parken ist auf dem \u00f6ffentlichen Parkplatz 100 Meter von der Wohnung entfernt, die Parkkosten sind im Preis der Wohnung enthalten. Die Wohnung verf\u00fcgt \u00fcber Klimaanlage, WiFi Internet, die K\u00fcche ist komplett ausgestattet. Die Wohnung befindet sich 300 Meter vom \u00f6rtlichen Strand Lukas entfernt. Die Wohnung hat die M\u00f6glichkeit, gegen Aufpreis ein Boot festzumachen. Die G\u00e4ste der Apartments haben das Recht, die gemeinsame Terrasse mit Meerblick zu nutzen.<\/p>\n","protected":false},"featured_media":20814,"template":"","meta":{"_acf_changed":false},"product_brand":[],"product_cat":[144,130,145],"product_tag":[],"class_list":{"0":"post-51937","1":"product","2":"type-product","3":"status-publish","4":"has-post-thumbnail","6":"product_cat-familien-ferienwohnung","7":"product_cat-ferienwohnungen","8":"product_cat-ferienwohnungen-mit-bootsliegeplatz","10":"first","11":"instock","12":"sold-individually","13":"shipping-taxable","14":"purchasable","15":"product-type-phive_booking"},"acf":[],"_links":{"self":[{"href":"https:\/\/murter-online.com\/de\/wp-json\/wp\/v2\/product\/51937","targetHints":{"allow":["GET"]}}],"collection":[{"href":"https:\/\/murter-online.com\/de\/wp-json\/wp\/v2\/product"}],"about":[{"href":"https:\/\/murter-online.com\/de\/wp-json\/wp\/v2\/types\/product"}],"wp:featuredmedia":[{"embeddable":true,"href":"https:\/\/murter-online.com\/de\/wp-json\/wp\/v2\/media\/20814"}],"wp:attachment":[{"href":"https:\/\/murter-online.com\/de\/wp-json\/wp\/v2\/media?parent=51937"}],"wp:term":[{"taxonomy":"product_brand","embeddable":true,"href":"https:\/\/murter-online.com\/de\/wp-json\/wp\/v2\/product_brand?post=51937"},{"taxonomy":"product_cat","embeddable":true,"href":"https:\/\/murter-online.com\/de\/wp-json\/wp\/v2\/product_cat?post=51937"},{"taxonomy":"product_tag","embeddable":true,"href":"https:\/\/murter-online.com\/de\/wp-json\/wp\/v2\/product_tag?post=51937"}],"curies":[{"name":"wp","href":"https:\/\/api.w.org\/{rel}","templated":true}]}}