{"id":51942,"date":"2024-12-29T19:18:02","date_gmt":"2024-12-29T19:18:02","guid":{"rendered":"https:\/\/murter.riot.hr\/?post_type=product&#038;p=51942"},"modified":"2025-01-24T19:15:07","modified_gmt":"2025-01-24T19:15:07","slug":"wohnung-in-der-altstadt-von-murter-a21","status":"publish","type":"product","link":"https:\/\/murter-online.com\/de\/produkt\/wohnung-in-der-altstadt-von-murter-a21\/","title":{"rendered":"Wohnung in der Altstadt von Murter A2+1"},"content":{"rendered":"","protected":false},"excerpt":{"rendered":"<p>Die Wohnung f\u00fcr 2+1 oder 2+2 Personen befindet sich im alten Teil von Murter in einem authentischen dalmatinischen Steinhaus. Die Wohnung verf\u00fcgt \u00fcber ein Schlafzimmer, in dem 2 Erwachsene schlafen k\u00f6nnen, im Wohnzimmer befindet sich ein Sofa (Zusatzbett), das zum Schlafen genutzt werden kann. Die K\u00fcche ist komplett ausgestattet. Die Wohnung verf\u00fcgt \u00fcber WiFi Internet, Klimaanlage, Sp\u00fclmaschine, es gibt eine Waschmaschine im Abstellraum au\u00dferhalb der Wohnung, die kostenlos genutzt werden kann. Vor der Wohnung befindet sich eine gro\u00dfe Terrasse mit Grill. Die Wohnung verf\u00fcgt \u00fcber kostenlose Parkpl\u00e4tze.<\/p>\n","protected":false},"featured_media":20890,"template":"","meta":{"_acf_changed":false},"product_brand":[],"product_cat":[144,130],"product_tag":[],"class_list":{"0":"post-51942","1":"product","2":"type-product","3":"status-publish","4":"has-post-thumbnail","6":"product_cat-familien-ferienwohnung","7":"product_cat-ferienwohnungen","9":"first","10":"instock","11":"sold-individually","12":"shipping-taxable","13":"purchasable","14":"product-type-phive_booking"},"acf":[],"_links":{"self":[{"href":"https:\/\/murter-online.com\/de\/wp-json\/wp\/v2\/product\/51942","targetHints":{"allow":["GET"]}}],"collection":[{"href":"https:\/\/murter-online.com\/de\/wp-json\/wp\/v2\/product"}],"about":[{"href":"https:\/\/murter-online.com\/de\/wp-json\/wp\/v2\/types\/product"}],"wp:featuredmedia":[{"embeddable":true,"href":"https:\/\/murter-online.com\/de\/wp-json\/wp\/v2\/media\/20890"}],"wp:attachment":[{"href":"https:\/\/murter-online.com\/de\/wp-json\/wp\/v2\/media?parent=51942"}],"wp:term":[{"taxonomy":"product_brand","embeddable":true,"href":"https:\/\/murter-online.com\/de\/wp-json\/wp\/v2\/product_brand?post=51942"},{"taxonomy":"product_cat","embeddable":true,"href":"https:\/\/murter-online.com\/de\/wp-json\/wp\/v2\/product_cat?post=51942"},{"taxonomy":"product_tag","embeddable":true,"href":"https:\/\/murter-online.com\/de\/wp-json\/wp\/v2\/product_tag?post=51942"}],"curies":[{"name":"wp","href":"https:\/\/api.w.org\/{rel}","templated":true}]}}