{"id":51967,"date":"2024-12-29T19:57:09","date_gmt":"2024-12-29T19:57:09","guid":{"rendered":"https:\/\/murter.riot.hr\/?post_type=product&#038;p=51967"},"modified":"2025-04-13T07:46:35","modified_gmt":"2025-04-13T06:46:35","slug":"ferienwohnung-jezera-lucica-beach-22-id-120","status":"publish","type":"product","link":"https:\/\/murter-online.com\/de\/produkt\/ferienwohnung-jezera-lucica-beach-22-id-120\/","title":{"rendered":"Ferienwohnung  direkt am meer Strand Lu\u010dica Jezera &#8211; insel Murter 2+2 ID 120"},"content":{"rendered":"","protected":false},"excerpt":{"rendered":"<p>Ferienwohnung Murter-Jezera 2+2 mit ein sch\u00f6nen Meerblick befindet sich in ausgezeichnete Lage, nur 70m. vom Meer entfernt. Die Ferienwohnung hat eine Fl\u00e4che von 30 m2. Diese Ferienwohnung verf\u00fcgt \u00fcber ein Schlafzimmer wo 2 Erwachsene schlafen k\u00f6nnen. Es gibt ein Zustellbett f\u00fcr eine Person. Es gibt einen kostenlosen Parkplatz. Es gibt eine Badezimmer mit Dusche . Die Ferienwohnung Zur Verf\u00fcgung steht auch ein Grillplatz. ist ausgestattet mit Fernseher, Satellitenanschluss. Balkon\/Terrasse ist 5 m2 gro\u00df. , hat ein Wohnzimmer, die zum Schlafen genutzt werden kann. Befindet sich im Erdgeschoss. Haustiere &#8211; nach Absprache. Die FeWo ist 400m. weit vom Zentrum und ca. 70 m. weit vom Meer oder dem ersten Strand in Jezera.<\/p>\n","protected":false},"featured_media":21122,"template":"","meta":{"_acf_changed":false},"product_brand":[],"product_cat":[144,130,142],"product_tag":[],"class_list":{"0":"post-51967","1":"product","2":"type-product","3":"status-publish","4":"has-post-thumbnail","6":"product_cat-familien-ferienwohnung","7":"product_cat-ferienwohnungen","8":"product_cat-ferienwohnungen-mit-meerblick","10":"first","11":"instock","12":"sold-individually","13":"shipping-taxable","14":"purchasable","15":"product-type-phive_booking"},"acf":[],"_links":{"self":[{"href":"https:\/\/murter-online.com\/de\/wp-json\/wp\/v2\/product\/51967","targetHints":{"allow":["GET"]}}],"collection":[{"href":"https:\/\/murter-online.com\/de\/wp-json\/wp\/v2\/product"}],"about":[{"href":"https:\/\/murter-online.com\/de\/wp-json\/wp\/v2\/types\/product"}],"wp:featuredmedia":[{"embeddable":true,"href":"https:\/\/murter-online.com\/de\/wp-json\/wp\/v2\/media\/21122"}],"wp:attachment":[{"href":"https:\/\/murter-online.com\/de\/wp-json\/wp\/v2\/media?parent=51967"}],"wp:term":[{"taxonomy":"product_brand","embeddable":true,"href":"https:\/\/murter-online.com\/de\/wp-json\/wp\/v2\/product_brand?post=51967"},{"taxonomy":"product_cat","embeddable":true,"href":"https:\/\/murter-online.com\/de\/wp-json\/wp\/v2\/product_cat?post=51967"},{"taxonomy":"product_tag","embeddable":true,"href":"https:\/\/murter-online.com\/de\/wp-json\/wp\/v2\/product_tag?post=51967"}],"curies":[{"name":"wp","href":"https:\/\/api.w.org\/{rel}","templated":true}]}}