{"id":51978,"date":"2025-01-03T08:17:32","date_gmt":"2025-01-03T08:17:32","guid":{"rendered":"https:\/\/murter.riot.hr\/?post_type=product&#038;p=51978"},"modified":"2025-01-24T20:19:48","modified_gmt":"2025-01-24T20:19:48","slug":"ferienwohnung-kornatska-garden-view-id-112","status":"publish","type":"product","link":"https:\/\/murter-online.com\/de\/produkt\/ferienwohnung-kornatska-garden-view-id-112\/","title":{"rendered":"Ferienwohnung Kornatska Garden view ID 112"},"content":{"rendered":"","protected":false},"excerpt":{"rendered":"<p>Ferienwohnung Murter-Luke 2+1 befindet sich in ausgezeichnete Lage, nur 250m. vom Meer entfernt. Die Ferienwohnung hat eine Fl\u00e4che von 50 m2. Diese Ferienwohnung verf\u00fcgt \u00fcber ein Schlafzimmer wo 2 Erwachsene schlafen k\u00f6nnen. Es gibt ein Zustellbett f\u00fcr eine Person. Es gibt einen kostenlosen Parkplatz. Es gibt eine Badezimmer mit Dusche . Die Ferienwohnung ist ausgestattet mit Fernseher, Klimaanlage, Satellitenanschluss, Backofen, kostenlosen WiFi Internetanschluss. Balkon\/Terrasse ist 15 m2 gro\u00df. , hat ein Wohnzimmer, die zum Schlafen genutzt werden kann. Liegt im ersten Stock. Haustiere &#8211; nicht gestattet. Die FeWo ist 600 m weit vom Zentrum und ca. 250 m weit vom Meer oder dem ersten Strand in Murter.<\/p>\n","protected":false},"featured_media":21350,"template":"","meta":{"_acf_changed":false},"product_brand":[],"product_cat":[144,130],"product_tag":[],"class_list":{"0":"post-51978","1":"product","2":"type-product","3":"status-publish","4":"has-post-thumbnail","6":"product_cat-familien-ferienwohnung","7":"product_cat-ferienwohnungen","9":"first","10":"instock","11":"sold-individually","12":"shipping-taxable","13":"purchasable","14":"product-type-phive_booking"},"acf":[],"_links":{"self":[{"href":"https:\/\/murter-online.com\/de\/wp-json\/wp\/v2\/product\/51978","targetHints":{"allow":["GET"]}}],"collection":[{"href":"https:\/\/murter-online.com\/de\/wp-json\/wp\/v2\/product"}],"about":[{"href":"https:\/\/murter-online.com\/de\/wp-json\/wp\/v2\/types\/product"}],"wp:featuredmedia":[{"embeddable":true,"href":"https:\/\/murter-online.com\/de\/wp-json\/wp\/v2\/media\/21350"}],"wp:attachment":[{"href":"https:\/\/murter-online.com\/de\/wp-json\/wp\/v2\/media?parent=51978"}],"wp:term":[{"taxonomy":"product_brand","embeddable":true,"href":"https:\/\/murter-online.com\/de\/wp-json\/wp\/v2\/product_brand?post=51978"},{"taxonomy":"product_cat","embeddable":true,"href":"https:\/\/murter-online.com\/de\/wp-json\/wp\/v2\/product_cat?post=51978"},{"taxonomy":"product_tag","embeddable":true,"href":"https:\/\/murter-online.com\/de\/wp-json\/wp\/v2\/product_tag?post=51978"}],"curies":[{"name":"wp","href":"https:\/\/api.w.org\/{rel}","templated":true}]}}