{"id":51991,"date":"2025-01-03T09:14:59","date_gmt":"2025-01-03T09:14:59","guid":{"rendered":"https:\/\/murter.riot.hr\/?post_type=product&#038;p=51991"},"modified":"2025-04-26T07:53:42","modified_gmt":"2025-04-26T06:53:42","slug":"ferienwohnung-luke-beach-family-place-2-a22-id-194","status":"publish","type":"product","link":"https:\/\/murter-online.com\/de\/produkt\/ferienwohnung-luke-beach-family-place-2-a22-id-194\/","title":{"rendered":"Ferienwohnung f\u00fcr familien Strand Luke New Murter 2 A2+2 ID 194"},"content":{"rendered":"","protected":false},"excerpt":{"rendered":"<p>Sch\u00f6ne Familienwohnung von 40 Quadratmetern mit einer Terrasse von 12 Quadratmetern. Die Wohnung befindet sich im Erdgeschoss, neu renoviert und komplett ausgestattet. Es befindet sich in ausgezeichneter Lage, 150 Meter vom Stadtstrand Lukas, 450 Meter vom Sandstrand Slanica, der erste Laden und Kinderspielplatz ist 150 Meter von der Wohnung entfernt. Die Wohnung verf\u00fcgt \u00fcber Klimaanlage, WLAN, kostenlose Parkpl\u00e4tze vor der Wohnung. Die Wohnung ist 650 Meter vom Zentrum von Murter entfernt.<\/p>\n","protected":false},"featured_media":21654,"template":"","meta":{"_acf_changed":false},"product_brand":[],"product_cat":[144,130],"product_tag":[],"class_list":{"0":"post-51991","1":"product","2":"type-product","3":"status-publish","4":"has-post-thumbnail","6":"product_cat-familien-ferienwohnung","7":"product_cat-ferienwohnungen","9":"first","10":"instock","11":"sold-individually","12":"shipping-taxable","13":"purchasable","14":"product-type-phive_booking"},"acf":[],"_links":{"self":[{"href":"https:\/\/murter-online.com\/de\/wp-json\/wp\/v2\/product\/51991","targetHints":{"allow":["GET"]}}],"collection":[{"href":"https:\/\/murter-online.com\/de\/wp-json\/wp\/v2\/product"}],"about":[{"href":"https:\/\/murter-online.com\/de\/wp-json\/wp\/v2\/types\/product"}],"wp:featuredmedia":[{"embeddable":true,"href":"https:\/\/murter-online.com\/de\/wp-json\/wp\/v2\/media\/21654"}],"wp:attachment":[{"href":"https:\/\/murter-online.com\/de\/wp-json\/wp\/v2\/media?parent=51991"}],"wp:term":[{"taxonomy":"product_brand","embeddable":true,"href":"https:\/\/murter-online.com\/de\/wp-json\/wp\/v2\/product_brand?post=51991"},{"taxonomy":"product_cat","embeddable":true,"href":"https:\/\/murter-online.com\/de\/wp-json\/wp\/v2\/product_cat?post=51991"},{"taxonomy":"product_tag","embeddable":true,"href":"https:\/\/murter-online.com\/de\/wp-json\/wp\/v2\/product_tag?post=51991"}],"curies":[{"name":"wp","href":"https:\/\/api.w.org\/{rel}","templated":true}]}}