{"id":51995,"date":"2025-01-03T11:55:11","date_gmt":"2025-01-03T11:55:11","guid":{"rendered":"https:\/\/murter.riot.hr\/?post_type=product&#038;p=51995"},"modified":"2025-04-26T08:09:00","modified_gmt":"2025-04-26T07:09:00","slug":"ferienwohnung-luke-beach-murter-a22-id-132","status":"publish","type":"product","link":"https:\/\/murter-online.com\/de\/produkt\/ferienwohnung-luke-beach-murter-a22-id-132\/","title":{"rendered":"Ferienwohnung f\u00fcr familien Strand Luke Barbara Murter A2+2 ID 132"},"content":{"rendered":"","protected":false},"excerpt":{"rendered":"<p>Die Wohnung befindet sich in ausgezeichneter Lage, nur 70 Meter vom Meer entfernt. Die Wohnung hat eine Fl\u00e4che von 35 m2. Es gibt ein Schlafzimmer, in dem 2 Erwachsene schlafen k\u00f6nnen. Es gibt ein Wohnzimmer, in dem man schlafen kann &#8211; es gibt ein Zustellbett f\u00fcr eine Person. Es hat ein Badezimmer mit Dusche. Die Fl\u00e4che des Balkons \/ der Terrasse betr\u00e4gt 5 m2. Die Wohnung befindet sich im Erdgeschoss. Die Wohnung ist mit TV, Klimaanlage, Backofen ausgestattet. Das Parken ist vorhanden und im Preis inbegriffen. Es gibt einen Au\u00dfengrill, der benutzt werden kann. Haustiere sind gegen Aufpreis erlaubt.<\/p>\n","protected":false},"featured_media":21758,"template":"","meta":{"_acf_changed":false},"product_brand":[],"product_cat":[144,130],"product_tag":[],"class_list":{"0":"post-51995","1":"product","2":"type-product","3":"status-publish","4":"has-post-thumbnail","6":"product_cat-familien-ferienwohnung","7":"product_cat-ferienwohnungen","9":"first","10":"instock","11":"sold-individually","12":"shipping-taxable","13":"purchasable","14":"product-type-phive_booking"},"acf":[],"_links":{"self":[{"href":"https:\/\/murter-online.com\/de\/wp-json\/wp\/v2\/product\/51995","targetHints":{"allow":["GET"]}}],"collection":[{"href":"https:\/\/murter-online.com\/de\/wp-json\/wp\/v2\/product"}],"about":[{"href":"https:\/\/murter-online.com\/de\/wp-json\/wp\/v2\/types\/product"}],"wp:featuredmedia":[{"embeddable":true,"href":"https:\/\/murter-online.com\/de\/wp-json\/wp\/v2\/media\/21758"}],"wp:attachment":[{"href":"https:\/\/murter-online.com\/de\/wp-json\/wp\/v2\/media?parent=51995"}],"wp:term":[{"taxonomy":"product_brand","embeddable":true,"href":"https:\/\/murter-online.com\/de\/wp-json\/wp\/v2\/product_brand?post=51995"},{"taxonomy":"product_cat","embeddable":true,"href":"https:\/\/murter-online.com\/de\/wp-json\/wp\/v2\/product_cat?post=51995"},{"taxonomy":"product_tag","embeddable":true,"href":"https:\/\/murter-online.com\/de\/wp-json\/wp\/v2\/product_tag?post=51995"}],"curies":[{"name":"wp","href":"https:\/\/api.w.org\/{rel}","templated":true}]}}