{"id":52024,"date":"2025-01-03T15:47:32","date_gmt":"2025-01-03T15:47:32","guid":{"rendered":"https:\/\/murter.riot.hr\/?post_type=product&#038;p=52024"},"modified":"2025-01-25T07:08:04","modified_gmt":"2025-01-25T07:08:04","slug":"ferienwohnung-marina-murter-a21-id-124","status":"publish","type":"product","link":"https:\/\/murter-online.com\/de\/produkt\/ferienwohnung-marina-murter-a21-id-124\/","title":{"rendered":"Ferienwohnung Marina Murter A2+1 ID 124"},"content":{"rendered":"","protected":false},"excerpt":{"rendered":"<p>Die Wohnung ist komplett ausgestattet, 250 Meter vom ersten Strand entfernt. Die Wohnung hat eine Fl\u00e4che von 37 m2. Es hat ein Schlafzimmer f\u00fcr 2 Erwachsene. Es hat ein Wohnzimmer, das zum Schlafen genutzt werden kann &#8211; Es hat ein Zustellbett f\u00fcr zwei Personen. Es hat ein Badezimmer mit Dusche. Balkon \/ Terrasse ist 10 m2. Die Wohnung befindet sich im Erdgeschoss. Die Wohnung ist mit TV, Klimaanlage, Backofen, Mikrowelle, Kaffeemaschine, WI-Fi ausgestattet. Parkpl\u00e4tze sind vorhanden und kostenlos. Haustiere sind gegen Aufpreis erlaubt.<\/p>\n","protected":false},"featured_media":23106,"template":"","meta":{"_acf_changed":false},"product_brand":[],"product_cat":[144,130],"product_tag":[],"class_list":{"0":"post-52024","1":"product","2":"type-product","3":"status-publish","4":"has-post-thumbnail","6":"product_cat-familien-ferienwohnung","7":"product_cat-ferienwohnungen","9":"first","10":"instock","11":"sold-individually","12":"shipping-taxable","13":"purchasable","14":"product-type-phive_booking"},"acf":[],"_links":{"self":[{"href":"https:\/\/murter-online.com\/de\/wp-json\/wp\/v2\/product\/52024","targetHints":{"allow":["GET"]}}],"collection":[{"href":"https:\/\/murter-online.com\/de\/wp-json\/wp\/v2\/product"}],"about":[{"href":"https:\/\/murter-online.com\/de\/wp-json\/wp\/v2\/types\/product"}],"wp:featuredmedia":[{"embeddable":true,"href":"https:\/\/murter-online.com\/de\/wp-json\/wp\/v2\/media\/23106"}],"wp:attachment":[{"href":"https:\/\/murter-online.com\/de\/wp-json\/wp\/v2\/media?parent=52024"}],"wp:term":[{"taxonomy":"product_brand","embeddable":true,"href":"https:\/\/murter-online.com\/de\/wp-json\/wp\/v2\/product_brand?post=52024"},{"taxonomy":"product_cat","embeddable":true,"href":"https:\/\/murter-online.com\/de\/wp-json\/wp\/v2\/product_cat?post=52024"},{"taxonomy":"product_tag","embeddable":true,"href":"https:\/\/murter-online.com\/de\/wp-json\/wp\/v2\/product_tag?post=52024"}],"curies":[{"name":"wp","href":"https:\/\/api.w.org\/{rel}","templated":true}]}}