{"id":52028,"date":"2025-01-03T15:53:47","date_gmt":"2025-01-03T15:53:47","guid":{"rendered":"https:\/\/murter.riot.hr\/?post_type=product&#038;p=52028"},"modified":"2025-01-25T07:14:44","modified_gmt":"2025-01-25T07:14:44","slug":"haus-dragica-ferienwohnungen-mihaela-a221-id-25","status":"publish","type":"product","link":"https:\/\/murter-online.com\/de\/produkt\/haus-dragica-ferienwohnungen-mihaela-a221-id-25\/","title":{"rendered":"Haus Dragica Ferienwohnungen Mihaela A2+2+1 ID 25"},"content":{"rendered":"","protected":false},"excerpt":{"rendered":"<p>Ferienwohnung Murter Dragica A3 ist 400m. vom Meer entfernt. Die Ferienwohnung hat eine Fl\u00e4che von 30 m2. Diese Ferienwohnung verf\u00fcgt \u00fcber ein Schlafzimmer wo 3 Erwachsene schlafen k\u00f6nnen. Es gibt einen kostenlosen Parkplatz. Es gibt eine Badezimmer mit Dusche . Die Ferienwohnung ist ausgestattet mit Fernseher, Backofen. Balkon\/Terrasse ist 10 m2 gro\u00df. , hat ein Wohnzimmer. Liegt im ersten Stock. Haustiere &#8211; nicht gestattet. Die FeWo ist 1000m. weit vom Zentrum und ca. 400m. weit vom Meer oder dem ersten Strand in Murter.<\/p>\n","protected":false},"featured_media":23486,"template":"","meta":{"_acf_changed":false},"product_brand":[],"product_cat":[144,130],"product_tag":[],"class_list":{"0":"post-52028","1":"product","2":"type-product","3":"status-publish","4":"has-post-thumbnail","6":"product_cat-familien-ferienwohnung","7":"product_cat-ferienwohnungen","9":"first","10":"instock","11":"sold-individually","12":"shipping-taxable","13":"purchasable","14":"product-type-phive_booking"},"acf":[],"_links":{"self":[{"href":"https:\/\/murter-online.com\/de\/wp-json\/wp\/v2\/product\/52028","targetHints":{"allow":["GET"]}}],"collection":[{"href":"https:\/\/murter-online.com\/de\/wp-json\/wp\/v2\/product"}],"about":[{"href":"https:\/\/murter-online.com\/de\/wp-json\/wp\/v2\/types\/product"}],"wp:featuredmedia":[{"embeddable":true,"href":"https:\/\/murter-online.com\/de\/wp-json\/wp\/v2\/media\/23486"}],"wp:attachment":[{"href":"https:\/\/murter-online.com\/de\/wp-json\/wp\/v2\/media?parent=52028"}],"wp:term":[{"taxonomy":"product_brand","embeddable":true,"href":"https:\/\/murter-online.com\/de\/wp-json\/wp\/v2\/product_brand?post=52028"},{"taxonomy":"product_cat","embeddable":true,"href":"https:\/\/murter-online.com\/de\/wp-json\/wp\/v2\/product_cat?post=52028"},{"taxonomy":"product_tag","embeddable":true,"href":"https:\/\/murter-online.com\/de\/wp-json\/wp\/v2\/product_tag?post=52028"}],"curies":[{"name":"wp","href":"https:\/\/api.w.org\/{rel}","templated":true}]}}