{"id":52033,"date":"2025-01-03T15:59:57","date_gmt":"2025-01-03T15:59:57","guid":{"rendered":"https:\/\/murter.riot.hr\/?post_type=product&#038;p=52033"},"modified":"2025-04-13T10:11:59","modified_gmt":"2025-04-13T09:11:59","slug":"haus-mira-ferienwohnung-mira-sunshine-a2-id-54","status":"publish","type":"product","link":"https:\/\/murter-online.com\/de\/produkt\/haus-mira-ferienwohnung-mira-sunshine-a2-id-54\/","title":{"rendered":"Ferienwohnung Murter Meerblick Mira Murter A2 ID 54"},"content":{"rendered":"","protected":false},"excerpt":{"rendered":"<p>Raumgestaltung: K\u00fcche ,, Wohnzimmer ,, Esszimmer ,, Anzahl der Schlafzimmer mit Doppelbett: 1, Anzahl der Badezimmer mit Dusche und WC: 1, Terrassengr\u00f6\u00dfe: Ausstattung der Unterkunftseinheiten: Klimaanlage, Sat-TV, keine Waschmaschine, K\u00fchlschrank, Herd, TV, Heizung, Radio \/ CD, Internet, Grill, Position und \u00c4u\u00dferes der Wohneinheit: Seeblick, Gemeinsamer Eingang, 1. Stock, Zus\u00e4tzliche Information: Check-in ab: 14h, Check-out bis: 10h, Haustiere sind nicht erlaubt, Rauchen ist nicht erlaubt, Im Preis inbegriffen: W\u00f6chentlicher W\u00e4schewechsel, Handt\u00fccher, Koch- und Essgeschirr, Strom-, Wasser- und Gasverbrauch, Reinigungsutensilien, Toilettenpapier (bei Ankunft), Endreinigung,<\/p>\n","protected":false},"featured_media":23586,"template":"","meta":{"_acf_changed":false},"product_brand":[],"product_cat":[144,130,142],"product_tag":[],"class_list":{"0":"post-52033","1":"product","2":"type-product","3":"status-publish","4":"has-post-thumbnail","6":"product_cat-familien-ferienwohnung","7":"product_cat-ferienwohnungen","8":"product_cat-ferienwohnungen-mit-meerblick","10":"first","11":"instock","12":"sold-individually","13":"shipping-taxable","14":"purchasable","15":"product-type-phive_booking"},"acf":[],"_links":{"self":[{"href":"https:\/\/murter-online.com\/de\/wp-json\/wp\/v2\/product\/52033","targetHints":{"allow":["GET"]}}],"collection":[{"href":"https:\/\/murter-online.com\/de\/wp-json\/wp\/v2\/product"}],"about":[{"href":"https:\/\/murter-online.com\/de\/wp-json\/wp\/v2\/types\/product"}],"wp:featuredmedia":[{"embeddable":true,"href":"https:\/\/murter-online.com\/de\/wp-json\/wp\/v2\/media\/23586"}],"wp:attachment":[{"href":"https:\/\/murter-online.com\/de\/wp-json\/wp\/v2\/media?parent=52033"}],"wp:term":[{"taxonomy":"product_brand","embeddable":true,"href":"https:\/\/murter-online.com\/de\/wp-json\/wp\/v2\/product_brand?post=52033"},{"taxonomy":"product_cat","embeddable":true,"href":"https:\/\/murter-online.com\/de\/wp-json\/wp\/v2\/product_cat?post=52033"},{"taxonomy":"product_tag","embeddable":true,"href":"https:\/\/murter-online.com\/de\/wp-json\/wp\/v2\/product_tag?post=52033"}],"curies":[{"name":"wp","href":"https:\/\/api.w.org\/{rel}","templated":true}]}}