{"id":52037,"date":"2025-01-03T16:06:44","date_gmt":"2025-01-03T16:06:44","guid":{"rendered":"https:\/\/murter.riot.hr\/?post_type=product&#038;p=52037"},"modified":"2025-04-13T13:15:03","modified_gmt":"2025-04-13T12:15:03","slug":"ferienwohnung-murter-budget-a21-id-214","status":"publish","type":"product","link":"https:\/\/murter-online.com\/de\/produkt\/ferienwohnung-murter-budget-a21-id-214\/","title":{"rendered":"Ein zimmer apartment mit meerblick Budget Murter A2+1 ID 214"},"content":{"rendered":"","protected":false},"excerpt":{"rendered":"<div align=\"center\">\n<div class=\"max_width\" align=\"left\">\n<div>\n<div>Studiowohnung in Murter! Die Wohnung liegt zwischen dem Ortsstrand Lukas und dem Sandstrand Slanica, max.10 Gehminuten zum Zentrum von Murter. Die Wohnung verf\u00fcgt \u00fcber ein Etagenbett, Klimaanlage, ein eigenes Bad und eine kleine K\u00fcche. Parkpl\u00e4tze sind vorhanden und kostenlos.<\/div>\n<\/div>\n<\/div>\n<\/div>\n<div align=\"center\"><\/div>\n","protected":false},"featured_media":23846,"template":"","meta":{"_acf_changed":false},"product_brand":[],"product_cat":[144,130,142,146],"product_tag":[],"class_list":{"0":"post-52037","1":"product","2":"type-product","3":"status-publish","4":"has-post-thumbnail","6":"product_cat-familien-ferienwohnung","7":"product_cat-ferienwohnungen","8":"product_cat-ferienwohnungen-mit-meerblick","9":"product_cat-studio-apartment-de","11":"first","12":"instock","13":"sold-individually","14":"shipping-taxable","15":"purchasable","16":"product-type-phive_booking"},"acf":[],"_links":{"self":[{"href":"https:\/\/murter-online.com\/de\/wp-json\/wp\/v2\/product\/52037","targetHints":{"allow":["GET"]}}],"collection":[{"href":"https:\/\/murter-online.com\/de\/wp-json\/wp\/v2\/product"}],"about":[{"href":"https:\/\/murter-online.com\/de\/wp-json\/wp\/v2\/types\/product"}],"wp:featuredmedia":[{"embeddable":true,"href":"https:\/\/murter-online.com\/de\/wp-json\/wp\/v2\/media\/23846"}],"wp:attachment":[{"href":"https:\/\/murter-online.com\/de\/wp-json\/wp\/v2\/media?parent=52037"}],"wp:term":[{"taxonomy":"product_brand","embeddable":true,"href":"https:\/\/murter-online.com\/de\/wp-json\/wp\/v2\/product_brand?post=52037"},{"taxonomy":"product_cat","embeddable":true,"href":"https:\/\/murter-online.com\/de\/wp-json\/wp\/v2\/product_cat?post=52037"},{"taxonomy":"product_tag","embeddable":true,"href":"https:\/\/murter-online.com\/de\/wp-json\/wp\/v2\/product_tag?post=52037"}],"curies":[{"name":"wp","href":"https:\/\/api.w.org\/{rel}","templated":true}]}}