{"id":52042,"date":"2025-01-03T16:18:45","date_gmt":"2025-01-03T16:18:45","guid":{"rendered":"https:\/\/murter.riot.hr\/?post_type=product&#038;p=52042"},"modified":"2025-05-01T12:59:38","modified_gmt":"2025-05-01T11:59:38","slug":"ferienwohnung-murter-budget-a21-id-225","status":"publish","type":"product","link":"https:\/\/murter-online.com\/de\/produkt\/ferienwohnung-murter-budget-a21-id-225\/","title":{"rendered":"Ferienwohnung f\u00fcr familien Budget Murter A2+1 ID 225"},"content":{"rendered":"","protected":false},"excerpt":{"rendered":"<p>Die Wohnung befindet sich in der N\u00e4he des Sandstrandes Slanica und des \u00f6rtlichen Strandes Luke, hat ein Schlafzimmer, in dem zwei Erwachsene schlafen k\u00f6nnen, es gibt ein Zustellbett im Wohnzimmer, das zum Schlafen genutzt werden kann. Die K\u00fcche ist komplett ausgestattet. Es gibt eine umz\u00e4unte Terrasse mit Grill. Das Parken ist kostenlos und befindet sich vor dem Haus.<\/p>\n","protected":false},"featured_media":23946,"template":"","meta":{"_acf_changed":false},"product_brand":[],"product_cat":[144,130],"product_tag":[],"class_list":{"0":"post-52042","1":"product","2":"type-product","3":"status-publish","4":"has-post-thumbnail","6":"product_cat-familien-ferienwohnung","7":"product_cat-ferienwohnungen","9":"first","10":"instock","11":"sold-individually","12":"shipping-taxable","13":"purchasable","14":"product-type-phive_booking"},"acf":[],"_links":{"self":[{"href":"https:\/\/murter-online.com\/de\/wp-json\/wp\/v2\/product\/52042","targetHints":{"allow":["GET"]}}],"collection":[{"href":"https:\/\/murter-online.com\/de\/wp-json\/wp\/v2\/product"}],"about":[{"href":"https:\/\/murter-online.com\/de\/wp-json\/wp\/v2\/types\/product"}],"wp:featuredmedia":[{"embeddable":true,"href":"https:\/\/murter-online.com\/de\/wp-json\/wp\/v2\/media\/23946"}],"wp:attachment":[{"href":"https:\/\/murter-online.com\/de\/wp-json\/wp\/v2\/media?parent=52042"}],"wp:term":[{"taxonomy":"product_brand","embeddable":true,"href":"https:\/\/murter-online.com\/de\/wp-json\/wp\/v2\/product_brand?post=52042"},{"taxonomy":"product_cat","embeddable":true,"href":"https:\/\/murter-online.com\/de\/wp-json\/wp\/v2\/product_cat?post=52042"},{"taxonomy":"product_tag","embeddable":true,"href":"https:\/\/murter-online.com\/de\/wp-json\/wp\/v2\/product_tag?post=52042"}],"curies":[{"name":"wp","href":"https:\/\/api.w.org\/{rel}","templated":true}]}}