{"id":52046,"date":"2025-01-04T10:58:53","date_gmt":"2025-01-04T10:58:53","guid":{"rendered":"https:\/\/murter.riot.hr\/?post_type=product&#038;p=52046"},"modified":"2025-04-26T10:39:44","modified_gmt":"2025-04-26T09:39:44","slug":"ferienwohnung-murter-center-a21-id-298","status":"publish","type":"product","link":"https:\/\/murter-online.com\/de\/produkt\/ferienwohnung-murter-center-a21-id-298\/","title":{"rendered":"Ferienwohnung Murter Zentrum A2+1 ID 298"},"content":{"rendered":"","protected":false},"excerpt":{"rendered":"<p>Das Apartment mit einem Schlafzimmer befindet sich in der N\u00e4he des Zentrums von Murter. Die Wohnung verf\u00fcgt \u00fcber ein Schlafzimmer, in dem 2 Erwachsene schlafen k\u00f6nnen. Die Wohnung verf\u00fcgt \u00fcber ein gro\u00dfes Wohnzimmer mit einem Zustellbett, auf der Couch k\u00f6nnen 1 Erwachsener oder zwei kleinere Kinder schlafen. Die Wohnung ist 70 qm gro\u00df. Die Wohnung ist komplett ausgestattet. Die Wohnung verf\u00fcgt \u00fcber Klimaanlage, kostenfreies WLAN, Mikrowelle, Toaster, Wasserkocher, Kaffeemaschine. G\u00e4ste k\u00f6nnen vor dem Haus kostenfrei parken. Der n\u00e4chstgelegene Strand ist der \u00f6rtliche Strand von Luke und der \u00f6rtliche Strand von Zdra\u010de in Betina. Die Str\u00e4nde sind f\u00fcr Kinder und \u00e4ltere Menschen geeignet. Der in der Preisliste angegebene Preis gilt f\u00fcr 2 Personen, f\u00fcr jede weitere Person, die in der Wohnung \u00fcbernachtet, werden zus\u00e4tzlich 10 Euro pro Tag berechnet.<\/p>\n","protected":false},"featured_media":23978,"template":"","meta":{"_acf_changed":false},"product_brand":[],"product_cat":[144,130],"product_tag":[],"class_list":{"0":"post-52046","1":"product","2":"type-product","3":"status-publish","4":"has-post-thumbnail","6":"product_cat-familien-ferienwohnung","7":"product_cat-ferienwohnungen","9":"first","10":"instock","11":"sold-individually","12":"shipping-taxable","13":"purchasable","14":"product-type-phive_booking"},"acf":[],"_links":{"self":[{"href":"https:\/\/murter-online.com\/de\/wp-json\/wp\/v2\/product\/52046","targetHints":{"allow":["GET"]}}],"collection":[{"href":"https:\/\/murter-online.com\/de\/wp-json\/wp\/v2\/product"}],"about":[{"href":"https:\/\/murter-online.com\/de\/wp-json\/wp\/v2\/types\/product"}],"wp:featuredmedia":[{"embeddable":true,"href":"https:\/\/murter-online.com\/de\/wp-json\/wp\/v2\/media\/23978"}],"wp:attachment":[{"href":"https:\/\/murter-online.com\/de\/wp-json\/wp\/v2\/media?parent=52046"}],"wp:term":[{"taxonomy":"product_brand","embeddable":true,"href":"https:\/\/murter-online.com\/de\/wp-json\/wp\/v2\/product_brand?post=52046"},{"taxonomy":"product_cat","embeddable":true,"href":"https:\/\/murter-online.com\/de\/wp-json\/wp\/v2\/product_cat?post=52046"},{"taxonomy":"product_tag","embeddable":true,"href":"https:\/\/murter-online.com\/de\/wp-json\/wp\/v2\/product_tag?post=52046"}],"curies":[{"name":"wp","href":"https:\/\/api.w.org\/{rel}","templated":true}]}}