{"id":52055,"date":"2025-01-04T11:21:36","date_gmt":"2025-01-04T11:21:36","guid":{"rendered":"https:\/\/murter.riot.hr\/?post_type=product&#038;p=52055"},"modified":"2025-04-13T13:27:56","modified_gmt":"2025-04-13T12:27:56","slug":"ferienwohnung-murter-center-way-a21-id-64","status":"publish","type":"product","link":"https:\/\/murter-online.com\/de\/produkt\/ferienwohnung-murter-center-way-a21-id-64\/","title":{"rendered":"Ferienwohnung Murter Meerblick Center Way A2+1 ID 64"},"content":{"rendered":"","protected":false},"excerpt":{"rendered":"<p>Das Apartment Sea Dream A2 + 1 ID 64 befindet sich in der N\u00e4he des Zentrums von Murter. Die Wohnung verf\u00fcgt \u00fcber einen Balkon mit Blick auf das Meer und die umliegenden Inseln. Zur Standardausstattung des Apartments geh\u00f6ren ein Schlafsofa, Sat-TV und eine voll ausgestattete K\u00fcche. Kostenloses WLAN ist in jedem Apartment verf\u00fcgbar. Handt\u00fccher, Bettw\u00e4sche und Endreinigung sind im Preis inbegriffen.<\/p>\n","protected":false},"featured_media":24110,"template":"","meta":{"_acf_changed":false},"product_brand":[],"product_cat":[144,130,142],"product_tag":[],"class_list":{"0":"post-52055","1":"product","2":"type-product","3":"status-publish","4":"has-post-thumbnail","6":"product_cat-familien-ferienwohnung","7":"product_cat-ferienwohnungen","8":"product_cat-ferienwohnungen-mit-meerblick","10":"first","11":"instock","12":"sold-individually","13":"shipping-taxable","14":"purchasable","15":"product-type-phive_booking"},"acf":[],"_links":{"self":[{"href":"https:\/\/murter-online.com\/de\/wp-json\/wp\/v2\/product\/52055","targetHints":{"allow":["GET"]}}],"collection":[{"href":"https:\/\/murter-online.com\/de\/wp-json\/wp\/v2\/product"}],"about":[{"href":"https:\/\/murter-online.com\/de\/wp-json\/wp\/v2\/types\/product"}],"wp:featuredmedia":[{"embeddable":true,"href":"https:\/\/murter-online.com\/de\/wp-json\/wp\/v2\/media\/24110"}],"wp:attachment":[{"href":"https:\/\/murter-online.com\/de\/wp-json\/wp\/v2\/media?parent=52055"}],"wp:term":[{"taxonomy":"product_brand","embeddable":true,"href":"https:\/\/murter-online.com\/de\/wp-json\/wp\/v2\/product_brand?post=52055"},{"taxonomy":"product_cat","embeddable":true,"href":"https:\/\/murter-online.com\/de\/wp-json\/wp\/v2\/product_cat?post=52055"},{"taxonomy":"product_tag","embeddable":true,"href":"https:\/\/murter-online.com\/de\/wp-json\/wp\/v2\/product_tag?post=52055"}],"curies":[{"name":"wp","href":"https:\/\/api.w.org\/{rel}","templated":true}]}}