{"id":52059,"date":"2025-01-04T12:51:42","date_gmt":"2025-01-04T12:51:42","guid":{"rendered":"https:\/\/murter.riot.hr\/?post_type=product&#038;p=52059"},"modified":"2025-04-18T08:30:36","modified_gmt":"2025-04-18T07:30:36","slug":"ferienwohnung-murter-center-way-a21-id-86","status":"publish","type":"product","link":"https:\/\/murter-online.com\/de\/produkt\/ferienwohnung-murter-center-way-a21-id-86\/","title":{"rendered":"Ferienwohnung Murter Centrum A2+1 ID 86"},"content":{"rendered":"","protected":false},"excerpt":{"rendered":"<div align=\"center\">\n<div class=\"max_width\" align=\"left\">\n<div>\n<div>Die Wohnung liegt ca. 600 m vom Meer entfernt. Die Wohnung hat eine Fl\u00e4che von 35 m2. Es hat ein Schlafzimmer f\u00fcr 2 Erwachsene. Es hat ein Wohnzimmer, das zum Schlafen genutzt werden kann &#8211; Es hat ein Zustellbett f\u00fcr eine Person. Es hat ein Badezimmer mit Dusche. Balkon \/ Terrasse ist 8 m2. Die Wohnung befindet sich im ersten Stock. Die Wohnung ist mit TV, Klimaanlage, Satellitenempf\u00e4nger, Backofen, kostenlosem WLAN-Internetzugang und Geschirrsp\u00fcler ausgestattet. Das Parken ist vorhanden und im Preis inbegriffen. Die Wohnung ist ca. 100 m vom Zentrum und 600 m vom Meer oder dem ersten Strand in Murter entfernt. Haustiere sind gegen Aufpreis erlaubt.<\/div>\n<\/div>\n<\/div>\n<\/div>\n<div align=\"center\"><\/div>\n","protected":false},"featured_media":24150,"template":"","meta":{"_acf_changed":false},"product_brand":[],"product_cat":[130,142],"product_tag":[],"class_list":{"0":"post-52059","1":"product","2":"type-product","3":"status-publish","4":"has-post-thumbnail","6":"product_cat-ferienwohnungen","7":"product_cat-ferienwohnungen-mit-meerblick","9":"first","10":"instock","11":"sold-individually","12":"shipping-taxable","13":"purchasable","14":"product-type-phive_booking"},"acf":[],"_links":{"self":[{"href":"https:\/\/murter-online.com\/de\/wp-json\/wp\/v2\/product\/52059","targetHints":{"allow":["GET"]}}],"collection":[{"href":"https:\/\/murter-online.com\/de\/wp-json\/wp\/v2\/product"}],"about":[{"href":"https:\/\/murter-online.com\/de\/wp-json\/wp\/v2\/types\/product"}],"wp:featuredmedia":[{"embeddable":true,"href":"https:\/\/murter-online.com\/de\/wp-json\/wp\/v2\/media\/24150"}],"wp:attachment":[{"href":"https:\/\/murter-online.com\/de\/wp-json\/wp\/v2\/media?parent=52059"}],"wp:term":[{"taxonomy":"product_brand","embeddable":true,"href":"https:\/\/murter-online.com\/de\/wp-json\/wp\/v2\/product_brand?post=52059"},{"taxonomy":"product_cat","embeddable":true,"href":"https:\/\/murter-online.com\/de\/wp-json\/wp\/v2\/product_cat?post=52059"},{"taxonomy":"product_tag","embeddable":true,"href":"https:\/\/murter-online.com\/de\/wp-json\/wp\/v2\/product_tag?post=52059"}],"curies":[{"name":"wp","href":"https:\/\/api.w.org\/{rel}","templated":true}]}}