{"id":52068,"date":"2025-01-05T10:46:59","date_gmt":"2025-01-05T10:46:59","guid":{"rendered":"https:\/\/murter.riot.hr\/?post_type=product&#038;p=52068"},"modified":"2025-04-26T11:15:51","modified_gmt":"2025-04-26T10:15:51","slug":"haus-anita-ferienwohnung-murter-harbor-2-a21-id-69","status":"publish","type":"product","link":"https:\/\/murter-online.com\/de\/produkt\/haus-anita-ferienwohnung-murter-harbor-2-a21-id-69\/","title":{"rendered":"Ferienwohnung f\u00fcr familien Harbor 2 Murter A2+1 ID 69"},"content":{"rendered":"","protected":false},"excerpt":{"rendered":"<p>Die Wohnung befindet sich in einer gro\u00dfartigen Lage, nur 300 Meter vom Strand entfernt. Die Wohnung hat eine Fl\u00e4che von 30 m2. Es hat ein Schlafzimmer f\u00fcr 2 Erwachsene. Es hat ein Wohnzimmer, das zum Schlafen genutzt werden kann &#8211; Es hat ein Zustellbett f\u00fcr eine Person. Es hat ein Badezimmer mit Dusche. Balkon \/ Terrasse ist 10 m2. Die Wohnung befindet sich im ersten Stock. Die Wohnung ist mit TV, Klimaanlage ausgestattet. Es gibt einen Au\u00dfengrill, der benutzt werden kann. Die Wohnung ist ca. 200 m vom Zentrum und 300 m vom Meer oder dem ersten Strand in Murter entfernt. Haustiere sind nicht erlaubt. Die Wohnung befindet sich in einer gro\u00dfartigen Lage, nur 2 Minuten zu Fu\u00df vom Zentrum entfernt. Der Laden ist nur 3 Gehminuten entfernt. Der Stadtstrand im Nachbardorf Betina liegt nur 5 Gehminuten entfernt. Der zweite Stadtstrand &#8222;Luke&#8220; ist nur 7 Gehminuten entfernt.Die Kosten f\u00fcr Parkticket und Wohnungsreinigung werden mit 50 Euro zus\u00e4tzlich berechnet.<\/p>\n","protected":false},"featured_media":24802,"template":"","meta":{"_acf_changed":false},"product_brand":[],"product_cat":[144,130],"product_tag":[],"class_list":{"0":"post-52068","1":"product","2":"type-product","3":"status-publish","4":"has-post-thumbnail","6":"product_cat-familien-ferienwohnung","7":"product_cat-ferienwohnungen","9":"first","10":"instock","11":"sold-individually","12":"shipping-taxable","13":"purchasable","14":"product-type-phive_booking"},"acf":[],"_links":{"self":[{"href":"https:\/\/murter-online.com\/de\/wp-json\/wp\/v2\/product\/52068","targetHints":{"allow":["GET"]}}],"collection":[{"href":"https:\/\/murter-online.com\/de\/wp-json\/wp\/v2\/product"}],"about":[{"href":"https:\/\/murter-online.com\/de\/wp-json\/wp\/v2\/types\/product"}],"wp:featuredmedia":[{"embeddable":true,"href":"https:\/\/murter-online.com\/de\/wp-json\/wp\/v2\/media\/24802"}],"wp:attachment":[{"href":"https:\/\/murter-online.com\/de\/wp-json\/wp\/v2\/media?parent=52068"}],"wp:term":[{"taxonomy":"product_brand","embeddable":true,"href":"https:\/\/murter-online.com\/de\/wp-json\/wp\/v2\/product_brand?post=52068"},{"taxonomy":"product_cat","embeddable":true,"href":"https:\/\/murter-online.com\/de\/wp-json\/wp\/v2\/product_cat?post=52068"},{"taxonomy":"product_tag","embeddable":true,"href":"https:\/\/murter-online.com\/de\/wp-json\/wp\/v2\/product_tag?post=52068"}],"curies":[{"name":"wp","href":"https:\/\/api.w.org\/{rel}","templated":true}]}}