{"id":52073,"date":"2025-01-05T12:27:17","date_gmt":"2025-01-05T12:27:17","guid":{"rendered":"https:\/\/murter.riot.hr\/?post_type=product&#038;p=52073"},"modified":"2025-01-25T09:31:17","modified_gmt":"2025-01-25T09:31:17","slug":"wohnung-murter-hafen-2-a21-id-71","status":"publish","type":"product","link":"https:\/\/murter-online.com\/de\/produkt\/wohnung-murter-hafen-2-a21-id-71\/","title":{"rendered":"Wohnung Murter Hafen 2 A2+1 ID 71"},"content":{"rendered":"","protected":false},"excerpt":{"rendered":"<p>Die Wohnung befindet sich in einer ausgezeichneten Lage, nur 300 Meter vom Meer entfernt. Die Wohnung hat eine Fl\u00e4che von 30 m2. Es verf\u00fcgt \u00fcber ein Schlafzimmer f\u00fcr 2 Erwachsene. Es hat einen zus\u00e4tzlichen Schlafbereich &#8211; Es hat ein Zustellbett zum Schlafen. Es hat ein Badezimmer mit Dusche. Die Wohnung befindet sich im ersten Stock. Die Wohnung ist mit TV, Klimaanlage ausgestattet. Das Parken ist vorhanden und im Preis inbegriffen. Es gibt einen externen Grill, der verwendet werden kann.<\/p>\n","protected":false},"featured_media":24866,"template":"","meta":{"_acf_changed":false},"product_brand":[],"product_cat":[144,130],"product_tag":[],"class_list":{"0":"post-52073","1":"product","2":"type-product","3":"status-publish","4":"has-post-thumbnail","6":"product_cat-familien-ferienwohnung","7":"product_cat-ferienwohnungen","9":"first","10":"instock","11":"sold-individually","12":"shipping-taxable","13":"purchasable","14":"product-type-phive_booking"},"acf":[],"_links":{"self":[{"href":"https:\/\/murter-online.com\/de\/wp-json\/wp\/v2\/product\/52073","targetHints":{"allow":["GET"]}}],"collection":[{"href":"https:\/\/murter-online.com\/de\/wp-json\/wp\/v2\/product"}],"about":[{"href":"https:\/\/murter-online.com\/de\/wp-json\/wp\/v2\/types\/product"}],"wp:featuredmedia":[{"embeddable":true,"href":"https:\/\/murter-online.com\/de\/wp-json\/wp\/v2\/media\/24866"}],"wp:attachment":[{"href":"https:\/\/murter-online.com\/de\/wp-json\/wp\/v2\/media?parent=52073"}],"wp:term":[{"taxonomy":"product_brand","embeddable":true,"href":"https:\/\/murter-online.com\/de\/wp-json\/wp\/v2\/product_brand?post=52073"},{"taxonomy":"product_cat","embeddable":true,"href":"https:\/\/murter-online.com\/de\/wp-json\/wp\/v2\/product_cat?post=52073"},{"taxonomy":"product_tag","embeddable":true,"href":"https:\/\/murter-online.com\/de\/wp-json\/wp\/v2\/product_tag?post=52073"}],"curies":[{"name":"wp","href":"https:\/\/api.w.org\/{rel}","templated":true}]}}