{"id":52088,"date":"2025-01-05T18:54:17","date_gmt":"2025-01-05T18:54:17","guid":{"rendered":"https:\/\/murter.riot.hr\/?post_type=product&#038;p=52088"},"modified":"2025-01-25T10:59:27","modified_gmt":"2025-01-25T10:59:27","slug":"villa-mit-pool-murter-a14-2-id-15","status":"publish","type":"product","link":"https:\/\/murter-online.com\/de\/produkt\/villa-mit-pool-murter-a14-2-id-15\/","title":{"rendered":"Villa mit Pool Murter A14 + 2 ID 15"},"content":{"rendered":"","protected":false},"excerpt":{"rendered":"<p>Die Hausfl\u00e4che betr\u00e4gt 240 m2. Die Landfl\u00e4che betr\u00e4gt 1200 m2. Die Villa bietet Platz f\u00fcr maximal 16 G\u00e4ste. Im eingez\u00e4unten Hof befindet sich ein privater Pool von 110 m2. Zur Verf\u00fcgung stehen: Hydromassage, Liegest\u00fchle: 14, Garten, Panoramablick, nat\u00fcrlicher K\u00fchlschrank, privater Parkplatz &#8211; eingez\u00e4unt in Hosen, beheizter Pool auf Anfrage gegen Aufpreis, 5 Parkpl\u00e4tze. AKTIVIT\u00c4TEN IM FREIEN Tischtennis, Schaukeln f\u00fcr Kinder. Haustiere sind gegen eine zus\u00e4tzliche Geb\u00fchr von 105 Euro \/ w\u00f6chentliche Reinigung erlaubt. Die Villa verf\u00fcgt \u00fcber Fu\u00dfbodenheizung und Klimaanlage. Die Bettw\u00e4sche ist verf\u00fcgbar und wird einmal pro Woche gewechselt. Babybett auf Anfrage erh\u00e4ltlich. Au\u00dfentoilette, Au\u00dfendusche, Haartrockner sind vorhanden. Handt\u00fccher in den B\u00e4dern sind vorhanden und werden einmal pro Woche gewechselt. WLAN ist in der Villa verf\u00fcgbar. Die K\u00fcche ist komplett ausgestattet mit: Toaster, Kaffeemaschine, Mikrowelle, K\u00fchlschrank mit Gefrierfach, Geschirrsp\u00fcler, Grill &#8211; Holzkohle, innerem Esszimmer f\u00fcr: 8, Hochstuhl zum Essen: 1, Essbereich im Freien f\u00fcr: 14 Das WOHNZIMMER ist ausgestattet mit: Sat-TV, TV, DVD-Player, Stereoanlage, Sofa W\u00c4SCHE Eine Wohnung ist mit einer Waschmaschine ausgestattet. Die Endreinigung betr\u00e4gt 150,00 Euro und ist nicht im Preis inbegriffen. Die Kaution im Schadensfall betr\u00e4gt EUR 500,00.<\/p>\n","protected":false},"featured_media":28938,"template":"","meta":{"_acf_changed":false},"product_brand":[],"product_cat":[148],"product_tag":[],"class_list":{"0":"post-52088","1":"product","2":"type-product","3":"status-publish","4":"has-post-thumbnail","6":"product_cat-ferienhaus-villa","8":"first","9":"instock","10":"sold-individually","11":"shipping-taxable","12":"purchasable","13":"product-type-phive_booking"},"acf":[],"_links":{"self":[{"href":"https:\/\/murter-online.com\/de\/wp-json\/wp\/v2\/product\/52088","targetHints":{"allow":["GET"]}}],"collection":[{"href":"https:\/\/murter-online.com\/de\/wp-json\/wp\/v2\/product"}],"about":[{"href":"https:\/\/murter-online.com\/de\/wp-json\/wp\/v2\/types\/product"}],"wp:featuredmedia":[{"embeddable":true,"href":"https:\/\/murter-online.com\/de\/wp-json\/wp\/v2\/media\/28938"}],"wp:attachment":[{"href":"https:\/\/murter-online.com\/de\/wp-json\/wp\/v2\/media?parent=52088"}],"wp:term":[{"taxonomy":"product_brand","embeddable":true,"href":"https:\/\/murter-online.com\/de\/wp-json\/wp\/v2\/product_brand?post=52088"},{"taxonomy":"product_cat","embeddable":true,"href":"https:\/\/murter-online.com\/de\/wp-json\/wp\/v2\/product_cat?post=52088"},{"taxonomy":"product_tag","embeddable":true,"href":"https:\/\/murter-online.com\/de\/wp-json\/wp\/v2\/product_tag?post=52088"}],"curies":[{"name":"wp","href":"https:\/\/api.w.org\/{rel}","templated":true}]}}