{"id":52089,"date":"2025-01-05T18:30:34","date_gmt":"2025-01-05T18:30:34","guid":{"rendered":"https:\/\/murter.riot.hr\/?post_type=product&#038;p=52089"},"modified":"2025-09-04T12:54:01","modified_gmt":"2025-09-04T11:54:01","slug":"steinhaus-am-meer-in-betina-a6-id-229","status":"publish","type":"product","link":"https:\/\/murter-online.com\/de\/produkt\/steinhaus-am-meer-in-betina-a6-id-229\/","title":{"rendered":"Steinferienhaus am Meer in Betina A6 ID 229 &#8211; Insel Murter"},"content":{"rendered":"","protected":false},"excerpt":{"rendered":"<p>Dieses sch\u00f6ne traditionelle dalmatinische Steinhaus befindet sich im alten Teil von Betina auf der Insel Murter. Das Haus verf\u00fcgt \u00fcber eine K\u00fcche, ein gro\u00dfes Wohnzimmer und ein Badezimmer im Erdgeschoss, das zweite Badezimmer mit drei Schlafzimmern befindet sich im ersten Stock. Eine gro\u00dfe Terrasse mit Gartenm\u00f6beln befindet sich im ersten Stock. Die K\u00fcche ist komplett ausgestattet. Das Parken ist ca. 150 m vom Haus entfernt und im Preis der Wohnung inbegriffen. F\u00fcr die Apartmentreinigung fallen zus\u00e4tzlich 100 Euro (einmalig) an.<\/p>\n","protected":false},"featured_media":28870,"template":"","meta":{"_acf_changed":false},"product_brand":[],"product_cat":[148],"product_tag":[],"class_list":{"0":"post-52089","1":"product","2":"type-product","3":"status-publish","4":"has-post-thumbnail","6":"product_cat-ferienhaus-villa","8":"first","9":"instock","10":"sold-individually","11":"shipping-taxable","12":"purchasable","13":"product-type-phive_booking"},"acf":[],"_links":{"self":[{"href":"https:\/\/murter-online.com\/de\/wp-json\/wp\/v2\/product\/52089","targetHints":{"allow":["GET"]}}],"collection":[{"href":"https:\/\/murter-online.com\/de\/wp-json\/wp\/v2\/product"}],"about":[{"href":"https:\/\/murter-online.com\/de\/wp-json\/wp\/v2\/types\/product"}],"wp:featuredmedia":[{"embeddable":true,"href":"https:\/\/murter-online.com\/de\/wp-json\/wp\/v2\/media\/28870"}],"wp:attachment":[{"href":"https:\/\/murter-online.com\/de\/wp-json\/wp\/v2\/media?parent=52089"}],"wp:term":[{"taxonomy":"product_brand","embeddable":true,"href":"https:\/\/murter-online.com\/de\/wp-json\/wp\/v2\/product_brand?post=52089"},{"taxonomy":"product_cat","embeddable":true,"href":"https:\/\/murter-online.com\/de\/wp-json\/wp\/v2\/product_cat?post=52089"},{"taxonomy":"product_tag","embeddable":true,"href":"https:\/\/murter-online.com\/de\/wp-json\/wp\/v2\/product_tag?post=52089"}],"curies":[{"name":"wp","href":"https:\/\/api.w.org\/{rel}","templated":true}]}}