{"id":52091,"date":"2025-01-05T18:25:54","date_gmt":"2025-01-05T18:25:54","guid":{"rendered":"https:\/\/murter.riot.hr\/?post_type=product&#038;p=52091"},"modified":"2025-01-25T11:01:48","modified_gmt":"2025-01-25T11:01:48","slug":"ferienhaus-murter-slanica-a61","status":"publish","type":"product","link":"https:\/\/murter-online.com\/de\/produkt\/ferienhaus-murter-slanica-a61\/","title":{"rendered":"Ferienhaus Murter Slanica A6+1"},"content":{"rendered":"","protected":false},"excerpt":{"rendered":"<p>Ein wundersch\u00f6nes Familienferienhaus in ausgezeichneter Lage in Murter. Das Haus liegt zwischen zwei Str\u00e4nden, dem Sandstrand Slanica und dem \u00f6rtlichen Strand Luke. Das Haus verf\u00fcgt \u00fcber 3 Schlafzimmer, in denen 6 Erwachsene schlafen k\u00f6nnen. Das Haus verf\u00fcgt \u00fcber ein Badezimmer mit WC und Dusche. Im Badezimmer gibt es eine Waschmaschine. Das Haus verf\u00fcgt \u00fcber ein gro\u00dfes Wohnzimmer mit einem TV-Empf\u00e4nger. Die Couch kann als Zustellbett genutzt werden. Die K\u00fcche verf\u00fcgt \u00fcber einen gro\u00dfen K\u00fchlschrank, einen Backofen und einen Geschirrsp\u00fcler. Es gibt kostenloses WLAN im Haus. Vor dem Haus gibt es einen Au\u00dfenbereich mit Garten, der sich im Sommer sehr angenehm zum Verweilen eignet. Es gibt einen Grill, der kostenlos genutzt werden kann. Kostenlose Parkpl\u00e4tze f\u00fcr G\u00e4ste befinden sich im Hof \u200b\u200bdes Hauses.<\/p>\n","protected":false},"featured_media":28762,"template":"","meta":{"_acf_changed":false},"product_brand":[],"product_cat":[148],"product_tag":[],"class_list":{"0":"post-52091","1":"product","2":"type-product","3":"status-publish","4":"has-post-thumbnail","6":"product_cat-ferienhaus-villa","8":"first","9":"instock","10":"sold-individually","11":"shipping-taxable","12":"purchasable","13":"product-type-phive_booking"},"acf":[],"_links":{"self":[{"href":"https:\/\/murter-online.com\/de\/wp-json\/wp\/v2\/product\/52091","targetHints":{"allow":["GET"]}}],"collection":[{"href":"https:\/\/murter-online.com\/de\/wp-json\/wp\/v2\/product"}],"about":[{"href":"https:\/\/murter-online.com\/de\/wp-json\/wp\/v2\/types\/product"}],"wp:featuredmedia":[{"embeddable":true,"href":"https:\/\/murter-online.com\/de\/wp-json\/wp\/v2\/media\/28762"}],"wp:attachment":[{"href":"https:\/\/murter-online.com\/de\/wp-json\/wp\/v2\/media?parent=52091"}],"wp:term":[{"taxonomy":"product_brand","embeddable":true,"href":"https:\/\/murter-online.com\/de\/wp-json\/wp\/v2\/product_brand?post=52091"},{"taxonomy":"product_cat","embeddable":true,"href":"https:\/\/murter-online.com\/de\/wp-json\/wp\/v2\/product_cat?post=52091"},{"taxonomy":"product_tag","embeddable":true,"href":"https:\/\/murter-online.com\/de\/wp-json\/wp\/v2\/product_tag?post=52091"}],"curies":[{"name":"wp","href":"https:\/\/api.w.org\/{rel}","templated":true}]}}