{"id":52092,"date":"2025-01-05T18:21:14","date_gmt":"2025-01-05T18:21:14","guid":{"rendered":"https:\/\/murter.riot.hr\/?post_type=product&#038;p=52092"},"modified":"2025-04-12T20:03:17","modified_gmt":"2025-04-12T19:03:17","slug":"ferienhaus-murter-altstadt-a84-id-206","status":"publish","type":"product","link":"https:\/\/murter-online.com\/de\/produkt\/ferienhaus-murter-altstadt-a84-id-206\/","title":{"rendered":"Ferienhaus Murter mit hund A8 id 206"},"content":{"rendered":"","protected":false},"excerpt":{"rendered":"<p>Ferienhaus in Murter, Kapazit\u00e4t 10-12 Personen. Das Haus befindet sich in der Altstadt von Murter in der N\u00e4he des Strandes \u010cigra\u0111a. Das Haus verf\u00fcgt \u00fcber ein Apartment mit einem Schlafzimmer, ein Apartment mit zwei Schlafzimmern und zwei Studio-Apartments. Es gibt einen Garten und einen Au\u00dfengrill, der genutzt werden kann. Das Haus besteht aus Erdgeschoss, ersten und zweiten Stock.<\/p>\n","protected":false},"featured_media":28630,"template":"","meta":{"_acf_changed":false},"product_brand":[],"product_cat":[148],"product_tag":[],"class_list":{"0":"post-52092","1":"product","2":"type-product","3":"status-publish","4":"has-post-thumbnail","6":"product_cat-ferienhaus-villa","8":"first","9":"instock","10":"sold-individually","11":"shipping-taxable","12":"purchasable","13":"product-type-phive_booking"},"acf":[],"_links":{"self":[{"href":"https:\/\/murter-online.com\/de\/wp-json\/wp\/v2\/product\/52092","targetHints":{"allow":["GET"]}}],"collection":[{"href":"https:\/\/murter-online.com\/de\/wp-json\/wp\/v2\/product"}],"about":[{"href":"https:\/\/murter-online.com\/de\/wp-json\/wp\/v2\/types\/product"}],"wp:featuredmedia":[{"embeddable":true,"href":"https:\/\/murter-online.com\/de\/wp-json\/wp\/v2\/media\/28630"}],"wp:attachment":[{"href":"https:\/\/murter-online.com\/de\/wp-json\/wp\/v2\/media?parent=52092"}],"wp:term":[{"taxonomy":"product_brand","embeddable":true,"href":"https:\/\/murter-online.com\/de\/wp-json\/wp\/v2\/product_brand?post=52092"},{"taxonomy":"product_cat","embeddable":true,"href":"https:\/\/murter-online.com\/de\/wp-json\/wp\/v2\/product_cat?post=52092"},{"taxonomy":"product_tag","embeddable":true,"href":"https:\/\/murter-online.com\/de\/wp-json\/wp\/v2\/product_tag?post=52092"}],"curies":[{"name":"wp","href":"https:\/\/api.w.org\/{rel}","templated":true}]}}