{"id":52093,"date":"2025-01-05T17:53:00","date_gmt":"2025-01-05T17:53:00","guid":{"rendered":"https:\/\/murter.riot.hr\/?post_type=product&#038;p=52093"},"modified":"2025-09-30T16:33:04","modified_gmt":"2025-09-30T15:33:04","slug":"ferienhaus-murter-a61-id-314","status":"publish","type":"product","link":"https:\/\/murter-online.com\/de\/produkt\/ferienhaus-murter-a61-id-314\/","title":{"rendered":"Ferienhaus Murter A6+1 ID 314"},"content":{"rendered":"","protected":false},"excerpt":{"rendered":"<p>Ein wundersch\u00f6nes Einfamilienhaus mit Galerie befindet sich in toller Lage, nahe dem Stadtstrand Luke und dem Sandstrand Podvr\u0161ke. Zum ersten Gesch\u00e4ft, Kinderpark und Caf\u00e9 sind es nur 150 Meter. Das Haus verf\u00fcgt \u00fcber 3 Schlafzimmer, in denen 6 Erwachsene schlafen k\u00f6nnen. Im Wohnzimmer gibt es eine Couch, die als Zustellbett genutzt werden kann. Im Erdgeschoss gibt es eine K\u00fcche und ein Esszimmer, ein Wohnzimmer mit Fernseher und zwei Schlafzimmer mit Badezimmern. Die Galerie ist \u00fcber eine Treppe erreichbar. Auf der Galerie befindet sich ein drittes Schlafzimmer mit Bad. Vor dem Haus befindet sich eine Terrasse. Das Apartment verf\u00fcgt \u00fcber einen Backofen, einen K\u00fchlschrank, einen Wasserkocher und kostenfreies WLAN. Die K\u00fcche ist komplett ausgestattet. F\u00fcr Apartmentg\u00e4ste stehen im Hof \u200b\u200bkostenfreie Parkpl\u00e4tze zur Verf\u00fcgung. Im Hof \u200b\u200bbefindet sich ein Grill, der kostenfrei genutzt werden kann.<span class=\"Y2IQFc\" lang=\"de\">Die Reinigungsgeb\u00fchr betr\u00e4gt 100 Euro.<\/span><\/p>\n","protected":false},"featured_media":28422,"template":"","meta":{"_acf_changed":false},"product_brand":[],"product_cat":[148],"product_tag":[],"class_list":{"0":"post-52093","1":"product","2":"type-product","3":"status-publish","4":"has-post-thumbnail","6":"product_cat-ferienhaus-villa","8":"first","9":"instock","10":"sold-individually","11":"shipping-taxable","12":"purchasable","13":"product-type-phive_booking"},"acf":[],"_links":{"self":[{"href":"https:\/\/murter-online.com\/de\/wp-json\/wp\/v2\/product\/52093","targetHints":{"allow":["GET"]}}],"collection":[{"href":"https:\/\/murter-online.com\/de\/wp-json\/wp\/v2\/product"}],"about":[{"href":"https:\/\/murter-online.com\/de\/wp-json\/wp\/v2\/types\/product"}],"wp:featuredmedia":[{"embeddable":true,"href":"https:\/\/murter-online.com\/de\/wp-json\/wp\/v2\/media\/28422"}],"wp:attachment":[{"href":"https:\/\/murter-online.com\/de\/wp-json\/wp\/v2\/media?parent=52093"}],"wp:term":[{"taxonomy":"product_brand","embeddable":true,"href":"https:\/\/murter-online.com\/de\/wp-json\/wp\/v2\/product_brand?post=52093"},{"taxonomy":"product_cat","embeddable":true,"href":"https:\/\/murter-online.com\/de\/wp-json\/wp\/v2\/product_cat?post=52093"},{"taxonomy":"product_tag","embeddable":true,"href":"https:\/\/murter-online.com\/de\/wp-json\/wp\/v2\/product_tag?post=52093"}],"curies":[{"name":"wp","href":"https:\/\/api.w.org\/{rel}","templated":true}]}}