{"id":52094,"date":"2025-01-05T17:43:53","date_gmt":"2025-01-05T17:43:53","guid":{"rendered":"https:\/\/murter.riot.hr\/?post_type=product&#038;p=52094"},"modified":"2025-03-29T18:50:28","modified_gmt":"2025-03-29T17:50:28","slug":"ferienhaus-in-murter-a42-id-281","status":"publish","type":"product","link":"https:\/\/murter-online.com\/de\/produkt\/ferienhaus-in-murter-a42-id-281\/","title":{"rendered":"Steinferienhaus Murter A4+2 ID 281"},"content":{"rendered":"","protected":false},"excerpt":{"rendered":"<p>Das Ferienhaus f\u00fcr 4+2 Personen liegt in der Altstadt von Murter. Das Haus besteht aus Erdgeschoss, erstem, zweitem und drittem Stock. Die Schlafzimmer befinden sich im ersten und zweiten Stock des Hauses. Im Erdgeschoss des Hauses gibt es ein Zustellbett (Couch), das zum Schlafen genutzt werden kann. Das Haus verf\u00fcgt \u00fcber drei Terrassen, eine Terrasse befindet sich im Erdgeschoss, die zweite Terrasse befindet sich im ersten Stock und die dritte mit wundersch\u00f6nem Panoramablick auf das Meer befindet sich im dritten Stock des Hauses. Das Badezimmer und die Toilette befinden sich im Erdgeschoss des Hauses. Das Haus ist mit einer Waschmaschine, einem Geschirrsp\u00fcler, WLAN-Internet und einer Klimaanlage ausgestattet. Die K\u00fcche ist komplett ausgestattet. Der Parkplatz f\u00fcr 2 Autos ist f\u00fcr G\u00e4ste kostenlos und befindet sich etwa 100 Meter vom Haus entfernt.<\/p>\n","protected":false},"featured_media":28026,"template":"","meta":{"_acf_changed":false},"product_brand":[],"product_cat":[148],"product_tag":[],"class_list":{"0":"post-52094","1":"product","2":"type-product","3":"status-publish","4":"has-post-thumbnail","6":"product_cat-ferienhaus-villa","8":"first","9":"instock","10":"sold-individually","11":"shipping-taxable","12":"purchasable","13":"product-type-phive_booking"},"acf":[],"_links":{"self":[{"href":"https:\/\/murter-online.com\/de\/wp-json\/wp\/v2\/product\/52094","targetHints":{"allow":["GET"]}}],"collection":[{"href":"https:\/\/murter-online.com\/de\/wp-json\/wp\/v2\/product"}],"about":[{"href":"https:\/\/murter-online.com\/de\/wp-json\/wp\/v2\/types\/product"}],"wp:featuredmedia":[{"embeddable":true,"href":"https:\/\/murter-online.com\/de\/wp-json\/wp\/v2\/media\/28026"}],"wp:attachment":[{"href":"https:\/\/murter-online.com\/de\/wp-json\/wp\/v2\/media?parent=52094"}],"wp:term":[{"taxonomy":"product_brand","embeddable":true,"href":"https:\/\/murter-online.com\/de\/wp-json\/wp\/v2\/product_brand?post=52094"},{"taxonomy":"product_cat","embeddable":true,"href":"https:\/\/murter-online.com\/de\/wp-json\/wp\/v2\/product_cat?post=52094"},{"taxonomy":"product_tag","embeddable":true,"href":"https:\/\/murter-online.com\/de\/wp-json\/wp\/v2\/product_tag?post=52094"}],"curies":[{"name":"wp","href":"https:\/\/api.w.org\/{rel}","templated":true}]}}