{"id":52095,"date":"2025-01-05T17:28:58","date_gmt":"2025-01-05T17:28:58","guid":{"rendered":"https:\/\/murter.riot.hr\/?post_type=product&#038;p=52095"},"modified":"2025-03-29T18:10:52","modified_gmt":"2025-03-29T17:10:52","slug":"fischerhaus-kornati-vrulje-a-62-id-322","status":"publish","type":"product","link":"https:\/\/murter-online.com\/de\/produkt\/fischerhaus-kornati-vrulje-a-62-id-322\/","title":{"rendered":"Ferienwohnung fischerhaus Kornati Bucht Vrulje A 6+2 ID 322"},"content":{"rendered":"","protected":false},"excerpt":{"rendered":"<p>Das Haus liegt in der Bucht von Vrulje, die im Herzen des Kornati-Nationalparks liegt. Es ist ein idealer Ort f\u00fcr einen Jahresurlaub und eine einzigartige Gelegenheit zum Entspannen und Entdecken von Buchten und wilden Str\u00e4nden in unber\u00fchrter Natur. Das Haus liegt 20 Meter vom Meer entfernt und verf\u00fcgt \u00fcber 2 Zimmer, n\u00e4mlich ein Zimmer mit einem Doppelbett und einen hohen Dachboden mit 2 Doppelbetten und zwei kleineren Betten f\u00fcr jeweils eine Person. Das Haus bietet Unterkunft f\u00fcr 5 bis 8 Personen. Im Erdgeschoss befindet sich eine gro\u00dfe \u00fcberdachte Terrasse. Die K\u00fcche ist komplett ausgestattet, auf der gleichen Etage gibt es ein Badezimmer und ein Wohnzimmer mit Fernseher. Wenn G\u00e4ste mit ihrem eigenen Boot anreisen, steht ihnen ein Liegeplatz f\u00fcr das Boot zur Verf\u00fcgung. Wenn G\u00e4ste das Boot nicht nutzen, gelangen sie mit einem organisierten Transfer von Murter zum Veranstaltungsort.<\/p>\n","protected":false},"featured_media":27882,"template":"","meta":{"_acf_changed":false},"product_brand":[],"product_cat":[149],"product_tag":[],"class_list":{"0":"post-52095","1":"product","2":"type-product","3":"status-publish","4":"has-post-thumbnail","6":"product_cat-fischerhaus-robinson","8":"first","9":"instock","10":"sold-individually","11":"shipping-taxable","12":"purchasable","13":"product-type-phive_booking"},"acf":[],"_links":{"self":[{"href":"https:\/\/murter-online.com\/de\/wp-json\/wp\/v2\/product\/52095","targetHints":{"allow":["GET"]}}],"collection":[{"href":"https:\/\/murter-online.com\/de\/wp-json\/wp\/v2\/product"}],"about":[{"href":"https:\/\/murter-online.com\/de\/wp-json\/wp\/v2\/types\/product"}],"wp:featuredmedia":[{"embeddable":true,"href":"https:\/\/murter-online.com\/de\/wp-json\/wp\/v2\/media\/27882"}],"wp:attachment":[{"href":"https:\/\/murter-online.com\/de\/wp-json\/wp\/v2\/media?parent=52095"}],"wp:term":[{"taxonomy":"product_brand","embeddable":true,"href":"https:\/\/murter-online.com\/de\/wp-json\/wp\/v2\/product_brand?post=52095"},{"taxonomy":"product_cat","embeddable":true,"href":"https:\/\/murter-online.com\/de\/wp-json\/wp\/v2\/product_cat?post=52095"},{"taxonomy":"product_tag","embeddable":true,"href":"https:\/\/murter-online.com\/de\/wp-json\/wp\/v2\/product_tag?post=52095"}],"curies":[{"name":"wp","href":"https:\/\/api.w.org\/{rel}","templated":true}]}}