{"id":52096,"date":"2025-01-05T17:21:10","date_gmt":"2025-01-05T17:21:10","guid":{"rendered":"https:\/\/murter.riot.hr\/?post_type=product&#038;p=52096"},"modified":"2025-03-29T14:59:42","modified_gmt":"2025-03-29T13:59:42","slug":"dalmatinische-steinvilla-in-betina-insel-murter-a12-id-268","status":"publish","type":"product","link":"https:\/\/murter-online.com\/de\/produkt\/dalmatinische-steinvilla-in-betina-insel-murter-a12-id-268\/","title":{"rendered":"Steinferienhaus in Betina &#8211; Insel Murter A12 ID 268"},"content":{"rendered":"","protected":false},"excerpt":{"rendered":"<p>Das renovierte autochthone Steinhaus mit einer Unterkunftskapazit\u00e4t f\u00fcr bis zu 12 Personen ist als Villa mit zwei separaten Einheiten mit einem gemeinsamen Hof konzipiert, wobei jede Einheit einen eigenen Eingang hat, was es ideal f\u00fcr gro\u00dfe Familien oder Gruppen von mehreren Paaren macht. Jede Einheit verf\u00fcgt \u00fcber eine eigene K\u00fcche, Bad und WC und Schlafzimmer, und in jeder k\u00f6nnen Sie Ihre eigene Ruhe oder eine Ecke f\u00fcr sich haben und gleichzeitig einen gemeinsamen Urlaub mit Familie oder Freunden genie\u00dfen. Die Villa befindet sich in Betina, 400 m vom Strand Bilava und 800 m vom Strand Zdra\u010de entfernt und bietet klimatisierte Unterk\u00fcnfte mit einem Balkon und kostenfreiem WLAN. Diese Unterkunft bietet eine Terrasse mit Meerblick. Die Villa verf\u00fcgt \u00fcber 4 Schlafzimmer, 3 Badezimmer, Bettw\u00e4sche, Handt\u00fccher, Flachbildfernseher, Esszimmer, voll ausgestattete K\u00fcche und eine Terrasse mit Blick auf die Stadt. Der Strand von Kolentum liegt 2 km von der Villa entfernt und das Rathaus von \u0160ibenik erreichen Sie nach 32 km. Der n\u00e4chste Flughafen ist der 73 km von dieser Villa entfernte Flughafen Zadar.<\/p>\n","protected":false},"featured_media":27634,"template":"","meta":{"_acf_changed":false},"product_brand":[],"product_cat":[148],"product_tag":[],"class_list":{"0":"post-52096","1":"product","2":"type-product","3":"status-publish","4":"has-post-thumbnail","6":"product_cat-ferienhaus-villa","8":"first","9":"instock","10":"sold-individually","11":"shipping-taxable","12":"purchasable","13":"product-type-phive_booking"},"acf":[],"_links":{"self":[{"href":"https:\/\/murter-online.com\/de\/wp-json\/wp\/v2\/product\/52096","targetHints":{"allow":["GET"]}}],"collection":[{"href":"https:\/\/murter-online.com\/de\/wp-json\/wp\/v2\/product"}],"about":[{"href":"https:\/\/murter-online.com\/de\/wp-json\/wp\/v2\/types\/product"}],"wp:featuredmedia":[{"embeddable":true,"href":"https:\/\/murter-online.com\/de\/wp-json\/wp\/v2\/media\/27634"}],"wp:attachment":[{"href":"https:\/\/murter-online.com\/de\/wp-json\/wp\/v2\/media?parent=52096"}],"wp:term":[{"taxonomy":"product_brand","embeddable":true,"href":"https:\/\/murter-online.com\/de\/wp-json\/wp\/v2\/product_brand?post=52096"},{"taxonomy":"product_cat","embeddable":true,"href":"https:\/\/murter-online.com\/de\/wp-json\/wp\/v2\/product_cat?post=52096"},{"taxonomy":"product_tag","embeddable":true,"href":"https:\/\/murter-online.com\/de\/wp-json\/wp\/v2\/product_tag?post=52096"}],"curies":[{"name":"wp","href":"https:\/\/api.w.org\/{rel}","templated":true}]}}