{"id":52097,"date":"2025-01-05T14:55:29","date_gmt":"2025-01-05T14:55:29","guid":{"rendered":"https:\/\/murter.riot.hr\/?post_type=product&#038;p=52097"},"modified":"2025-03-29T14:35:59","modified_gmt":"2025-03-29T13:35:59","slug":"dalmatinisches-steinhaus-mit-pool-in-jezera-insel-murter-a8-id-225","status":"publish","type":"product","link":"https:\/\/murter-online.com\/de\/produkt\/dalmatinisches-steinhaus-mit-pool-in-jezera-insel-murter-a8-id-225\/","title":{"rendered":"Steinferienhaus mit Au\u00dfenpool  in Jezera &#8211; Insel Murter A8 ID 225"},"content":{"rendered":"","protected":false},"excerpt":{"rendered":"<p>Authentisches dalmatinisches Steinhaus mit Pool und sch\u00f6nem Garten in ruhiger und friedlicher Lage. Das Haus liegt in Jezera auf der Insel Murter. Das Haus verf\u00fcgt \u00fcber 4 Schlafzimmer, in denen 8 Erwachsene schlafen k\u00f6nnen. Es gibt 4 Badezimmer, einen gro\u00dfen Garten im nat\u00fcrlichen Schatten, Swimmingpool und Poolbereich mit M\u00f6beln, Grill und kostenlose Parkpl\u00e4tze. Das Haus verf\u00fcgt \u00fcber eine Waschmaschine und einen Geschirrsp\u00fcler, die K\u00fcche ist komplett ausgestattet.<\/p>\n","protected":false},"featured_media":27298,"template":"","meta":{"_acf_changed":false},"product_brand":[],"product_cat":[148],"product_tag":[],"class_list":{"0":"post-52097","1":"product","2":"type-product","3":"status-publish","4":"has-post-thumbnail","6":"product_cat-ferienhaus-villa","8":"first","9":"instock","10":"sold-individually","11":"shipping-taxable","12":"purchasable","13":"product-type-phive_booking"},"acf":[],"_links":{"self":[{"href":"https:\/\/murter-online.com\/de\/wp-json\/wp\/v2\/product\/52097","targetHints":{"allow":["GET"]}}],"collection":[{"href":"https:\/\/murter-online.com\/de\/wp-json\/wp\/v2\/product"}],"about":[{"href":"https:\/\/murter-online.com\/de\/wp-json\/wp\/v2\/types\/product"}],"wp:featuredmedia":[{"embeddable":true,"href":"https:\/\/murter-online.com\/de\/wp-json\/wp\/v2\/media\/27298"}],"wp:attachment":[{"href":"https:\/\/murter-online.com\/de\/wp-json\/wp\/v2\/media?parent=52097"}],"wp:term":[{"taxonomy":"product_brand","embeddable":true,"href":"https:\/\/murter-online.com\/de\/wp-json\/wp\/v2\/product_brand?post=52097"},{"taxonomy":"product_cat","embeddable":true,"href":"https:\/\/murter-online.com\/de\/wp-json\/wp\/v2\/product_cat?post=52097"},{"taxonomy":"product_tag","embeddable":true,"href":"https:\/\/murter-online.com\/de\/wp-json\/wp\/v2\/product_tag?post=52097"}],"curies":[{"name":"wp","href":"https:\/\/api.w.org\/{rel}","templated":true}]}}