{"id":52098,"date":"2025-01-03T15:52:22","date_gmt":"2025-01-03T15:52:22","guid":{"rendered":"https:\/\/murter.riot.hr\/?post_type=product&#038;p=52098"},"modified":"2025-03-29T19:17:48","modified_gmt":"2025-03-29T18:17:48","slug":"haus-am-meer-murter-betina-a51","status":"publish","type":"product","link":"https:\/\/murter-online.com\/de\/produkt\/haus-am-meer-murter-betina-a51\/","title":{"rendered":"Ferienh\u00e4user am Meer Murter &#8211; Betina A5+1"},"content":{"rendered":"","protected":false},"excerpt":{"rendered":"<p>Ferienwohnung Adriatic A5+1 mit ein sch\u00f6nen Meerblick befindet sich in ausgezeichnete Lage, nur 20m. vom Meer entfernt. Die Ferienwohnung hat eine Fl\u00e4che von 80 m2. Diese Ferienwohnung verf\u00fcgt \u00fcber drei Schlafzimmern wo 5 Erwachsene schlafen k\u00f6nnen. Es gibt einen kostenlosen Parkplatz. Es gibt eine Badezimmer mit Dusche . Die Ferienwohnung ist ausgestattet mit Fernseher, Backofen, kostenlosen WiFi Internetanschluss, Waschmaschine ausgestattet. Balkon\/Terrasse ist 30 m2 gro\u00df. , hat ein Wohnzimmer. Befindet sich im Erdgeschoss. Haustiere &#8211; nach Absprache. Die FeWo ist 1500m. weit vom Zentrum und ca. 20m. weit vom Meer oder dem ersten Strand in Betina.<\/p>\n","protected":false},"featured_media":23322,"template":"","meta":{"_acf_changed":false},"product_brand":[],"product_cat":[148],"product_tag":[],"class_list":{"0":"post-52098","1":"product","2":"type-product","3":"status-publish","4":"has-post-thumbnail","6":"product_cat-ferienhaus-villa","8":"first","9":"instock","10":"sold-individually","11":"shipping-taxable","12":"purchasable","13":"product-type-phive_booking"},"acf":[],"_links":{"self":[{"href":"https:\/\/murter-online.com\/de\/wp-json\/wp\/v2\/product\/52098","targetHints":{"allow":["GET"]}}],"collection":[{"href":"https:\/\/murter-online.com\/de\/wp-json\/wp\/v2\/product"}],"about":[{"href":"https:\/\/murter-online.com\/de\/wp-json\/wp\/v2\/types\/product"}],"wp:featuredmedia":[{"embeddable":true,"href":"https:\/\/murter-online.com\/de\/wp-json\/wp\/v2\/media\/23322"}],"wp:attachment":[{"href":"https:\/\/murter-online.com\/de\/wp-json\/wp\/v2\/media?parent=52098"}],"wp:term":[{"taxonomy":"product_brand","embeddable":true,"href":"https:\/\/murter-online.com\/de\/wp-json\/wp\/v2\/product_brand?post=52098"},{"taxonomy":"product_cat","embeddable":true,"href":"https:\/\/murter-online.com\/de\/wp-json\/wp\/v2\/product_cat?post=52098"},{"taxonomy":"product_tag","embeddable":true,"href":"https:\/\/murter-online.com\/de\/wp-json\/wp\/v2\/product_tag?post=52098"}],"curies":[{"name":"wp","href":"https:\/\/api.w.org\/{rel}","templated":true}]}}