{"id":52120,"date":"2025-01-05T13:35:07","date_gmt":"2025-01-05T13:35:07","guid":{"rendered":"https:\/\/murter.riot.hr\/?post_type=product&#038;p=52120"},"modified":"2025-04-16T19:53:28","modified_gmt":"2025-04-16T18:53:28","slug":"haus-anita-ferienwohnung-murter-harbor-a21-id-68","status":"publish","type":"product","link":"https:\/\/murter-online.com\/de\/produkt\/haus-anita-ferienwohnung-murter-harbor-a21-id-68\/","title":{"rendered":"Ferienwohnung Murter Meerblick Harbor A2+1 ID 68"},"content":{"rendered":"","protected":false},"excerpt":{"rendered":"<p>Die Wohnung befindet sich in einer gro\u00dfartigen Lage, nur 300 Meter vom Strand entfernt. Die Wohnung hat eine Fl\u00e4che von 30 m2. Es hat ein Schlafzimmer f\u00fcr 2 Erwachsene. Es hat ein Wohnzimmer, das zum Schlafen genutzt werden kann &#8211; Es hat ein Zustellbett f\u00fcr eine Person. Es hat ein Badezimmer mit Dusche. Balkon \/ Terrasse ist 10 m2. Die Wohnung befindet sich im ersten Stock. Die Wohnung ist mit TV, Klimaanlage ausgestattet. Es gibt einen Au\u00dfengrill, der benutzt werden kann.Die Kosten f\u00fcr Parkticket und Wohnungsreinigung werden mit 50 Euro zus\u00e4tzlich berechnet.<\/p>\n","protected":false},"featured_media":26090,"template":"","meta":{"_acf_changed":false},"product_brand":[],"product_cat":[144,130,142],"product_tag":[],"class_list":{"0":"post-52120","1":"product","2":"type-product","3":"status-publish","4":"has-post-thumbnail","6":"product_cat-familien-ferienwohnung","7":"product_cat-ferienwohnungen","8":"product_cat-ferienwohnungen-mit-meerblick","10":"first","11":"instock","12":"sold-individually","13":"shipping-taxable","14":"purchasable","15":"product-type-phive_booking"},"acf":[],"_links":{"self":[{"href":"https:\/\/murter-online.com\/de\/wp-json\/wp\/v2\/product\/52120","targetHints":{"allow":["GET"]}}],"collection":[{"href":"https:\/\/murter-online.com\/de\/wp-json\/wp\/v2\/product"}],"about":[{"href":"https:\/\/murter-online.com\/de\/wp-json\/wp\/v2\/types\/product"}],"wp:featuredmedia":[{"embeddable":true,"href":"https:\/\/murter-online.com\/de\/wp-json\/wp\/v2\/media\/26090"}],"wp:attachment":[{"href":"https:\/\/murter-online.com\/de\/wp-json\/wp\/v2\/media?parent=52120"}],"wp:term":[{"taxonomy":"product_brand","embeddable":true,"href":"https:\/\/murter-online.com\/de\/wp-json\/wp\/v2\/product_brand?post=52120"},{"taxonomy":"product_cat","embeddable":true,"href":"https:\/\/murter-online.com\/de\/wp-json\/wp\/v2\/product_cat?post=52120"},{"taxonomy":"product_tag","embeddable":true,"href":"https:\/\/murter-online.com\/de\/wp-json\/wp\/v2\/product_tag?post=52120"}],"curies":[{"name":"wp","href":"https:\/\/api.w.org\/{rel}","templated":true}]}}