{"id":52134,"date":"2025-01-05T14:09:51","date_gmt":"2025-01-05T14:09:51","guid":{"rendered":"https:\/\/murter.riot.hr\/?post_type=product&#038;p=52134"},"modified":"2025-04-14T10:00:25","modified_gmt":"2025-04-14T09:00:25","slug":"ferienwohnung-murter-jersani-sea-view-a21-id-204","status":"publish","type":"product","link":"https:\/\/murter-online.com\/de\/produkt\/ferienwohnung-murter-jersani-sea-view-a21-id-204\/","title":{"rendered":"Ferienwohnung mit bootsliegeplatz Murter Jersani A2+1 ID 204"},"content":{"rendered":"","protected":false},"excerpt":{"rendered":"<div align=\"center\">\n<div class=\"max_width\" align=\"left\">\n<div>\n<div>Wohnung in Murter in toller Lage! Nur 100 Meter vom Meer entfernt. Die Wohnung hat ein Schlafzimmer, in dem zwei Erwachsene schlafen k\u00f6nnen, hat ein Zustellbett im Wohnzimmer, das zum Schlafen genutzt werden kann. Die K\u00fcche ist komplett ausgestattet. Das Apartment verf\u00fcgt \u00fcber eine private Anlegestelle und einen Liegeplatz f\u00fcr ein Boot gegen Aufpreis. Die Wohnung befindet sich in der N\u00e4he des Sandstrandes Podvr\u0161ke und des \u00f6rtlichen Strandes Luke. F\u00fcr die G\u00e4ste der Wohnung steht ein kostenloser Parkplatz f\u00fcr ein Auto vor dem Haus zur Verf\u00fcgung. Es gibt einen Au\u00dfengrill, der genutzt werden kann. Haustiere sind nicht erlaubt.<\/div>\n<\/div>\n<\/div>\n<\/div>\n<div align=\"center\"><\/div>\n","protected":false},"featured_media":26774,"template":"","meta":{"_acf_changed":false},"product_brand":[],"product_cat":[144,145,142],"product_tag":[],"class_list":{"0":"post-52134","1":"product","2":"type-product","3":"status-publish","4":"has-post-thumbnail","6":"product_cat-familien-ferienwohnung","7":"product_cat-ferienwohnungen-mit-bootsliegeplatz","8":"product_cat-ferienwohnungen-mit-meerblick","10":"first","11":"instock","12":"sold-individually","13":"shipping-taxable","14":"purchasable","15":"product-type-phive_booking"},"acf":[],"_links":{"self":[{"href":"https:\/\/murter-online.com\/de\/wp-json\/wp\/v2\/product\/52134","targetHints":{"allow":["GET"]}}],"collection":[{"href":"https:\/\/murter-online.com\/de\/wp-json\/wp\/v2\/product"}],"about":[{"href":"https:\/\/murter-online.com\/de\/wp-json\/wp\/v2\/types\/product"}],"wp:featuredmedia":[{"embeddable":true,"href":"https:\/\/murter-online.com\/de\/wp-json\/wp\/v2\/media\/26774"}],"wp:attachment":[{"href":"https:\/\/murter-online.com\/de\/wp-json\/wp\/v2\/media?parent=52134"}],"wp:term":[{"taxonomy":"product_brand","embeddable":true,"href":"https:\/\/murter-online.com\/de\/wp-json\/wp\/v2\/product_brand?post=52134"},{"taxonomy":"product_cat","embeddable":true,"href":"https:\/\/murter-online.com\/de\/wp-json\/wp\/v2\/product_cat?post=52134"},{"taxonomy":"product_tag","embeddable":true,"href":"https:\/\/murter-online.com\/de\/wp-json\/wp\/v2\/product_tag?post=52134"}],"curies":[{"name":"wp","href":"https:\/\/api.w.org\/{rel}","templated":true}]}}